{"id":596,"date":"2024-11-12T09:00:34","date_gmt":"2024-11-12T12:00:34","guid":{"rendered":"https:\/\/castle-global.com\/uy\/?post_type=product&#038;p=596"},"modified":"2024-11-13T10:09:19","modified_gmt":"2024-11-13T13:09:19","slug":"embalaje-termocontraible","status":"publish","type":"product","link":"https:\/\/castle-global.com\/uy\/catalogo\/embalajes-en-general\/embalaje-termocontraible\/","title":{"rendered":"Embalaje Termocontraible"},"content":{"rendered":"<p><strong>Aplicaciones:<\/strong> uso general en embalajes.<\/p>\n<p>El embalaje o cerrado de empaques con film termocontra\u00edble permite, a trav\u00e9s de una fina pel\u00edcula pl\u00e1stica cristalina pero muy resistente, proteger productos de la humedad, suciedad y la manipulaci\u00f3n. Consult\u00e1 por medidas especiales!<\/p>\n","protected":false},"excerpt":{"rendered":"<p>L\u00e1minas, tubos con y sin fuelle, tubos abiertos a un lado, fundas o bolsas. Con o sin impresi\u00f3n de tu logo.<br \/>\nFilm termocontraible de PP lisa o impresa.<\/p>\n","protected":false},"featured_media":645,"template":"","meta":[],"product_brand":[],"product_cat":[27],"product_tag":[78],"class_list":{"0":"post-596","1":"product","2":"type-product","3":"status-publish","4":"has-post-thumbnail","6":"product_cat-embalajes-en-general","7":"product_tag-embalaje-termocontraible","9":"first","10":"instock","11":"shipping-taxable","12":"purchasable","13":"product-type-simple"},"yoast_head":"<!-- This site is optimized with the Yoast SEO plugin v26.5 - https:\/\/yoast.com\/wordpress\/plugins\/seo\/ -->\n<title>Embalaje Termocontraible - Castle Global UY<\/title>\n<meta name=\"robots\" content=\"index, follow, max-snippet:-1, max-image-preview:large, max-video-preview:-1\" \/>\n<link rel=\"canonical\" href=\"https:\/\/castle-global.com\/uy\/catalogo\/embalajes-en-general\/embalaje-termocontraible\/\" \/>\n<meta property=\"og:locale\" content=\"es_ES\" \/>\n<meta property=\"og:type\" content=\"article\" \/>\n<meta property=\"og:title\" content=\"Embalaje Termocontraible - Castle Global UY\" \/>\n<meta property=\"og:description\" content=\"L\u00e1minas, tubos con y sin fuelle, tubos abiertos a un lado, fundas o bolsas. Con o sin impresi\u00f3n de tu logo. Film termocontraible de PP lisa o impresa.\" \/>\n<meta property=\"og:url\" content=\"https:\/\/castle-global.com\/uy\/catalogo\/embalajes-en-general\/embalaje-termocontraible\/\" \/>\n<meta property=\"og:site_name\" content=\"Castle Global UY\" \/>\n<meta property=\"article:modified_time\" content=\"2024-11-13T13:09:19+00:00\" \/>\n<meta property=\"og:image\" content=\"https:\/\/castle-global.com\/uy\/wp-content\/uploads\/sites\/3\/2024\/11\/termocontraible.jpg\" \/>\n\t<meta property=\"og:image:width\" content=\"768\" \/>\n\t<meta property=\"og:image:height\" content=\"768\" \/>\n\t<meta property=\"og:image:type\" content=\"image\/jpeg\" \/>\n<meta name=\"twitter:card\" content=\"summary_large_image\" \/>\n<script type=\"application\/ld+json\" class=\"yoast-schema-graph\">{\"@context\":\"https:\/\/schema.org\",\"@graph\":[{\"@type\":\"WebPage\",\"@id\":\"https:\/\/castle-global.com\/uy\/catalogo\/embalajes-en-general\/embalaje-termocontraible\/\",\"url\":\"https:\/\/castle-global.com\/uy\/catalogo\/embalajes-en-general\/embalaje-termocontraible\/\",\"name\":\"Embalaje Termocontraible - Castle Global UY\",\"isPartOf\":{\"@id\":\"https:\/\/castle-global.com\/uy\/#website\"},\"primaryImageOfPage\":{\"@id\":\"https:\/\/castle-global.com\/uy\/catalogo\/embalajes-en-general\/embalaje-termocontraible\/#primaryimage\"},\"image\":{\"@id\":\"https:\/\/castle-global.com\/uy\/catalogo\/embalajes-en-general\/embalaje-termocontraible\/#primaryimage\"},\"thumbnailUrl\":\"https:\/\/castle-global.com\/uy\/wp-content\/uploads\/sites\/3\/2024\/11\/termocontraible.jpg\",\"datePublished\":\"2024-11-12T12:00:34+00:00\",\"dateModified\":\"2024-11-13T13:09:19+00:00\",\"breadcrumb\":{\"@id\":\"https:\/\/castle-global.com\/uy\/catalogo\/embalajes-en-general\/embalaje-termocontraible\/#breadcrumb\"},\"inLanguage\":\"es-AR\",\"potentialAction\":[{\"@type\":\"ReadAction\",\"target\":[\"https:\/\/castle-global.com\/uy\/catalogo\/embalajes-en-general\/embalaje-termocontraible\/\"]}]},{\"@type\":\"ImageObject\",\"inLanguage\":\"es-AR\",\"@id\":\"https:\/\/castle-global.com\/uy\/catalogo\/embalajes-en-general\/embalaje-termocontraible\/#primaryimage\",\"url\":\"https:\/\/castle-global.com\/uy\/wp-content\/uploads\/sites\/3\/2024\/11\/termocontraible.jpg\",\"contentUrl\":\"https:\/\/castle-global.com\/uy\/wp-content\/uploads\/sites\/3\/2024\/11\/termocontraible.jpg\",\"width\":768,\"height\":768},{\"@type\":\"BreadcrumbList\",\"@id\":\"https:\/\/castle-global.com\/uy\/catalogo\/embalajes-en-general\/embalaje-termocontraible\/#breadcrumb\",\"itemListElement\":[{\"@type\":\"ListItem\",\"position\":1,\"name\":\"Inicio\",\"item\":\"https:\/\/castle-global.com\/uy\/\"},{\"@type\":\"ListItem\",\"position\":2,\"name\":\"Cat\u00e1logo\",\"item\":\"https:\/\/castle-global.com\/uy\/catalogo\/\"},{\"@type\":\"ListItem\",\"position\":3,\"name\":\"Embalaje Termocontraible\"}]},{\"@type\":\"WebSite\",\"@id\":\"https:\/\/castle-global.com\/uy\/#website\",\"url\":\"https:\/\/castle-global.com\/uy\/\",\"name\":\"Castle Global UY\",\"description\":\"Soluciones de embalaje\",\"potentialAction\":[{\"@type\":\"SearchAction\",\"target\":{\"@type\":\"EntryPoint\",\"urlTemplate\":\"https:\/\/castle-global.com\/uy\/?s={search_term_string}\"},\"query-input\":{\"@type\":\"PropertyValueSpecification\",\"valueRequired\":true,\"valueName\":\"search_term_string\"}}],\"inLanguage\":\"es-AR\"}]}<\/script>\n<!-- \/ Yoast SEO plugin. -->","yoast_head_json":{"title":"Embalaje Termocontraible - Castle Global UY","robots":{"index":"index","follow":"follow","max-snippet":"max-snippet:-1","max-image-preview":"max-image-preview:large","max-video-preview":"max-video-preview:-1"},"canonical":"https:\/\/castle-global.com\/uy\/catalogo\/embalajes-en-general\/embalaje-termocontraible\/","og_locale":"es_ES","og_type":"article","og_title":"Embalaje Termocontraible - Castle Global UY","og_description":"L\u00e1minas, tubos con y sin fuelle, tubos abiertos a un lado, fundas o bolsas. Con o sin impresi\u00f3n de tu logo. Film termocontraible de PP lisa o impresa.","og_url":"https:\/\/castle-global.com\/uy\/catalogo\/embalajes-en-general\/embalaje-termocontraible\/","og_site_name":"Castle Global UY","article_modified_time":"2024-11-13T13:09:19+00:00","og_image":[{"width":768,"height":768,"url":"https:\/\/castle-global.com\/uy\/wp-content\/uploads\/sites\/3\/2024\/11\/termocontraible.jpg","type":"image\/jpeg"}],"twitter_card":"summary_large_image","schema":{"@context":"https:\/\/schema.org","@graph":[{"@type":"WebPage","@id":"https:\/\/castle-global.com\/uy\/catalogo\/embalajes-en-general\/embalaje-termocontraible\/","url":"https:\/\/castle-global.com\/uy\/catalogo\/embalajes-en-general\/embalaje-termocontraible\/","name":"Embalaje Termocontraible - Castle Global UY","isPartOf":{"@id":"https:\/\/castle-global.com\/uy\/#website"},"primaryImageOfPage":{"@id":"https:\/\/castle-global.com\/uy\/catalogo\/embalajes-en-general\/embalaje-termocontraible\/#primaryimage"},"image":{"@id":"https:\/\/castle-global.com\/uy\/catalogo\/embalajes-en-general\/embalaje-termocontraible\/#primaryimage"},"thumbnailUrl":"https:\/\/castle-global.com\/uy\/wp-content\/uploads\/sites\/3\/2024\/11\/termocontraible.jpg","datePublished":"2024-11-12T12:00:34+00:00","dateModified":"2024-11-13T13:09:19+00:00","breadcrumb":{"@id":"https:\/\/castle-global.com\/uy\/catalogo\/embalajes-en-general\/embalaje-termocontraible\/#breadcrumb"},"inLanguage":"es-AR","potentialAction":[{"@type":"ReadAction","target":["https:\/\/castle-global.com\/uy\/catalogo\/embalajes-en-general\/embalaje-termocontraible\/"]}]},{"@type":"ImageObject","inLanguage":"es-AR","@id":"https:\/\/castle-global.com\/uy\/catalogo\/embalajes-en-general\/embalaje-termocontraible\/#primaryimage","url":"https:\/\/castle-global.com\/uy\/wp-content\/uploads\/sites\/3\/2024\/11\/termocontraible.jpg","contentUrl":"https:\/\/castle-global.com\/uy\/wp-content\/uploads\/sites\/3\/2024\/11\/termocontraible.jpg","width":768,"height":768},{"@type":"BreadcrumbList","@id":"https:\/\/castle-global.com\/uy\/catalogo\/embalajes-en-general\/embalaje-termocontraible\/#breadcrumb","itemListElement":[{"@type":"ListItem","position":1,"name":"Inicio","item":"https:\/\/castle-global.com\/uy\/"},{"@type":"ListItem","position":2,"name":"Cat\u00e1logo","item":"https:\/\/castle-global.com\/uy\/catalogo\/"},{"@type":"ListItem","position":3,"name":"Embalaje Termocontraible"}]},{"@type":"WebSite","@id":"https:\/\/castle-global.com\/uy\/#website","url":"https:\/\/castle-global.com\/uy\/","name":"Castle Global UY","description":"Soluciones de embalaje","potentialAction":[{"@type":"SearchAction","target":{"@type":"EntryPoint","urlTemplate":"https:\/\/castle-global.com\/uy\/?s={search_term_string}"},"query-input":{"@type":"PropertyValueSpecification","valueRequired":true,"valueName":"search_term_string"}}],"inLanguage":"es-AR"}]}},"_links":{"self":[{"href":"https:\/\/castle-global.com\/uy\/wp-json\/wp\/v2\/product\/596","targetHints":{"allow":["GET"]}}],"collection":[{"href":"https:\/\/castle-global.com\/uy\/wp-json\/wp\/v2\/product"}],"about":[{"href":"https:\/\/castle-global.com\/uy\/wp-json\/wp\/v2\/types\/product"}],"wp:featuredmedia":[{"embeddable":true,"href":"https:\/\/castle-global.com\/uy\/wp-json\/wp\/v2\/media\/645"}],"wp:attachment":[{"href":"https:\/\/castle-global.com\/uy\/wp-json\/wp\/v2\/media?parent=596"}],"wp:term":[{"taxonomy":"product_brand","embeddable":true,"href":"https:\/\/castle-global.com\/uy\/wp-json\/wp\/v2\/product_brand?post=596"},{"taxonomy":"product_cat","embeddable":true,"href":"https:\/\/castle-global.com\/uy\/wp-json\/wp\/v2\/product_cat?post=596"},{"taxonomy":"product_tag","embeddable":true,"href":"https:\/\/castle-global.com\/uy\/wp-json\/wp\/v2\/product_tag?post=596"}],"curies":[{"name":"wp","href":"https:\/\/api.w.org\/{rel}","templated":true}]}}