{"id":548,"date":"2024-11-12T07:17:21","date_gmt":"2024-11-12T10:17:21","guid":{"rendered":"https:\/\/castle-global.com\/uy\/?post_type=product&#038;p=548"},"modified":"2024-11-20T14:47:26","modified_gmt":"2024-11-20T17:47:26","slug":"cinta-antideslizante","status":"publish","type":"product","link":"https:\/\/castle-global.com\/uy\/catalogo\/cintas-adhesivas\/cintas-adhesivas-especiales\/cinta-antideslizante\/","title":{"rendered":"Cinta Antideslizante"},"content":{"rendered":"<p><strong>Aplicaciones:<\/strong><\/p>\n<p>El \u00e1rea de aplicaci\u00f3n para la gama de cintas antideslizantes es cualquier sitio donde se requiera un paso firme y seguro. La cinta antideslizante negra es la protecci\u00f3n ideal para evitar accidentes como resbalones. Una alta adhesi\u00f3n es necesaria en la cinta puesto que se colocar\u00e1 en superficies como suelos de f\u00e1bricas, \u00e1reas industriales, etc.<br \/>\nAplicaciones: en interiores y exteriores<br \/>\nUsos en los que se necesita una fijaci\u00f3n segura bajo los pies<\/p>\n<p><strong>Propiedades:<\/strong><\/p>\n<ul>\n<li>Se puede cortar con la mano<\/li>\n<li>Resistente a los qu\u00edmicos<\/li>\n<li>Resistente a agua salada<\/li>\n<li>Adecuado para troquelar<\/li>\n<li>Evita accidentes como resbalones<\/li>\n<\/ul>\n","protected":false},"excerpt":{"rendered":"<p>Marca: TESA<br \/>\nLa cinta antidelizante para pisos o cinta antidelizante para escaleras tiene un adhesivo fuerte y duradero que asegura un efecto de antideslizamiento de 1-2 a\u00f1os en condiciones normales.<\/p>\n<a href=\"\/wp-content\/uploads\/sites\/3\/2024\/11\/Ficha-Tecnica-Cinta-Antideslizante.pdf\" target=\"_blank\" class=\"button secondary is-outline secondary\" rel=\"noopener\"  style=\"border-radius:10px;\">\n\t\t<span>Ver ficha t\u00e9cnica<\/span>\n\t<i class=\"icon-angle-down\" aria-hidden=\"true\" ><\/i><\/a>\n\n","protected":false},"featured_media":549,"template":"","meta":[],"product_brand":[],"product_cat":[24,34],"product_tag":[64,40],"class_list":{"0":"post-548","1":"product","2":"type-product","3":"status-publish","4":"has-post-thumbnail","6":"product_cat-cintas-adhesivas","7":"product_cat-cintas-adhesivas-especiales","8":"product_tag-antideslizante","9":"product_tag-cinta","11":"first","12":"instock","13":"shipping-taxable","14":"purchasable","15":"product-type-simple"},"yoast_head":"<!-- This site is optimized with the Yoast SEO plugin v26.5 - https:\/\/yoast.com\/wordpress\/plugins\/seo\/ -->\n<title>Cinta Antideslizante - Castle Global UY<\/title>\n<meta name=\"robots\" content=\"index, follow, max-snippet:-1, max-image-preview:large, max-video-preview:-1\" \/>\n<link rel=\"canonical\" href=\"https:\/\/castle-global.com\/uy\/catalogo\/cintas-adhesivas\/cintas-adhesivas-especiales\/cinta-antideslizante\/\" \/>\n<meta property=\"og:locale\" content=\"es_ES\" \/>\n<meta property=\"og:type\" content=\"article\" \/>\n<meta property=\"og:title\" content=\"Cinta Antideslizante - Castle Global UY\" \/>\n<meta property=\"og:description\" content=\"Marca: TESA La cinta antidelizante para pisos o cinta antidelizante para escaleras tiene un adhesivo fuerte y duradero que asegura un efecto de antideslizamiento de 1-2 a\u00f1os en condiciones normales.\" \/>\n<meta property=\"og:url\" content=\"https:\/\/castle-global.com\/uy\/catalogo\/cintas-adhesivas\/cintas-adhesivas-especiales\/cinta-antideslizante\/\" \/>\n<meta property=\"og:site_name\" content=\"Castle Global UY\" \/>\n<meta property=\"article:modified_time\" content=\"2024-11-20T17:47:26+00:00\" \/>\n<meta property=\"og:image\" content=\"https:\/\/castle-global.com\/uy\/wp-content\/uploads\/sites\/3\/2024\/11\/CINTA-ANTIDESLIZANTE-1.jpg\" \/>\n\t<meta property=\"og:image:width\" content=\"768\" \/>\n\t<meta property=\"og:image:height\" content=\"768\" \/>\n\t<meta property=\"og:image:type\" content=\"image\/jpeg\" \/>\n<meta name=\"twitter:card\" content=\"summary_large_image\" \/>\n<meta name=\"twitter:label1\" content=\"Tiempo de lectura\" \/>\n\t<meta name=\"twitter:data1\" content=\"1 minuto\" \/>\n<script type=\"application\/ld+json\" class=\"yoast-schema-graph\">{\"@context\":\"https:\/\/schema.org\",\"@graph\":[{\"@type\":\"WebPage\",\"@id\":\"https:\/\/castle-global.com\/uy\/catalogo\/cintas-adhesivas\/cintas-adhesivas-especiales\/cinta-antideslizante\/\",\"url\":\"https:\/\/castle-global.com\/uy\/catalogo\/cintas-adhesivas\/cintas-adhesivas-especiales\/cinta-antideslizante\/\",\"name\":\"Cinta Antideslizante - Castle Global UY\",\"isPartOf\":{\"@id\":\"https:\/\/castle-global.com\/uy\/#website\"},\"primaryImageOfPage\":{\"@id\":\"https:\/\/castle-global.com\/uy\/catalogo\/cintas-adhesivas\/cintas-adhesivas-especiales\/cinta-antideslizante\/#primaryimage\"},\"image\":{\"@id\":\"https:\/\/castle-global.com\/uy\/catalogo\/cintas-adhesivas\/cintas-adhesivas-especiales\/cinta-antideslizante\/#primaryimage\"},\"thumbnailUrl\":\"https:\/\/castle-global.com\/uy\/wp-content\/uploads\/sites\/3\/2024\/11\/CINTA-ANTIDESLIZANTE-1.jpg\",\"datePublished\":\"2024-11-12T10:17:21+00:00\",\"dateModified\":\"2024-11-20T17:47:26+00:00\",\"breadcrumb\":{\"@id\":\"https:\/\/castle-global.com\/uy\/catalogo\/cintas-adhesivas\/cintas-adhesivas-especiales\/cinta-antideslizante\/#breadcrumb\"},\"inLanguage\":\"es-AR\",\"potentialAction\":[{\"@type\":\"ReadAction\",\"target\":[\"https:\/\/castle-global.com\/uy\/catalogo\/cintas-adhesivas\/cintas-adhesivas-especiales\/cinta-antideslizante\/\"]}]},{\"@type\":\"ImageObject\",\"inLanguage\":\"es-AR\",\"@id\":\"https:\/\/castle-global.com\/uy\/catalogo\/cintas-adhesivas\/cintas-adhesivas-especiales\/cinta-antideslizante\/#primaryimage\",\"url\":\"https:\/\/castle-global.com\/uy\/wp-content\/uploads\/sites\/3\/2024\/11\/CINTA-ANTIDESLIZANTE-1.jpg\",\"contentUrl\":\"https:\/\/castle-global.com\/uy\/wp-content\/uploads\/sites\/3\/2024\/11\/CINTA-ANTIDESLIZANTE-1.jpg\",\"width\":768,\"height\":768},{\"@type\":\"BreadcrumbList\",\"@id\":\"https:\/\/castle-global.com\/uy\/catalogo\/cintas-adhesivas\/cintas-adhesivas-especiales\/cinta-antideslizante\/#breadcrumb\",\"itemListElement\":[{\"@type\":\"ListItem\",\"position\":1,\"name\":\"Inicio\",\"item\":\"https:\/\/castle-global.com\/uy\/\"},{\"@type\":\"ListItem\",\"position\":2,\"name\":\"Cat\u00e1logo\",\"item\":\"https:\/\/castle-global.com\/uy\/catalogo\/\"},{\"@type\":\"ListItem\",\"position\":3,\"name\":\"Cinta Antideslizante\"}]},{\"@type\":\"WebSite\",\"@id\":\"https:\/\/castle-global.com\/uy\/#website\",\"url\":\"https:\/\/castle-global.com\/uy\/\",\"name\":\"Castle Global UY\",\"description\":\"Soluciones de embalaje\",\"potentialAction\":[{\"@type\":\"SearchAction\",\"target\":{\"@type\":\"EntryPoint\",\"urlTemplate\":\"https:\/\/castle-global.com\/uy\/?s={search_term_string}\"},\"query-input\":{\"@type\":\"PropertyValueSpecification\",\"valueRequired\":true,\"valueName\":\"search_term_string\"}}],\"inLanguage\":\"es-AR\"}]}<\/script>\n<!-- \/ Yoast SEO plugin. -->","yoast_head_json":{"title":"Cinta Antideslizante - Castle Global UY","robots":{"index":"index","follow":"follow","max-snippet":"max-snippet:-1","max-image-preview":"max-image-preview:large","max-video-preview":"max-video-preview:-1"},"canonical":"https:\/\/castle-global.com\/uy\/catalogo\/cintas-adhesivas\/cintas-adhesivas-especiales\/cinta-antideslizante\/","og_locale":"es_ES","og_type":"article","og_title":"Cinta Antideslizante - Castle Global UY","og_description":"Marca: TESA La cinta antidelizante para pisos o cinta antidelizante para escaleras tiene un adhesivo fuerte y duradero que asegura un efecto de antideslizamiento de 1-2 a\u00f1os en condiciones normales.","og_url":"https:\/\/castle-global.com\/uy\/catalogo\/cintas-adhesivas\/cintas-adhesivas-especiales\/cinta-antideslizante\/","og_site_name":"Castle Global UY","article_modified_time":"2024-11-20T17:47:26+00:00","og_image":[{"width":768,"height":768,"url":"https:\/\/castle-global.com\/uy\/wp-content\/uploads\/sites\/3\/2024\/11\/CINTA-ANTIDESLIZANTE-1.jpg","type":"image\/jpeg"}],"twitter_card":"summary_large_image","twitter_misc":{"Tiempo de lectura":"1 minuto"},"schema":{"@context":"https:\/\/schema.org","@graph":[{"@type":"WebPage","@id":"https:\/\/castle-global.com\/uy\/catalogo\/cintas-adhesivas\/cintas-adhesivas-especiales\/cinta-antideslizante\/","url":"https:\/\/castle-global.com\/uy\/catalogo\/cintas-adhesivas\/cintas-adhesivas-especiales\/cinta-antideslizante\/","name":"Cinta Antideslizante - Castle Global UY","isPartOf":{"@id":"https:\/\/castle-global.com\/uy\/#website"},"primaryImageOfPage":{"@id":"https:\/\/castle-global.com\/uy\/catalogo\/cintas-adhesivas\/cintas-adhesivas-especiales\/cinta-antideslizante\/#primaryimage"},"image":{"@id":"https:\/\/castle-global.com\/uy\/catalogo\/cintas-adhesivas\/cintas-adhesivas-especiales\/cinta-antideslizante\/#primaryimage"},"thumbnailUrl":"https:\/\/castle-global.com\/uy\/wp-content\/uploads\/sites\/3\/2024\/11\/CINTA-ANTIDESLIZANTE-1.jpg","datePublished":"2024-11-12T10:17:21+00:00","dateModified":"2024-11-20T17:47:26+00:00","breadcrumb":{"@id":"https:\/\/castle-global.com\/uy\/catalogo\/cintas-adhesivas\/cintas-adhesivas-especiales\/cinta-antideslizante\/#breadcrumb"},"inLanguage":"es-AR","potentialAction":[{"@type":"ReadAction","target":["https:\/\/castle-global.com\/uy\/catalogo\/cintas-adhesivas\/cintas-adhesivas-especiales\/cinta-antideslizante\/"]}]},{"@type":"ImageObject","inLanguage":"es-AR","@id":"https:\/\/castle-global.com\/uy\/catalogo\/cintas-adhesivas\/cintas-adhesivas-especiales\/cinta-antideslizante\/#primaryimage","url":"https:\/\/castle-global.com\/uy\/wp-content\/uploads\/sites\/3\/2024\/11\/CINTA-ANTIDESLIZANTE-1.jpg","contentUrl":"https:\/\/castle-global.com\/uy\/wp-content\/uploads\/sites\/3\/2024\/11\/CINTA-ANTIDESLIZANTE-1.jpg","width":768,"height":768},{"@type":"BreadcrumbList","@id":"https:\/\/castle-global.com\/uy\/catalogo\/cintas-adhesivas\/cintas-adhesivas-especiales\/cinta-antideslizante\/#breadcrumb","itemListElement":[{"@type":"ListItem","position":1,"name":"Inicio","item":"https:\/\/castle-global.com\/uy\/"},{"@type":"ListItem","position":2,"name":"Cat\u00e1logo","item":"https:\/\/castle-global.com\/uy\/catalogo\/"},{"@type":"ListItem","position":3,"name":"Cinta Antideslizante"}]},{"@type":"WebSite","@id":"https:\/\/castle-global.com\/uy\/#website","url":"https:\/\/castle-global.com\/uy\/","name":"Castle Global UY","description":"Soluciones de embalaje","potentialAction":[{"@type":"SearchAction","target":{"@type":"EntryPoint","urlTemplate":"https:\/\/castle-global.com\/uy\/?s={search_term_string}"},"query-input":{"@type":"PropertyValueSpecification","valueRequired":true,"valueName":"search_term_string"}}],"inLanguage":"es-AR"}]}},"_links":{"self":[{"href":"https:\/\/castle-global.com\/uy\/wp-json\/wp\/v2\/product\/548","targetHints":{"allow":["GET"]}}],"collection":[{"href":"https:\/\/castle-global.com\/uy\/wp-json\/wp\/v2\/product"}],"about":[{"href":"https:\/\/castle-global.com\/uy\/wp-json\/wp\/v2\/types\/product"}],"wp:featuredmedia":[{"embeddable":true,"href":"https:\/\/castle-global.com\/uy\/wp-json\/wp\/v2\/media\/549"}],"wp:attachment":[{"href":"https:\/\/castle-global.com\/uy\/wp-json\/wp\/v2\/media?parent=548"}],"wp:term":[{"taxonomy":"product_brand","embeddable":true,"href":"https:\/\/castle-global.com\/uy\/wp-json\/wp\/v2\/product_brand?post=548"},{"taxonomy":"product_cat","embeddable":true,"href":"https:\/\/castle-global.com\/uy\/wp-json\/wp\/v2\/product_cat?post=548"},{"taxonomy":"product_tag","embeddable":true,"href":"https:\/\/castle-global.com\/uy\/wp-json\/wp\/v2\/product_tag?post=548"}],"curies":[{"name":"wp","href":"https:\/\/api.w.org\/{rel}","templated":true}]}}