{"id":512,"date":"2024-11-11T23:25:24","date_gmt":"2024-11-12T02:25:24","guid":{"rendered":"https:\/\/castle-global.com\/uy\/?post_type=product&#038;p=512"},"modified":"2024-11-28T14:37:41","modified_gmt":"2024-11-28T17:37:41","slug":"cinta-adhesiva-de-embalaje-e-tape","status":"publish","type":"product","link":"https:\/\/castle-global.com\/uy\/catalogo\/cintas-adhesivas\/cintas-adhesivas-uso-general\/cinta-adhesiva-de-embalaje-e-tape\/","title":{"rendered":"Cinta Adhesiva de Embalaje E-Tape"},"content":{"rendered":"\r\n<figure class=\"wp-block-table aligncenter is-style-regular\">\r\n<table class=\"has-fixed-layout\">\r\n<thead>\r\n<tr>\r\n<th class=\"has-text-align-center\" data-align=\"center\"><mark class=\"has-inline-color has-secondary-color\" style=\"background-color: rgba(0, 0, 0, 0);\">C\u00f3digo<\/mark><\/th>\r\n<th class=\"has-text-align-center\" data-align=\"center\"><mark class=\"has-inline-color has-secondary-color\" style=\"background-color: rgba(0, 0, 0, 0);\">Ancho (mm)<\/mark><\/th>\r\n<th class=\"has-text-align-center\" data-align=\"center\"><mark class=\"has-inline-color has-secondary-color\" style=\"background-color: rgba(0, 0, 0, 0);\">Largo (mts)<\/mark><\/th>\r\n<th class=\"has-text-align-center\" data-align=\"center\"><mark class=\"has-inline-color has-secondary-color\" style=\"background-color: rgba(0, 0, 0, 0);\">Rollos por caja<\/mark><\/th>\r\n<th><mark class=\"has-inline-color has-secondary-color\" style=\"background-color: rgba(0, 0, 0, 0);\">Color<\/mark><\/th>\r\n<\/tr>\r\n<\/thead>\r\n<tbody>\r\n<tr>\r\n<td class=\"has-text-align-center\" data-align=\"center\">PPA1548TE<\/td>\r\n<td class=\"has-text-align-center\" data-align=\"center\">48<\/td>\r\n<td class=\"has-text-align-center\" data-align=\"center\">150<\/td>\r\n<td class=\"has-text-align-center\" data-align=\"center\">36<\/td>\r\n<td>Transparente<\/td>\r\n<\/tr>\r\n<\/tbody>\r\n<\/table>\r\n<\/figure>","protected":false},"excerpt":{"rendered":"<p>La Cinta adhesiva biodegradable es una cinta de embalaje acr\u00edlico que ocupa menos espacio e impacta un 60% menos al medioambiente. Cinta adhesiva de polipropileno biorientado con adhesivo acr\u00edlico. 150 mts por rollo, implica menos cambios y menos tiempo perdido. Beneficia al medioambiente: Se ahorra casi un 60% de desperdicio de cart\u00f3n. Racionador con excelente dise\u00f1o ergon\u00f3mico.<\/p>\n<a href=\"\/wp-content\/uploads\/sites\/3\/2024\/11\/Ficha-Tecnica-E-Tape.pdf\" target=\"_blank\" class=\"button secondary is-outline secondary\" rel=\"noopener\"  style=\"border-radius:10px;\">\n\t\t<span>Ver ficha t\u00e9cnica<\/span>\n\t<i class=\"icon-angle-down\" aria-hidden=\"true\" ><\/i><\/a>\n\n","protected":false},"featured_media":513,"template":"","meta":[],"product_brand":[],"product_cat":[24,33],"product_tag":[49,53,52],"class_list":{"0":"post-512","1":"product","2":"type-product","3":"status-publish","4":"has-post-thumbnail","6":"product_cat-cintas-adhesivas","7":"product_cat-cintas-adhesivas-uso-general","8":"product_tag-cinta-adhesiva","9":"product_tag-e-tape","10":"product_tag-embalaje","12":"first","13":"instock","14":"shipping-taxable","15":"purchasable","16":"product-type-simple"},"yoast_head":"<!-- This site is optimized with the Yoast SEO plugin v26.5 - https:\/\/yoast.com\/wordpress\/plugins\/seo\/ -->\n<title>Cinta Adhesiva de Embalaje E-Tape - Castle Global UY<\/title>\n<meta name=\"robots\" content=\"index, follow, max-snippet:-1, max-image-preview:large, max-video-preview:-1\" \/>\n<link rel=\"canonical\" href=\"https:\/\/castle-global.com\/uy\/catalogo\/cintas-adhesivas\/cintas-adhesivas-uso-general\/cinta-adhesiva-de-embalaje-e-tape\/\" \/>\n<meta property=\"og:locale\" content=\"es_ES\" \/>\n<meta property=\"og:type\" content=\"article\" \/>\n<meta property=\"og:title\" content=\"Cinta Adhesiva de Embalaje E-Tape - Castle Global UY\" \/>\n<meta property=\"og:description\" content=\"La Cinta adhesiva biodegradable es una cinta de embalaje acr\u00edlico que ocupa menos espacio e impacta un 60% menos al medioambiente. Cinta adhesiva de polipropileno biorientado con adhesivo acr\u00edlico. 150 mts por rollo, implica menos cambios y menos tiempo perdido. Beneficia al medioambiente: Se ahorra casi un 60% de desperdicio de cart\u00f3n. Racionador con excelente dise\u00f1o ergon\u00f3mico.\" \/>\n<meta property=\"og:url\" content=\"https:\/\/castle-global.com\/uy\/catalogo\/cintas-adhesivas\/cintas-adhesivas-uso-general\/cinta-adhesiva-de-embalaje-e-tape\/\" \/>\n<meta property=\"og:site_name\" content=\"Castle Global UY\" \/>\n<meta property=\"article:modified_time\" content=\"2024-11-28T17:37:41+00:00\" \/>\n<meta property=\"og:image\" content=\"https:\/\/castle-global.com\/uy\/wp-content\/uploads\/sites\/3\/2024\/11\/Cinta-adhesiva-Embalaje-E-Tape-1.jpg\" \/>\n\t<meta property=\"og:image:width\" content=\"768\" \/>\n\t<meta property=\"og:image:height\" content=\"768\" \/>\n\t<meta property=\"og:image:type\" content=\"image\/jpeg\" \/>\n<meta name=\"twitter:card\" content=\"summary_large_image\" \/>\n<meta name=\"twitter:label1\" content=\"Tiempo de lectura\" \/>\n\t<meta name=\"twitter:data1\" content=\"1 minuto\" \/>\n<script type=\"application\/ld+json\" class=\"yoast-schema-graph\">{\"@context\":\"https:\/\/schema.org\",\"@graph\":[{\"@type\":\"WebPage\",\"@id\":\"https:\/\/castle-global.com\/uy\/catalogo\/cintas-adhesivas\/cintas-adhesivas-uso-general\/cinta-adhesiva-de-embalaje-e-tape\/\",\"url\":\"https:\/\/castle-global.com\/uy\/catalogo\/cintas-adhesivas\/cintas-adhesivas-uso-general\/cinta-adhesiva-de-embalaje-e-tape\/\",\"name\":\"Cinta Adhesiva de Embalaje E-Tape - Castle Global UY\",\"isPartOf\":{\"@id\":\"https:\/\/castle-global.com\/uy\/#website\"},\"primaryImageOfPage\":{\"@id\":\"https:\/\/castle-global.com\/uy\/catalogo\/cintas-adhesivas\/cintas-adhesivas-uso-general\/cinta-adhesiva-de-embalaje-e-tape\/#primaryimage\"},\"image\":{\"@id\":\"https:\/\/castle-global.com\/uy\/catalogo\/cintas-adhesivas\/cintas-adhesivas-uso-general\/cinta-adhesiva-de-embalaje-e-tape\/#primaryimage\"},\"thumbnailUrl\":\"https:\/\/castle-global.com\/uy\/wp-content\/uploads\/sites\/3\/2024\/11\/Cinta-adhesiva-Embalaje-E-Tape-1.jpg\",\"datePublished\":\"2024-11-12T02:25:24+00:00\",\"dateModified\":\"2024-11-28T17:37:41+00:00\",\"breadcrumb\":{\"@id\":\"https:\/\/castle-global.com\/uy\/catalogo\/cintas-adhesivas\/cintas-adhesivas-uso-general\/cinta-adhesiva-de-embalaje-e-tape\/#breadcrumb\"},\"inLanguage\":\"es-AR\",\"potentialAction\":[{\"@type\":\"ReadAction\",\"target\":[\"https:\/\/castle-global.com\/uy\/catalogo\/cintas-adhesivas\/cintas-adhesivas-uso-general\/cinta-adhesiva-de-embalaje-e-tape\/\"]}]},{\"@type\":\"ImageObject\",\"inLanguage\":\"es-AR\",\"@id\":\"https:\/\/castle-global.com\/uy\/catalogo\/cintas-adhesivas\/cintas-adhesivas-uso-general\/cinta-adhesiva-de-embalaje-e-tape\/#primaryimage\",\"url\":\"https:\/\/castle-global.com\/uy\/wp-content\/uploads\/sites\/3\/2024\/11\/Cinta-adhesiva-Embalaje-E-Tape-1.jpg\",\"contentUrl\":\"https:\/\/castle-global.com\/uy\/wp-content\/uploads\/sites\/3\/2024\/11\/Cinta-adhesiva-Embalaje-E-Tape-1.jpg\",\"width\":768,\"height\":768},{\"@type\":\"BreadcrumbList\",\"@id\":\"https:\/\/castle-global.com\/uy\/catalogo\/cintas-adhesivas\/cintas-adhesivas-uso-general\/cinta-adhesiva-de-embalaje-e-tape\/#breadcrumb\",\"itemListElement\":[{\"@type\":\"ListItem\",\"position\":1,\"name\":\"Inicio\",\"item\":\"https:\/\/castle-global.com\/uy\/\"},{\"@type\":\"ListItem\",\"position\":2,\"name\":\"Cat\u00e1logo\",\"item\":\"https:\/\/castle-global.com\/uy\/catalogo\/\"},{\"@type\":\"ListItem\",\"position\":3,\"name\":\"Cinta Adhesiva de Embalaje E-Tape\"}]},{\"@type\":\"WebSite\",\"@id\":\"https:\/\/castle-global.com\/uy\/#website\",\"url\":\"https:\/\/castle-global.com\/uy\/\",\"name\":\"Castle Global UY\",\"description\":\"Soluciones de embalaje\",\"potentialAction\":[{\"@type\":\"SearchAction\",\"target\":{\"@type\":\"EntryPoint\",\"urlTemplate\":\"https:\/\/castle-global.com\/uy\/?s={search_term_string}\"},\"query-input\":{\"@type\":\"PropertyValueSpecification\",\"valueRequired\":true,\"valueName\":\"search_term_string\"}}],\"inLanguage\":\"es-AR\"}]}<\/script>\n<!-- \/ Yoast SEO plugin. -->","yoast_head_json":{"title":"Cinta Adhesiva de Embalaje E-Tape - Castle Global UY","robots":{"index":"index","follow":"follow","max-snippet":"max-snippet:-1","max-image-preview":"max-image-preview:large","max-video-preview":"max-video-preview:-1"},"canonical":"https:\/\/castle-global.com\/uy\/catalogo\/cintas-adhesivas\/cintas-adhesivas-uso-general\/cinta-adhesiva-de-embalaje-e-tape\/","og_locale":"es_ES","og_type":"article","og_title":"Cinta Adhesiva de Embalaje E-Tape - Castle Global UY","og_description":"La Cinta adhesiva biodegradable es una cinta de embalaje acr\u00edlico que ocupa menos espacio e impacta un 60% menos al medioambiente. Cinta adhesiva de polipropileno biorientado con adhesivo acr\u00edlico. 150 mts por rollo, implica menos cambios y menos tiempo perdido. Beneficia al medioambiente: Se ahorra casi un 60% de desperdicio de cart\u00f3n. Racionador con excelente dise\u00f1o ergon\u00f3mico.","og_url":"https:\/\/castle-global.com\/uy\/catalogo\/cintas-adhesivas\/cintas-adhesivas-uso-general\/cinta-adhesiva-de-embalaje-e-tape\/","og_site_name":"Castle Global UY","article_modified_time":"2024-11-28T17:37:41+00:00","og_image":[{"width":768,"height":768,"url":"https:\/\/castle-global.com\/uy\/wp-content\/uploads\/sites\/3\/2024\/11\/Cinta-adhesiva-Embalaje-E-Tape-1.jpg","type":"image\/jpeg"}],"twitter_card":"summary_large_image","twitter_misc":{"Tiempo de lectura":"1 minuto"},"schema":{"@context":"https:\/\/schema.org","@graph":[{"@type":"WebPage","@id":"https:\/\/castle-global.com\/uy\/catalogo\/cintas-adhesivas\/cintas-adhesivas-uso-general\/cinta-adhesiva-de-embalaje-e-tape\/","url":"https:\/\/castle-global.com\/uy\/catalogo\/cintas-adhesivas\/cintas-adhesivas-uso-general\/cinta-adhesiva-de-embalaje-e-tape\/","name":"Cinta Adhesiva de Embalaje E-Tape - Castle Global UY","isPartOf":{"@id":"https:\/\/castle-global.com\/uy\/#website"},"primaryImageOfPage":{"@id":"https:\/\/castle-global.com\/uy\/catalogo\/cintas-adhesivas\/cintas-adhesivas-uso-general\/cinta-adhesiva-de-embalaje-e-tape\/#primaryimage"},"image":{"@id":"https:\/\/castle-global.com\/uy\/catalogo\/cintas-adhesivas\/cintas-adhesivas-uso-general\/cinta-adhesiva-de-embalaje-e-tape\/#primaryimage"},"thumbnailUrl":"https:\/\/castle-global.com\/uy\/wp-content\/uploads\/sites\/3\/2024\/11\/Cinta-adhesiva-Embalaje-E-Tape-1.jpg","datePublished":"2024-11-12T02:25:24+00:00","dateModified":"2024-11-28T17:37:41+00:00","breadcrumb":{"@id":"https:\/\/castle-global.com\/uy\/catalogo\/cintas-adhesivas\/cintas-adhesivas-uso-general\/cinta-adhesiva-de-embalaje-e-tape\/#breadcrumb"},"inLanguage":"es-AR","potentialAction":[{"@type":"ReadAction","target":["https:\/\/castle-global.com\/uy\/catalogo\/cintas-adhesivas\/cintas-adhesivas-uso-general\/cinta-adhesiva-de-embalaje-e-tape\/"]}]},{"@type":"ImageObject","inLanguage":"es-AR","@id":"https:\/\/castle-global.com\/uy\/catalogo\/cintas-adhesivas\/cintas-adhesivas-uso-general\/cinta-adhesiva-de-embalaje-e-tape\/#primaryimage","url":"https:\/\/castle-global.com\/uy\/wp-content\/uploads\/sites\/3\/2024\/11\/Cinta-adhesiva-Embalaje-E-Tape-1.jpg","contentUrl":"https:\/\/castle-global.com\/uy\/wp-content\/uploads\/sites\/3\/2024\/11\/Cinta-adhesiva-Embalaje-E-Tape-1.jpg","width":768,"height":768},{"@type":"BreadcrumbList","@id":"https:\/\/castle-global.com\/uy\/catalogo\/cintas-adhesivas\/cintas-adhesivas-uso-general\/cinta-adhesiva-de-embalaje-e-tape\/#breadcrumb","itemListElement":[{"@type":"ListItem","position":1,"name":"Inicio","item":"https:\/\/castle-global.com\/uy\/"},{"@type":"ListItem","position":2,"name":"Cat\u00e1logo","item":"https:\/\/castle-global.com\/uy\/catalogo\/"},{"@type":"ListItem","position":3,"name":"Cinta Adhesiva de Embalaje E-Tape"}]},{"@type":"WebSite","@id":"https:\/\/castle-global.com\/uy\/#website","url":"https:\/\/castle-global.com\/uy\/","name":"Castle Global UY","description":"Soluciones de embalaje","potentialAction":[{"@type":"SearchAction","target":{"@type":"EntryPoint","urlTemplate":"https:\/\/castle-global.com\/uy\/?s={search_term_string}"},"query-input":{"@type":"PropertyValueSpecification","valueRequired":true,"valueName":"search_term_string"}}],"inLanguage":"es-AR"}]}},"_links":{"self":[{"href":"https:\/\/castle-global.com\/uy\/wp-json\/wp\/v2\/product\/512","targetHints":{"allow":["GET"]}}],"collection":[{"href":"https:\/\/castle-global.com\/uy\/wp-json\/wp\/v2\/product"}],"about":[{"href":"https:\/\/castle-global.com\/uy\/wp-json\/wp\/v2\/types\/product"}],"wp:featuredmedia":[{"embeddable":true,"href":"https:\/\/castle-global.com\/uy\/wp-json\/wp\/v2\/media\/513"}],"wp:attachment":[{"href":"https:\/\/castle-global.com\/uy\/wp-json\/wp\/v2\/media?parent=512"}],"wp:term":[{"taxonomy":"product_brand","embeddable":true,"href":"https:\/\/castle-global.com\/uy\/wp-json\/wp\/v2\/product_brand?post=512"},{"taxonomy":"product_cat","embeddable":true,"href":"https:\/\/castle-global.com\/uy\/wp-json\/wp\/v2\/product_cat?post=512"},{"taxonomy":"product_tag","embeddable":true,"href":"https:\/\/castle-global.com\/uy\/wp-json\/wp\/v2\/product_tag?post=512"}],"curies":[{"name":"wp","href":"https:\/\/api.w.org\/{rel}","templated":true}]}}