{"id":420,"date":"2024-11-08T11:54:04","date_gmt":"2024-11-08T14:54:04","guid":{"rendered":"https:\/\/castle-global.com\/uy\/?post_type=product&#038;p=420"},"modified":"2025-01-13T10:04:48","modified_gmt":"2025-01-13T13:04:48","slug":"embalajes-anticorrosivos-vci","status":"publish","type":"product","link":"https:\/\/castle-global.com\/uy\/catalogo\/productos-anticorrosivos-vci\/embalajes-anticorrosivos-vci\/","title":{"rendered":"Embalajes Anticorrosivos  Defender VCI"},"content":{"rendered":"<p><strong>Funcionamiento<\/strong><\/p>\r\n<p>Estos embalajes contienen VCI \u2013 Inhibidor Vol\u00e1til de Corrosi\u00f3n \u2013 una sustancia qu\u00edmica vol\u00e1til que se disipa y forma una capa protectora sobre la superficie del metal, impidiendo la corrosi\u00f3n causada por la humedad, el ox\u00edgeno y otros contaminantes ambientales, mientras permanecen cerrados. Los Embalajes Activos VCI se suministran en papeles, pel\u00edculas pl\u00e1sticas, rafias, laminados reforzados, entre otros, y son utilizados por varios sectores industriales, incluyendo el metal\u00fargico, automotriz, sider\u00fargico, aeroespacial y electr\u00f3nico, donde la protecci\u00f3n contra la corrosi\u00f3n es esencial para la integridad de los productos.<\/p>\r\n<p><strong>PAPEL DEFENDER VCI<\/strong><\/p>\r\n\r\n<figure class=\"wp-block-table aligncenter is-style-regular\">\r\n<table class=\"has-fixed-layout\">\r\n<thead>\r\n<tr>\r\n<th class=\"has-text-align-center\" data-align=\"center\"><mark class=\"has-inline-color has-secondary-color\">Producto<\/mark><\/th>\r\n<th class=\"has-text-align-center\" data-align=\"center\"><mark class=\"has-inline-color has-secondary-color\">Descripci\u00f3n<\/mark><\/th>\r\n<th class=\"has-text-align-center\" data-align=\"center\"><mark class=\"has-inline-color has-secondary-color\">Ficha<\/mark><\/th>\r\n<\/tr>\r\n<\/thead>\r\n<tbody>\r\n<tr>\r\n<td class=\"has-text-align-center\" data-align=\"center\">PP579<\/td>\r\n<td class=\"has-text-align-center\" data-align=\"center\">Papel Plastificado Anticorrosivo En Rollos<\/td>\r\n<td class=\"has-text-align-center\" data-align=\"center\"><a href=\"#\">Ver ficha t\u00e9cnica<\/a><\/td>\r\n<\/tr>\r\n<tr>\r\n<td class=\"has-text-align-center\" data-align=\"center\">P579<\/td>\r\n<td class=\"has-text-align-center\" data-align=\"center\">Papel Anticorrosivo En Rollos<\/td>\r\n<td class=\"has-text-align-center\" data-align=\"center\"><a href=\"#\">Ver ficha t\u00e9cnica<\/a><\/td>\r\n<\/tr>\r\n<tr>\r\n<td class=\"has-text-align-center\" data-align=\"center\">P579HKG<\/td>\r\n<td class=\"has-text-align-center\" data-align=\"center\">Papel Anticorrosivo En Hojas<\/td>\r\n<td class=\"has-text-align-center\" data-align=\"center\"><a href=\"#\">Ver ficha t\u00e9cnica<\/a><\/td>\r\n<\/tr>\r\n<\/tbody>\r\n<\/table>\r\n<p><strong>POLIETILENO DEFENDER VCI<\/strong><\/p>\r\n<p><\/p>\r\n<figure class=\"wp-block-table aligncenter is-style-regular\">\r\n<table class=\"has-fixed-layout\">\r\n<thead>\r\n<tr>\r\n<th class=\"has-text-align-center\" data-align=\"center\"><mark class=\"has-inline-color has-secondary-color\">Producto<\/mark><\/th>\r\n<th class=\"has-text-align-center\" data-align=\"center\"><mark class=\"has-inline-color has-secondary-color\">Descripci\u00f3n<\/mark><\/th>\r\n<th class=\"has-text-align-center\" data-align=\"center\"><mark class=\"has-inline-color has-secondary-color\">Ficha<\/mark><\/th>\r\n<\/tr>\r\n<\/thead>\r\n<tbody>\r\n<tr>\r\n<td class=\"has-text-align-center\" data-align=\"center\">MVAQUA300<\/td>\r\n<td class=\"has-text-align-center\" data-align=\"center\">Laminas Anticorrosivas En Rollos<\/td>\r\n<td class=\"has-text-align-center\" data-align=\"center\"><a href=\"#\">Ver ficha t\u00e9cnica<\/a><\/td>\r\n<\/tr>\r\n<tr>\r\n<td class=\"has-text-align-center\" data-align=\"center\">BV001, BV002, BV004<\/td>\r\n<td class=\"has-text-align-center\" data-align=\"center\">Bolsas Anticorrosivas<\/td>\r\n<td class=\"has-text-align-center\" data-align=\"center\"><a href=\"#\">Ver ficha t\u00e9cnica<\/a><\/td>\r\n<\/tr>\r\n<\/tbody>\r\n<\/table>\r\n<p>&nbsp;<\/p>\r\n<\/figure>\r\n<\/figure>\r\n","protected":false},"excerpt":{"rendered":"<p>Los Embalajes Anticorrosivos VCI &#8211; Inhibidor Vol\u00e1til de Corrosi\u00f3n &#8211; de VCI Brasil son embalajes especiales dise\u00f1ados para proteger productos met\u00e1licos contra la corrosi\u00f3n durante los procesos de almacenamiento y transporte. Papeles VCI, Pel\u00edculas Pl\u00e1sticas VCI, Rafias VCI, Bolsas VCI y Laminados Reforzados, con Inhibidor Vol\u00e1til de Corrosi\u00f3n VCI, son ideales para la log\u00edstica de transporte y almacenamiento. Ofrecen versatilidad en su composici\u00f3n, de acuerdo con su uso.<\/p>\n","protected":false},"featured_media":592,"template":"","meta":[],"product_brand":[],"product_cat":[25],"product_tag":[37,52,74],"class_list":{"0":"post-420","1":"product","2":"type-product","3":"status-publish","4":"has-post-thumbnail","6":"product_cat-productos-anticorrosivos-vci","7":"product_tag-anticorrosivos","8":"product_tag-embalaje","9":"product_tag-vci","11":"first","12":"instock","13":"shipping-taxable","14":"purchasable","15":"product-type-simple"},"yoast_head":"<!-- This site is optimized with the Yoast SEO plugin v26.5 - https:\/\/yoast.com\/wordpress\/plugins\/seo\/ -->\n<title>Embalajes Anticorrosivos Defender VCI - Castle Global UY<\/title>\n<meta name=\"robots\" content=\"index, follow, max-snippet:-1, max-image-preview:large, max-video-preview:-1\" \/>\n<link rel=\"canonical\" href=\"https:\/\/castle-global.com\/uy\/catalogo\/productos-anticorrosivos-vci\/embalajes-anticorrosivos-vci\/\" \/>\n<meta property=\"og:locale\" content=\"es_ES\" \/>\n<meta property=\"og:type\" content=\"article\" \/>\n<meta property=\"og:title\" content=\"Embalajes Anticorrosivos Defender VCI - Castle Global UY\" \/>\n<meta property=\"og:description\" content=\"Los Embalajes Anticorrosivos VCI - Inhibidor Vol\u00e1til de Corrosi\u00f3n - de VCI Brasil son embalajes especiales dise\u00f1ados para proteger productos met\u00e1licos contra la corrosi\u00f3n durante los procesos de almacenamiento y transporte. Papeles VCI, Pel\u00edculas Pl\u00e1sticas VCI, Rafias VCI, Bolsas VCI y Laminados Reforzados, con Inhibidor Vol\u00e1til de Corrosi\u00f3n VCI, son ideales para la log\u00edstica de transporte y almacenamiento. Ofrecen versatilidad en su composici\u00f3n, de acuerdo con su uso.\" \/>\n<meta property=\"og:url\" content=\"https:\/\/castle-global.com\/uy\/catalogo\/productos-anticorrosivos-vci\/embalajes-anticorrosivos-vci\/\" \/>\n<meta property=\"og:site_name\" content=\"Castle Global UY\" \/>\n<meta property=\"article:modified_time\" content=\"2025-01-13T13:04:48+00:00\" \/>\n<meta property=\"og:image\" content=\"https:\/\/castle-global.com\/uy\/wp-content\/uploads\/sites\/3\/2024\/11\/Embalaje-anticorrosivo-VCI.jpg\" \/>\n\t<meta property=\"og:image:width\" content=\"768\" \/>\n\t<meta property=\"og:image:height\" content=\"768\" \/>\n\t<meta property=\"og:image:type\" content=\"image\/jpeg\" \/>\n<meta name=\"twitter:card\" content=\"summary_large_image\" \/>\n<meta name=\"twitter:label1\" content=\"Tiempo de lectura\" \/>\n\t<meta name=\"twitter:data1\" content=\"1 minuto\" \/>\n<script type=\"application\/ld+json\" class=\"yoast-schema-graph\">{\"@context\":\"https:\/\/schema.org\",\"@graph\":[{\"@type\":\"WebPage\",\"@id\":\"https:\/\/castle-global.com\/uy\/catalogo\/productos-anticorrosivos-vci\/embalajes-anticorrosivos-vci\/\",\"url\":\"https:\/\/castle-global.com\/uy\/catalogo\/productos-anticorrosivos-vci\/embalajes-anticorrosivos-vci\/\",\"name\":\"Embalajes Anticorrosivos Defender VCI - Castle Global UY\",\"isPartOf\":{\"@id\":\"https:\/\/castle-global.com\/uy\/#website\"},\"primaryImageOfPage\":{\"@id\":\"https:\/\/castle-global.com\/uy\/catalogo\/productos-anticorrosivos-vci\/embalajes-anticorrosivos-vci\/#primaryimage\"},\"image\":{\"@id\":\"https:\/\/castle-global.com\/uy\/catalogo\/productos-anticorrosivos-vci\/embalajes-anticorrosivos-vci\/#primaryimage\"},\"thumbnailUrl\":\"https:\/\/castle-global.com\/uy\/wp-content\/uploads\/sites\/3\/2024\/11\/Embalaje-anticorrosivo-VCI.jpg\",\"datePublished\":\"2024-11-08T14:54:04+00:00\",\"dateModified\":\"2025-01-13T13:04:48+00:00\",\"breadcrumb\":{\"@id\":\"https:\/\/castle-global.com\/uy\/catalogo\/productos-anticorrosivos-vci\/embalajes-anticorrosivos-vci\/#breadcrumb\"},\"inLanguage\":\"es-AR\",\"potentialAction\":[{\"@type\":\"ReadAction\",\"target\":[\"https:\/\/castle-global.com\/uy\/catalogo\/productos-anticorrosivos-vci\/embalajes-anticorrosivos-vci\/\"]}]},{\"@type\":\"ImageObject\",\"inLanguage\":\"es-AR\",\"@id\":\"https:\/\/castle-global.com\/uy\/catalogo\/productos-anticorrosivos-vci\/embalajes-anticorrosivos-vci\/#primaryimage\",\"url\":\"https:\/\/castle-global.com\/uy\/wp-content\/uploads\/sites\/3\/2024\/11\/Embalaje-anticorrosivo-VCI.jpg\",\"contentUrl\":\"https:\/\/castle-global.com\/uy\/wp-content\/uploads\/sites\/3\/2024\/11\/Embalaje-anticorrosivo-VCI.jpg\",\"width\":768,\"height\":768},{\"@type\":\"BreadcrumbList\",\"@id\":\"https:\/\/castle-global.com\/uy\/catalogo\/productos-anticorrosivos-vci\/embalajes-anticorrosivos-vci\/#breadcrumb\",\"itemListElement\":[{\"@type\":\"ListItem\",\"position\":1,\"name\":\"Inicio\",\"item\":\"https:\/\/castle-global.com\/uy\/\"},{\"@type\":\"ListItem\",\"position\":2,\"name\":\"Cat\u00e1logo\",\"item\":\"https:\/\/castle-global.com\/uy\/catalogo\/\"},{\"@type\":\"ListItem\",\"position\":3,\"name\":\"Embalajes Anticorrosivos Defender VCI\"}]},{\"@type\":\"WebSite\",\"@id\":\"https:\/\/castle-global.com\/uy\/#website\",\"url\":\"https:\/\/castle-global.com\/uy\/\",\"name\":\"Castle Global UY\",\"description\":\"Soluciones de embalaje\",\"potentialAction\":[{\"@type\":\"SearchAction\",\"target\":{\"@type\":\"EntryPoint\",\"urlTemplate\":\"https:\/\/castle-global.com\/uy\/?s={search_term_string}\"},\"query-input\":{\"@type\":\"PropertyValueSpecification\",\"valueRequired\":true,\"valueName\":\"search_term_string\"}}],\"inLanguage\":\"es-AR\"}]}<\/script>\n<!-- \/ Yoast SEO plugin. -->","yoast_head_json":{"title":"Embalajes Anticorrosivos Defender VCI - Castle Global UY","robots":{"index":"index","follow":"follow","max-snippet":"max-snippet:-1","max-image-preview":"max-image-preview:large","max-video-preview":"max-video-preview:-1"},"canonical":"https:\/\/castle-global.com\/uy\/catalogo\/productos-anticorrosivos-vci\/embalajes-anticorrosivos-vci\/","og_locale":"es_ES","og_type":"article","og_title":"Embalajes Anticorrosivos Defender VCI - Castle Global UY","og_description":"Los Embalajes Anticorrosivos VCI - Inhibidor Vol\u00e1til de Corrosi\u00f3n - de VCI Brasil son embalajes especiales dise\u00f1ados para proteger productos met\u00e1licos contra la corrosi\u00f3n durante los procesos de almacenamiento y transporte. Papeles VCI, Pel\u00edculas Pl\u00e1sticas VCI, Rafias VCI, Bolsas VCI y Laminados Reforzados, con Inhibidor Vol\u00e1til de Corrosi\u00f3n VCI, son ideales para la log\u00edstica de transporte y almacenamiento. Ofrecen versatilidad en su composici\u00f3n, de acuerdo con su uso.","og_url":"https:\/\/castle-global.com\/uy\/catalogo\/productos-anticorrosivos-vci\/embalajes-anticorrosivos-vci\/","og_site_name":"Castle Global UY","article_modified_time":"2025-01-13T13:04:48+00:00","og_image":[{"width":768,"height":768,"url":"https:\/\/castle-global.com\/uy\/wp-content\/uploads\/sites\/3\/2024\/11\/Embalaje-anticorrosivo-VCI.jpg","type":"image\/jpeg"}],"twitter_card":"summary_large_image","twitter_misc":{"Tiempo de lectura":"1 minuto"},"schema":{"@context":"https:\/\/schema.org","@graph":[{"@type":"WebPage","@id":"https:\/\/castle-global.com\/uy\/catalogo\/productos-anticorrosivos-vci\/embalajes-anticorrosivos-vci\/","url":"https:\/\/castle-global.com\/uy\/catalogo\/productos-anticorrosivos-vci\/embalajes-anticorrosivos-vci\/","name":"Embalajes Anticorrosivos Defender VCI - Castle Global UY","isPartOf":{"@id":"https:\/\/castle-global.com\/uy\/#website"},"primaryImageOfPage":{"@id":"https:\/\/castle-global.com\/uy\/catalogo\/productos-anticorrosivos-vci\/embalajes-anticorrosivos-vci\/#primaryimage"},"image":{"@id":"https:\/\/castle-global.com\/uy\/catalogo\/productos-anticorrosivos-vci\/embalajes-anticorrosivos-vci\/#primaryimage"},"thumbnailUrl":"https:\/\/castle-global.com\/uy\/wp-content\/uploads\/sites\/3\/2024\/11\/Embalaje-anticorrosivo-VCI.jpg","datePublished":"2024-11-08T14:54:04+00:00","dateModified":"2025-01-13T13:04:48+00:00","breadcrumb":{"@id":"https:\/\/castle-global.com\/uy\/catalogo\/productos-anticorrosivos-vci\/embalajes-anticorrosivos-vci\/#breadcrumb"},"inLanguage":"es-AR","potentialAction":[{"@type":"ReadAction","target":["https:\/\/castle-global.com\/uy\/catalogo\/productos-anticorrosivos-vci\/embalajes-anticorrosivos-vci\/"]}]},{"@type":"ImageObject","inLanguage":"es-AR","@id":"https:\/\/castle-global.com\/uy\/catalogo\/productos-anticorrosivos-vci\/embalajes-anticorrosivos-vci\/#primaryimage","url":"https:\/\/castle-global.com\/uy\/wp-content\/uploads\/sites\/3\/2024\/11\/Embalaje-anticorrosivo-VCI.jpg","contentUrl":"https:\/\/castle-global.com\/uy\/wp-content\/uploads\/sites\/3\/2024\/11\/Embalaje-anticorrosivo-VCI.jpg","width":768,"height":768},{"@type":"BreadcrumbList","@id":"https:\/\/castle-global.com\/uy\/catalogo\/productos-anticorrosivos-vci\/embalajes-anticorrosivos-vci\/#breadcrumb","itemListElement":[{"@type":"ListItem","position":1,"name":"Inicio","item":"https:\/\/castle-global.com\/uy\/"},{"@type":"ListItem","position":2,"name":"Cat\u00e1logo","item":"https:\/\/castle-global.com\/uy\/catalogo\/"},{"@type":"ListItem","position":3,"name":"Embalajes Anticorrosivos Defender VCI"}]},{"@type":"WebSite","@id":"https:\/\/castle-global.com\/uy\/#website","url":"https:\/\/castle-global.com\/uy\/","name":"Castle Global UY","description":"Soluciones de embalaje","potentialAction":[{"@type":"SearchAction","target":{"@type":"EntryPoint","urlTemplate":"https:\/\/castle-global.com\/uy\/?s={search_term_string}"},"query-input":{"@type":"PropertyValueSpecification","valueRequired":true,"valueName":"search_term_string"}}],"inLanguage":"es-AR"}]}},"_links":{"self":[{"href":"https:\/\/castle-global.com\/uy\/wp-json\/wp\/v2\/product\/420","targetHints":{"allow":["GET"]}}],"collection":[{"href":"https:\/\/castle-global.com\/uy\/wp-json\/wp\/v2\/product"}],"about":[{"href":"https:\/\/castle-global.com\/uy\/wp-json\/wp\/v2\/types\/product"}],"wp:featuredmedia":[{"embeddable":true,"href":"https:\/\/castle-global.com\/uy\/wp-json\/wp\/v2\/media\/592"}],"wp:attachment":[{"href":"https:\/\/castle-global.com\/uy\/wp-json\/wp\/v2\/media?parent=420"}],"wp:term":[{"taxonomy":"product_brand","embeddable":true,"href":"https:\/\/castle-global.com\/uy\/wp-json\/wp\/v2\/product_brand?post=420"},{"taxonomy":"product_cat","embeddable":true,"href":"https:\/\/castle-global.com\/uy\/wp-json\/wp\/v2\/product_cat?post=420"},{"taxonomy":"product_tag","embeddable":true,"href":"https:\/\/castle-global.com\/uy\/wp-json\/wp\/v2\/product_tag?post=420"}],"curies":[{"name":"wp","href":"https:\/\/api.w.org\/{rel}","templated":true}]}}