{"id":414,"date":"2024-11-08T10:59:03","date_gmt":"2024-11-08T13:59:03","guid":{"rendered":"https:\/\/castle-global.com\/uy\/?post_type=product&#038;p=414"},"modified":"2024-11-28T14:54:02","modified_gmt":"2024-11-28T17:54:02","slug":"fluidos-protectores-anticorrosivos-vci","status":"publish","type":"product","link":"https:\/\/castle-global.com\/uy\/catalogo\/productos-anticorrosivos-vci\/fluidos-protectores-anticorrosivos-vci\/","title":{"rendered":"Fluidos Protectores <br> Anticorrosivos VCI"},"content":{"rendered":"<p><strong>Las ventajas de los fluidos anticorrosivos desengrasantes V-active son muchas:<\/strong><\/p>\r\n<ul>\r\n<li>Hasta 90 d\u00edas de protecci\u00f3n en interiores contra la corrosi\u00f3n, libres de la presencia de \u00e1cidos.<\/li>\r\n<li>Piezas listas para su uso, eliminando procesos de limpieza y facilitando la log\u00edstica, haci\u00e9ndola m\u00e1s econ\u00f3mica y \u00e1gil.<\/li>\r\n<li>Producto no peligroso para transporte y almacenamiento, de acuerdo con la norma internacional GHS y ABNT NBR 14725\/2012.<\/li>\r\n<li>No requiere eliminaci\u00f3n ni interfiere en los procesos posteriores de montaje, limpieza, soldadura, etc.<\/li>\r\n<li>Compatible con los Envases Activos VCI para protecci\u00f3n de m\u00e1s de dos a\u00f1os.<\/li>\r\n<li>Protector a base de agua que proporciona m\u00e1s salud a los colaboradores y un ambiente m\u00e1s limpio, libre de residuos s\u00f3lidos y gases t\u00f3xicos.<\/li>\r\n<\/ul>\r\n<p><strong>SOLUCIONES INTEGRADAS ANTICORROSIVAS<\/strong><\/p>\r\n<p>VCI Brasil, a trav\u00e9s de un proceso consultivo, ofrece a sus clientes la posibilidad de mantener una cadena productiva y log\u00edstica m\u00e1s eficiente, con una probable reducci\u00f3n de costos y mayor seguridad en la log\u00edstica. Al optar por las tecnolog\u00edas de los productos VCI y V-active de VCI Brasil, el cliente adquiere una cultura de preservaci\u00f3n de su producci\u00f3n desde el inicio hasta el final del proceso, obteniendo una medici\u00f3n exacta de la protecci\u00f3n anticorrosiva necesaria para su negocio, evitando desperdicios de cualquier naturaleza. A partir de las operaciones con fluidos de la l\u00ednea MVAqua, la tecnolog\u00eda V-active proporciona protecci\u00f3n a las piezas ya en el proceso productivo, con la formaci\u00f3n de una pel\u00edcula protectora anticorrosiva. No necesita ser retirada para las etapas posteriores, optimiza el proceso y proporciona, como m\u00ednimo, 30 d\u00edas de protecci\u00f3n en interiores, libre de la presencia de \u00e1cidos. Los inhibidores de fase V-active tienen la misma base org\u00e1nica que los inhibidores vol\u00e1tiles contenidos en los envases activos VCI, lo que permite una superposici\u00f3n en la utilizaci\u00f3n conjunta de estas tecnolog\u00edas en la log\u00edstica, garantizando una eficiencia protectora incomparable.<\/p>\r\n<p><strong><span style=\"color: #ff6600;\">SOLUCI\u00d3N INTEGRADA ANTICORROSIVA = FLUJO EFICIENTE = REDUCCI\u00d3N DE COSTOS<\/span><\/strong> \u00a0<\/p>\r\n<p>&nbsp;<\/p>\r\n<p style=\"text-align: center;\"><strong>L\u00cdNEAS DE PRODUCTOS<\/strong><\/p>\r\n<p>&nbsp;<\/p>\r\n\r\n<figure class=\"wp-block-table aligncenter is-style-regular\">\r\n<table class=\"has-fixed-layout\">\r\n<thead>\r\n<tr>\r\n<th class=\"has-text-align-center\" data-align=\"center\"><mark class=\"has-inline-color has-secondary-color\" style=\"background-color: rgba(0, 0, 0, 0);\">Producto<\/mark><\/th>\r\n<th class=\"has-text-align-center\" data-align=\"center\"><mark class=\"has-inline-color has-secondary-color\" style=\"background-color: rgba(0, 0, 0, 0);\">Descripci\u00f3n<\/mark><\/th>\r\n<th class=\"has-text-align-center\" data-align=\"center\"><mark class=\"has-inline-color has-secondary-color\" style=\"background-color: rgba(0, 0, 0, 0);\">Ficha<\/mark><\/th>\r\n<\/tr>\r\n<\/thead>\r\n<tbody>\r\n<tr>\r\n<td class=\"has-text-align-center\" data-align=\"center\">MVAQUA300<\/td>\r\n<td class=\"has-text-align-center\" data-align=\"center\">FLUIDO ANTICORROSIVO BASE ACUOSA PARA PROTECCI\u00d3N INDOOR<\/td>\r\n<td class=\"has-text-align-center\" data-align=\"center\"><a href=\"#\">Ver ficha t\u00e9cnica<\/a><\/td>\r\n<\/tr>\r\n<tr>\r\n<td class=\"has-text-align-center\" data-align=\"center\">MVAQUA2309D12<\/td>\r\n<td class=\"has-text-align-center\" data-align=\"center\">RESINA LIQUIDA ANTICORROSIVA BASE ACUOSA PARA PROTECCION OUTDOOR<\/td>\r\n<td class=\"has-text-align-center\" data-align=\"center\"><a href=\"#\">Ver ficha t\u00e9cnica<\/a><\/td>\r\n<\/tr>\r\n<\/tbody>\r\n<\/table>\r\n<\/figure>","protected":false},"excerpt":{"rendered":"<p>Ofrecemos fluidos de protecci\u00f3n anticorrosiva para el proceso de almacenamiento y log\u00edstica. Nuestros fluidos contienen la tecnolog\u00eda V-active, que forma una pel\u00edcula con una barrera antioxidante en la superficie met\u00e1lica y proporciona, indiscutiblemente, la mejor protecci\u00f3n anticorrosiva del mercado.<\/p>\n","protected":false},"featured_media":591,"template":"","meta":[],"product_brand":[],"product_cat":[25],"product_tag":[37,75,74],"class_list":{"0":"post-414","1":"product","2":"type-product","3":"status-publish","4":"has-post-thumbnail","6":"product_cat-productos-anticorrosivos-vci","7":"product_tag-anticorrosivos","8":"product_tag-fluidos-protectores","9":"product_tag-vci","11":"first","12":"instock","13":"shipping-taxable","14":"purchasable","15":"product-type-simple"},"yoast_head":"<!-- This site is optimized with the Yoast SEO plugin v26.5 - https:\/\/yoast.com\/wordpress\/plugins\/seo\/ -->\n<title>Fluidos Protectores  Anticorrosivos VCI - Castle Global UY<\/title>\n<meta name=\"robots\" content=\"index, follow, max-snippet:-1, max-image-preview:large, max-video-preview:-1\" \/>\n<link rel=\"canonical\" href=\"https:\/\/castle-global.com\/uy\/catalogo\/productos-anticorrosivos-vci\/fluidos-protectores-anticorrosivos-vci\/\" \/>\n<meta property=\"og:locale\" content=\"es_ES\" \/>\n<meta property=\"og:type\" content=\"article\" \/>\n<meta property=\"og:title\" content=\"Fluidos Protectores  Anticorrosivos VCI - Castle Global UY\" \/>\n<meta property=\"og:description\" content=\"Ofrecemos fluidos de protecci\u00f3n anticorrosiva para el proceso de almacenamiento y log\u00edstica. Nuestros fluidos contienen la tecnolog\u00eda V-active, que forma una pel\u00edcula con una barrera antioxidante en la superficie met\u00e1lica y proporciona, indiscutiblemente, la mejor protecci\u00f3n anticorrosiva del mercado.\" \/>\n<meta property=\"og:url\" content=\"https:\/\/castle-global.com\/uy\/catalogo\/productos-anticorrosivos-vci\/fluidos-protectores-anticorrosivos-vci\/\" \/>\n<meta property=\"og:site_name\" content=\"Castle Global UY\" \/>\n<meta property=\"article:modified_time\" content=\"2024-11-28T17:54:02+00:00\" \/>\n<meta property=\"og:image\" content=\"https:\/\/castle-global.com\/uy\/wp-content\/uploads\/sites\/3\/2024\/11\/Fluidos-Protectores-Base-Acuosa-.jpg\" \/>\n\t<meta property=\"og:image:width\" content=\"768\" \/>\n\t<meta property=\"og:image:height\" content=\"768\" \/>\n\t<meta property=\"og:image:type\" content=\"image\/jpeg\" \/>\n<meta name=\"twitter:card\" content=\"summary_large_image\" \/>\n<meta name=\"twitter:label1\" content=\"Tiempo de lectura\" \/>\n\t<meta name=\"twitter:data1\" content=\"2 minutos\" \/>\n<script type=\"application\/ld+json\" class=\"yoast-schema-graph\">{\"@context\":\"https:\/\/schema.org\",\"@graph\":[{\"@type\":\"WebPage\",\"@id\":\"https:\/\/castle-global.com\/uy\/catalogo\/productos-anticorrosivos-vci\/fluidos-protectores-anticorrosivos-vci\/\",\"url\":\"https:\/\/castle-global.com\/uy\/catalogo\/productos-anticorrosivos-vci\/fluidos-protectores-anticorrosivos-vci\/\",\"name\":\"Fluidos Protectores Anticorrosivos VCI - Castle Global UY\",\"isPartOf\":{\"@id\":\"https:\/\/castle-global.com\/uy\/#website\"},\"primaryImageOfPage\":{\"@id\":\"https:\/\/castle-global.com\/uy\/catalogo\/productos-anticorrosivos-vci\/fluidos-protectores-anticorrosivos-vci\/#primaryimage\"},\"image\":{\"@id\":\"https:\/\/castle-global.com\/uy\/catalogo\/productos-anticorrosivos-vci\/fluidos-protectores-anticorrosivos-vci\/#primaryimage\"},\"thumbnailUrl\":\"https:\/\/castle-global.com\/uy\/wp-content\/uploads\/sites\/3\/2024\/11\/Fluidos-Protectores-Base-Acuosa-.jpg\",\"datePublished\":\"2024-11-08T13:59:03+00:00\",\"dateModified\":\"2024-11-28T17:54:02+00:00\",\"breadcrumb\":{\"@id\":\"https:\/\/castle-global.com\/uy\/catalogo\/productos-anticorrosivos-vci\/fluidos-protectores-anticorrosivos-vci\/#breadcrumb\"},\"inLanguage\":\"es-AR\",\"potentialAction\":[{\"@type\":\"ReadAction\",\"target\":[\"https:\/\/castle-global.com\/uy\/catalogo\/productos-anticorrosivos-vci\/fluidos-protectores-anticorrosivos-vci\/\"]}]},{\"@type\":\"ImageObject\",\"inLanguage\":\"es-AR\",\"@id\":\"https:\/\/castle-global.com\/uy\/catalogo\/productos-anticorrosivos-vci\/fluidos-protectores-anticorrosivos-vci\/#primaryimage\",\"url\":\"https:\/\/castle-global.com\/uy\/wp-content\/uploads\/sites\/3\/2024\/11\/Fluidos-Protectores-Base-Acuosa-.jpg\",\"contentUrl\":\"https:\/\/castle-global.com\/uy\/wp-content\/uploads\/sites\/3\/2024\/11\/Fluidos-Protectores-Base-Acuosa-.jpg\",\"width\":768,\"height\":768},{\"@type\":\"BreadcrumbList\",\"@id\":\"https:\/\/castle-global.com\/uy\/catalogo\/productos-anticorrosivos-vci\/fluidos-protectores-anticorrosivos-vci\/#breadcrumb\",\"itemListElement\":[{\"@type\":\"ListItem\",\"position\":1,\"name\":\"Inicio\",\"item\":\"https:\/\/castle-global.com\/uy\/\"},{\"@type\":\"ListItem\",\"position\":2,\"name\":\"Cat\u00e1logo\",\"item\":\"https:\/\/castle-global.com\/uy\/catalogo\/\"},{\"@type\":\"ListItem\",\"position\":3,\"name\":\"Fluidos Protectores Anticorrosivos VCI\"}]},{\"@type\":\"WebSite\",\"@id\":\"https:\/\/castle-global.com\/uy\/#website\",\"url\":\"https:\/\/castle-global.com\/uy\/\",\"name\":\"Castle Global UY\",\"description\":\"Soluciones de embalaje\",\"potentialAction\":[{\"@type\":\"SearchAction\",\"target\":{\"@type\":\"EntryPoint\",\"urlTemplate\":\"https:\/\/castle-global.com\/uy\/?s={search_term_string}\"},\"query-input\":{\"@type\":\"PropertyValueSpecification\",\"valueRequired\":true,\"valueName\":\"search_term_string\"}}],\"inLanguage\":\"es-AR\"}]}<\/script>\n<!-- \/ Yoast SEO plugin. -->","yoast_head_json":{"title":"Fluidos Protectores  Anticorrosivos VCI - Castle Global UY","robots":{"index":"index","follow":"follow","max-snippet":"max-snippet:-1","max-image-preview":"max-image-preview:large","max-video-preview":"max-video-preview:-1"},"canonical":"https:\/\/castle-global.com\/uy\/catalogo\/productos-anticorrosivos-vci\/fluidos-protectores-anticorrosivos-vci\/","og_locale":"es_ES","og_type":"article","og_title":"Fluidos Protectores  Anticorrosivos VCI - Castle Global UY","og_description":"Ofrecemos fluidos de protecci\u00f3n anticorrosiva para el proceso de almacenamiento y log\u00edstica. Nuestros fluidos contienen la tecnolog\u00eda V-active, que forma una pel\u00edcula con una barrera antioxidante en la superficie met\u00e1lica y proporciona, indiscutiblemente, la mejor protecci\u00f3n anticorrosiva del mercado.","og_url":"https:\/\/castle-global.com\/uy\/catalogo\/productos-anticorrosivos-vci\/fluidos-protectores-anticorrosivos-vci\/","og_site_name":"Castle Global UY","article_modified_time":"2024-11-28T17:54:02+00:00","og_image":[{"width":768,"height":768,"url":"https:\/\/castle-global.com\/uy\/wp-content\/uploads\/sites\/3\/2024\/11\/Fluidos-Protectores-Base-Acuosa-.jpg","type":"image\/jpeg"}],"twitter_card":"summary_large_image","twitter_misc":{"Tiempo de lectura":"2 minutos"},"schema":{"@context":"https:\/\/schema.org","@graph":[{"@type":"WebPage","@id":"https:\/\/castle-global.com\/uy\/catalogo\/productos-anticorrosivos-vci\/fluidos-protectores-anticorrosivos-vci\/","url":"https:\/\/castle-global.com\/uy\/catalogo\/productos-anticorrosivos-vci\/fluidos-protectores-anticorrosivos-vci\/","name":"Fluidos Protectores Anticorrosivos VCI - Castle Global UY","isPartOf":{"@id":"https:\/\/castle-global.com\/uy\/#website"},"primaryImageOfPage":{"@id":"https:\/\/castle-global.com\/uy\/catalogo\/productos-anticorrosivos-vci\/fluidos-protectores-anticorrosivos-vci\/#primaryimage"},"image":{"@id":"https:\/\/castle-global.com\/uy\/catalogo\/productos-anticorrosivos-vci\/fluidos-protectores-anticorrosivos-vci\/#primaryimage"},"thumbnailUrl":"https:\/\/castle-global.com\/uy\/wp-content\/uploads\/sites\/3\/2024\/11\/Fluidos-Protectores-Base-Acuosa-.jpg","datePublished":"2024-11-08T13:59:03+00:00","dateModified":"2024-11-28T17:54:02+00:00","breadcrumb":{"@id":"https:\/\/castle-global.com\/uy\/catalogo\/productos-anticorrosivos-vci\/fluidos-protectores-anticorrosivos-vci\/#breadcrumb"},"inLanguage":"es-AR","potentialAction":[{"@type":"ReadAction","target":["https:\/\/castle-global.com\/uy\/catalogo\/productos-anticorrosivos-vci\/fluidos-protectores-anticorrosivos-vci\/"]}]},{"@type":"ImageObject","inLanguage":"es-AR","@id":"https:\/\/castle-global.com\/uy\/catalogo\/productos-anticorrosivos-vci\/fluidos-protectores-anticorrosivos-vci\/#primaryimage","url":"https:\/\/castle-global.com\/uy\/wp-content\/uploads\/sites\/3\/2024\/11\/Fluidos-Protectores-Base-Acuosa-.jpg","contentUrl":"https:\/\/castle-global.com\/uy\/wp-content\/uploads\/sites\/3\/2024\/11\/Fluidos-Protectores-Base-Acuosa-.jpg","width":768,"height":768},{"@type":"BreadcrumbList","@id":"https:\/\/castle-global.com\/uy\/catalogo\/productos-anticorrosivos-vci\/fluidos-protectores-anticorrosivos-vci\/#breadcrumb","itemListElement":[{"@type":"ListItem","position":1,"name":"Inicio","item":"https:\/\/castle-global.com\/uy\/"},{"@type":"ListItem","position":2,"name":"Cat\u00e1logo","item":"https:\/\/castle-global.com\/uy\/catalogo\/"},{"@type":"ListItem","position":3,"name":"Fluidos Protectores Anticorrosivos VCI"}]},{"@type":"WebSite","@id":"https:\/\/castle-global.com\/uy\/#website","url":"https:\/\/castle-global.com\/uy\/","name":"Castle Global UY","description":"Soluciones de embalaje","potentialAction":[{"@type":"SearchAction","target":{"@type":"EntryPoint","urlTemplate":"https:\/\/castle-global.com\/uy\/?s={search_term_string}"},"query-input":{"@type":"PropertyValueSpecification","valueRequired":true,"valueName":"search_term_string"}}],"inLanguage":"es-AR"}]}},"_links":{"self":[{"href":"https:\/\/castle-global.com\/uy\/wp-json\/wp\/v2\/product\/414","targetHints":{"allow":["GET"]}}],"collection":[{"href":"https:\/\/castle-global.com\/uy\/wp-json\/wp\/v2\/product"}],"about":[{"href":"https:\/\/castle-global.com\/uy\/wp-json\/wp\/v2\/types\/product"}],"wp:featuredmedia":[{"embeddable":true,"href":"https:\/\/castle-global.com\/uy\/wp-json\/wp\/v2\/media\/591"}],"wp:attachment":[{"href":"https:\/\/castle-global.com\/uy\/wp-json\/wp\/v2\/media?parent=414"}],"wp:term":[{"taxonomy":"product_brand","embeddable":true,"href":"https:\/\/castle-global.com\/uy\/wp-json\/wp\/v2\/product_brand?post=414"},{"taxonomy":"product_cat","embeddable":true,"href":"https:\/\/castle-global.com\/uy\/wp-json\/wp\/v2\/product_cat?post=414"},{"taxonomy":"product_tag","embeddable":true,"href":"https:\/\/castle-global.com\/uy\/wp-json\/wp\/v2\/product_tag?post=414"}],"curies":[{"name":"wp","href":"https:\/\/api.w.org\/{rel}","templated":true}]}}