{"id":413,"date":"2024-11-08T10:48:49","date_gmt":"2024-11-08T13:48:49","guid":{"rendered":"https:\/\/castle-global.com\/uy\/?post_type=product&#038;p=413"},"modified":"2024-11-28T14:54:44","modified_gmt":"2024-11-28T17:54:44","slug":"fluidos-anticorrosivos-desengrasantes-vci","status":"publish","type":"product","link":"https:\/\/castle-global.com\/uy\/catalogo\/productos-anticorrosivos-vci\/fluidos-anticorrosivos-desengrasantes-vci\/","title":{"rendered":"Fluidos Anticorrosivos <br> Desengrasantes VCI"},"content":{"rendered":"<p><strong>Las ventajas de los fluidos anticorrosivos desengrasantes V-active son muchas:<\/strong><\/p>\r\n<ul>\r\n<li>Proporcionan hasta 60 d\u00edas de protecci\u00f3n anticorrosiva en interiores, libres de la presencia de \u00e1cidos.<\/li>\r\n<li>Menor costo de eliminaci\u00f3n y mayor longevidad del fluido.<\/li>\r\n<li>No contienen hidrocarburos de origen mineral.<\/li>\r\n<li>Reducci\u00f3n del 30% en el pasivo ambiental y laboral.<\/li>\r\n<li>Piezas siempre limpias y listas para pintura, soldadura, montaje, etc., sin necesidad de eliminar la protecci\u00f3n.<\/li>\r\n<li>Posibilitan la optimizaci\u00f3n de etapas en los procesos productivos.<\/li>\r\n<li>Cumplen con las Normas Internacionales de limpieza t\u00e9cnica ISO 16232 y VDA 19.1, as\u00ed como con las Normas T\u00e9cnicas y de Seguridad NRs 15, 16 y 20.<\/li>\r\n<li>Mantienen equipos y m\u00e1quinas limpios y protegidos contra la oxidaci\u00f3n.<\/li>\r\n<li>Seguros para la salud de los trabajadores y para el medio ambiente.<\/li>\r\n<\/ul>\r\n<p><strong>3 soluciones en un \u00fanico producto<\/strong><\/p>\r\n<p>Piezas m\u00e1s limpias y bien acabadas con los fluidos anticorrosivos desengrasantes de la l\u00ednea MVAqua. La exclusiva tecnolog\u00eda V-active proporciona acci\u00f3n 3 en 1, donde limpieza, enjuague y protecci\u00f3n ocurren en una \u00fanica operaci\u00f3n, simult\u00e1neamente.<\/p>\r\n<p><span style=\"color: #ff6600;\"><strong>Limpia:<\/strong><\/span> Fluido con alto poder de limpieza para metales ferrosos, lat\u00f3n, cobre y diversas aleaciones, sin dejar residuos. Cumple con las Normas Internacionales de limpieza t\u00e9cnica ISO 16232 y VDA 19.1.<\/p>\r\n<p><span style=\"color: #ff6600;\"><strong>Protege:<\/strong><\/span> La tecnolog\u00eda V-active proporciona formaci\u00f3n de una pel\u00edcula anticorrosiva en la superficie met\u00e1lica, con el mejor rendimiento del mercado.<\/p>\r\n<p><span style=\"color: #ff6600;\"><strong>Optimiza:<\/strong><\/span> Nuestro desengrasante tiene la capacidad de limpiar, enjuagar y proteger simult\u00e1neamente, reduciendo etapas en los procesos y costos, optimizando y aumentando la productividad.<\/p>\r\n<p>&nbsp;<\/p>\r\n<p style=\"text-align: center;\"><strong>L\u00cdNEAS DE PRODUCTOS<br \/><br \/><\/strong><\/p>\r\n\r\n<figure class=\"wp-block-table aligncenter is-style-regular\">\r\n<table class=\"has-fixed-layout\">\r\n<thead>\r\n<tr>\r\n<th class=\"has-text-align-center\" data-align=\"center\"><mark class=\"has-inline-color has-secondary-color\" style=\"background-color: rgba(0, 0, 0, 0);\">Producto<\/mark><\/th>\r\n<th class=\"has-text-align-center\" data-align=\"center\"><mark class=\"has-inline-color has-secondary-color\" style=\"background-color: rgba(0, 0, 0, 0);\">Descripci\u00f3n<\/mark><\/th>\r\n<th class=\"has-text-align-center\" data-align=\"center\"><mark class=\"has-inline-color has-secondary-color\" style=\"background-color: rgba(0, 0, 0, 0);\">Ficha<\/mark><\/th>\r\n<\/tr>\r\n<\/thead>\r\n<tbody>\r\n<tr>\r\n<td class=\"has-text-align-center\" data-align=\"center\">MVAQUA203AL<\/td>\r\n<td class=\"has-text-align-center\" data-align=\"center\">FLUIDO DESENGRASANTE ANTICORROSIVO BASE ACUOSA<\/td>\r\n<td class=\"has-text-align-center\" data-align=\"center\"><a href=\"#\">Ver ficha t\u00e9cnica<\/a><\/td>\r\n<\/tr>\r\n<\/tbody>\r\n<\/table>\r\n<\/figure>","protected":false},"excerpt":{"rendered":"<p>Contamos con una l\u00ednea de fluidos anticorrosivos desengrasantes con excelentes propiedades de limpieza, estabilidad y protecci\u00f3n. Nuestros desengrasantes no contienen sosa c\u00e1ustica ni pot\u00e1sica, ni solventes de origen mineral.<\/p>\n","protected":false},"featured_media":587,"template":"","meta":[],"product_brand":[],"product_cat":[25],"product_tag":[37,73],"class_list":{"0":"post-413","1":"product","2":"type-product","3":"status-publish","4":"has-post-thumbnail","6":"product_cat-productos-anticorrosivos-vci","7":"product_tag-anticorrosivos","8":"product_tag-desengrasantes","10":"first","11":"instock","12":"shipping-taxable","13":"purchasable","14":"product-type-simple"},"yoast_head":"<!-- This site is optimized with the Yoast SEO plugin v26.5 - https:\/\/yoast.com\/wordpress\/plugins\/seo\/ -->\n<title>Fluidos Anticorrosivos  Desengrasantes VCI - Castle Global UY<\/title>\n<meta name=\"robots\" content=\"index, follow, max-snippet:-1, max-image-preview:large, max-video-preview:-1\" \/>\n<link rel=\"canonical\" href=\"https:\/\/castle-global.com\/uy\/catalogo\/productos-anticorrosivos-vci\/fluidos-anticorrosivos-desengrasantes-vci\/\" \/>\n<meta property=\"og:locale\" content=\"es_ES\" \/>\n<meta property=\"og:type\" content=\"article\" \/>\n<meta property=\"og:title\" content=\"Fluidos Anticorrosivos  Desengrasantes VCI - Castle Global UY\" \/>\n<meta property=\"og:description\" content=\"Contamos con una l\u00ednea de fluidos anticorrosivos desengrasantes con excelentes propiedades de limpieza, estabilidad y protecci\u00f3n. Nuestros desengrasantes no contienen sosa c\u00e1ustica ni pot\u00e1sica, ni solventes de origen mineral.\" \/>\n<meta property=\"og:url\" content=\"https:\/\/castle-global.com\/uy\/catalogo\/productos-anticorrosivos-vci\/fluidos-anticorrosivos-desengrasantes-vci\/\" \/>\n<meta property=\"og:site_name\" content=\"Castle Global UY\" \/>\n<meta property=\"article:modified_time\" content=\"2024-11-28T17:54:44+00:00\" \/>\n<meta property=\"og:image\" content=\"https:\/\/castle-global.com\/uy\/wp-content\/uploads\/sites\/3\/2024\/11\/Fluidos-Desengrasantes-Anticorrosivos-VCI.jpg\" \/>\n\t<meta property=\"og:image:width\" content=\"768\" \/>\n\t<meta property=\"og:image:height\" content=\"768\" \/>\n\t<meta property=\"og:image:type\" content=\"image\/jpeg\" \/>\n<meta name=\"twitter:card\" content=\"summary_large_image\" \/>\n<meta name=\"twitter:label1\" content=\"Tiempo de lectura\" \/>\n\t<meta name=\"twitter:data1\" content=\"2 minutos\" \/>\n<script type=\"application\/ld+json\" class=\"yoast-schema-graph\">{\"@context\":\"https:\/\/schema.org\",\"@graph\":[{\"@type\":\"WebPage\",\"@id\":\"https:\/\/castle-global.com\/uy\/catalogo\/productos-anticorrosivos-vci\/fluidos-anticorrosivos-desengrasantes-vci\/\",\"url\":\"https:\/\/castle-global.com\/uy\/catalogo\/productos-anticorrosivos-vci\/fluidos-anticorrosivos-desengrasantes-vci\/\",\"name\":\"Fluidos Anticorrosivos Desengrasantes VCI - Castle Global UY\",\"isPartOf\":{\"@id\":\"https:\/\/castle-global.com\/uy\/#website\"},\"primaryImageOfPage\":{\"@id\":\"https:\/\/castle-global.com\/uy\/catalogo\/productos-anticorrosivos-vci\/fluidos-anticorrosivos-desengrasantes-vci\/#primaryimage\"},\"image\":{\"@id\":\"https:\/\/castle-global.com\/uy\/catalogo\/productos-anticorrosivos-vci\/fluidos-anticorrosivos-desengrasantes-vci\/#primaryimage\"},\"thumbnailUrl\":\"https:\/\/castle-global.com\/uy\/wp-content\/uploads\/sites\/3\/2024\/11\/Fluidos-Desengrasantes-Anticorrosivos-VCI.jpg\",\"datePublished\":\"2024-11-08T13:48:49+00:00\",\"dateModified\":\"2024-11-28T17:54:44+00:00\",\"breadcrumb\":{\"@id\":\"https:\/\/castle-global.com\/uy\/catalogo\/productos-anticorrosivos-vci\/fluidos-anticorrosivos-desengrasantes-vci\/#breadcrumb\"},\"inLanguage\":\"es-AR\",\"potentialAction\":[{\"@type\":\"ReadAction\",\"target\":[\"https:\/\/castle-global.com\/uy\/catalogo\/productos-anticorrosivos-vci\/fluidos-anticorrosivos-desengrasantes-vci\/\"]}]},{\"@type\":\"ImageObject\",\"inLanguage\":\"es-AR\",\"@id\":\"https:\/\/castle-global.com\/uy\/catalogo\/productos-anticorrosivos-vci\/fluidos-anticorrosivos-desengrasantes-vci\/#primaryimage\",\"url\":\"https:\/\/castle-global.com\/uy\/wp-content\/uploads\/sites\/3\/2024\/11\/Fluidos-Desengrasantes-Anticorrosivos-VCI.jpg\",\"contentUrl\":\"https:\/\/castle-global.com\/uy\/wp-content\/uploads\/sites\/3\/2024\/11\/Fluidos-Desengrasantes-Anticorrosivos-VCI.jpg\",\"width\":768,\"height\":768},{\"@type\":\"BreadcrumbList\",\"@id\":\"https:\/\/castle-global.com\/uy\/catalogo\/productos-anticorrosivos-vci\/fluidos-anticorrosivos-desengrasantes-vci\/#breadcrumb\",\"itemListElement\":[{\"@type\":\"ListItem\",\"position\":1,\"name\":\"Inicio\",\"item\":\"https:\/\/castle-global.com\/uy\/\"},{\"@type\":\"ListItem\",\"position\":2,\"name\":\"Cat\u00e1logo\",\"item\":\"https:\/\/castle-global.com\/uy\/catalogo\/\"},{\"@type\":\"ListItem\",\"position\":3,\"name\":\"Fluidos Anticorrosivos Desengrasantes VCI\"}]},{\"@type\":\"WebSite\",\"@id\":\"https:\/\/castle-global.com\/uy\/#website\",\"url\":\"https:\/\/castle-global.com\/uy\/\",\"name\":\"Castle Global UY\",\"description\":\"Soluciones de embalaje\",\"potentialAction\":[{\"@type\":\"SearchAction\",\"target\":{\"@type\":\"EntryPoint\",\"urlTemplate\":\"https:\/\/castle-global.com\/uy\/?s={search_term_string}\"},\"query-input\":{\"@type\":\"PropertyValueSpecification\",\"valueRequired\":true,\"valueName\":\"search_term_string\"}}],\"inLanguage\":\"es-AR\"}]}<\/script>\n<!-- \/ Yoast SEO plugin. -->","yoast_head_json":{"title":"Fluidos Anticorrosivos  Desengrasantes VCI - Castle Global UY","robots":{"index":"index","follow":"follow","max-snippet":"max-snippet:-1","max-image-preview":"max-image-preview:large","max-video-preview":"max-video-preview:-1"},"canonical":"https:\/\/castle-global.com\/uy\/catalogo\/productos-anticorrosivos-vci\/fluidos-anticorrosivos-desengrasantes-vci\/","og_locale":"es_ES","og_type":"article","og_title":"Fluidos Anticorrosivos  Desengrasantes VCI - Castle Global UY","og_description":"Contamos con una l\u00ednea de fluidos anticorrosivos desengrasantes con excelentes propiedades de limpieza, estabilidad y protecci\u00f3n. Nuestros desengrasantes no contienen sosa c\u00e1ustica ni pot\u00e1sica, ni solventes de origen mineral.","og_url":"https:\/\/castle-global.com\/uy\/catalogo\/productos-anticorrosivos-vci\/fluidos-anticorrosivos-desengrasantes-vci\/","og_site_name":"Castle Global UY","article_modified_time":"2024-11-28T17:54:44+00:00","og_image":[{"width":768,"height":768,"url":"https:\/\/castle-global.com\/uy\/wp-content\/uploads\/sites\/3\/2024\/11\/Fluidos-Desengrasantes-Anticorrosivos-VCI.jpg","type":"image\/jpeg"}],"twitter_card":"summary_large_image","twitter_misc":{"Tiempo de lectura":"2 minutos"},"schema":{"@context":"https:\/\/schema.org","@graph":[{"@type":"WebPage","@id":"https:\/\/castle-global.com\/uy\/catalogo\/productos-anticorrosivos-vci\/fluidos-anticorrosivos-desengrasantes-vci\/","url":"https:\/\/castle-global.com\/uy\/catalogo\/productos-anticorrosivos-vci\/fluidos-anticorrosivos-desengrasantes-vci\/","name":"Fluidos Anticorrosivos Desengrasantes VCI - Castle Global UY","isPartOf":{"@id":"https:\/\/castle-global.com\/uy\/#website"},"primaryImageOfPage":{"@id":"https:\/\/castle-global.com\/uy\/catalogo\/productos-anticorrosivos-vci\/fluidos-anticorrosivos-desengrasantes-vci\/#primaryimage"},"image":{"@id":"https:\/\/castle-global.com\/uy\/catalogo\/productos-anticorrosivos-vci\/fluidos-anticorrosivos-desengrasantes-vci\/#primaryimage"},"thumbnailUrl":"https:\/\/castle-global.com\/uy\/wp-content\/uploads\/sites\/3\/2024\/11\/Fluidos-Desengrasantes-Anticorrosivos-VCI.jpg","datePublished":"2024-11-08T13:48:49+00:00","dateModified":"2024-11-28T17:54:44+00:00","breadcrumb":{"@id":"https:\/\/castle-global.com\/uy\/catalogo\/productos-anticorrosivos-vci\/fluidos-anticorrosivos-desengrasantes-vci\/#breadcrumb"},"inLanguage":"es-AR","potentialAction":[{"@type":"ReadAction","target":["https:\/\/castle-global.com\/uy\/catalogo\/productos-anticorrosivos-vci\/fluidos-anticorrosivos-desengrasantes-vci\/"]}]},{"@type":"ImageObject","inLanguage":"es-AR","@id":"https:\/\/castle-global.com\/uy\/catalogo\/productos-anticorrosivos-vci\/fluidos-anticorrosivos-desengrasantes-vci\/#primaryimage","url":"https:\/\/castle-global.com\/uy\/wp-content\/uploads\/sites\/3\/2024\/11\/Fluidos-Desengrasantes-Anticorrosivos-VCI.jpg","contentUrl":"https:\/\/castle-global.com\/uy\/wp-content\/uploads\/sites\/3\/2024\/11\/Fluidos-Desengrasantes-Anticorrosivos-VCI.jpg","width":768,"height":768},{"@type":"BreadcrumbList","@id":"https:\/\/castle-global.com\/uy\/catalogo\/productos-anticorrosivos-vci\/fluidos-anticorrosivos-desengrasantes-vci\/#breadcrumb","itemListElement":[{"@type":"ListItem","position":1,"name":"Inicio","item":"https:\/\/castle-global.com\/uy\/"},{"@type":"ListItem","position":2,"name":"Cat\u00e1logo","item":"https:\/\/castle-global.com\/uy\/catalogo\/"},{"@type":"ListItem","position":3,"name":"Fluidos Anticorrosivos Desengrasantes VCI"}]},{"@type":"WebSite","@id":"https:\/\/castle-global.com\/uy\/#website","url":"https:\/\/castle-global.com\/uy\/","name":"Castle Global UY","description":"Soluciones de embalaje","potentialAction":[{"@type":"SearchAction","target":{"@type":"EntryPoint","urlTemplate":"https:\/\/castle-global.com\/uy\/?s={search_term_string}"},"query-input":{"@type":"PropertyValueSpecification","valueRequired":true,"valueName":"search_term_string"}}],"inLanguage":"es-AR"}]}},"_links":{"self":[{"href":"https:\/\/castle-global.com\/uy\/wp-json\/wp\/v2\/product\/413","targetHints":{"allow":["GET"]}}],"collection":[{"href":"https:\/\/castle-global.com\/uy\/wp-json\/wp\/v2\/product"}],"about":[{"href":"https:\/\/castle-global.com\/uy\/wp-json\/wp\/v2\/types\/product"}],"wp:featuredmedia":[{"embeddable":true,"href":"https:\/\/castle-global.com\/uy\/wp-json\/wp\/v2\/media\/587"}],"wp:attachment":[{"href":"https:\/\/castle-global.com\/uy\/wp-json\/wp\/v2\/media?parent=413"}],"wp:term":[{"taxonomy":"product_brand","embeddable":true,"href":"https:\/\/castle-global.com\/uy\/wp-json\/wp\/v2\/product_brand?post=413"},{"taxonomy":"product_cat","embeddable":true,"href":"https:\/\/castle-global.com\/uy\/wp-json\/wp\/v2\/product_cat?post=413"},{"taxonomy":"product_tag","embeddable":true,"href":"https:\/\/castle-global.com\/uy\/wp-json\/wp\/v2\/product_tag?post=413"}],"curies":[{"name":"wp","href":"https:\/\/api.w.org\/{rel}","templated":true}]}}