{"id":405,"date":"2024-11-08T09:42:42","date_gmt":"2024-11-08T12:42:42","guid":{"rendered":"https:\/\/castle-global.com\/uy\/?post_type=product&#038;p=405"},"modified":"2024-11-12T08:30:08","modified_gmt":"2024-11-12T11:30:08","slug":"fluidos-anticorrosivos-para-mecanizado-v-active","status":"publish","type":"product","link":"https:\/\/castle-global.com\/uy\/catalogo\/productos-anticorrosivos-vci\/fluidos-anticorrosivos-para-mecanizado-v-active\/","title":{"rendered":"Fluidos Anticorrosivos para Mecanizado V-active\u00ae"},"content":{"rendered":"<p><strong>Las ventajas de los fluidos anticorrosivos de la l\u00ednea MVAqua\u00ae V-active\u00ae son muchas, como:<\/strong><\/p>\r\n<ul>\r\n<li>Protecci\u00f3n anticorrosiva de las piezas desde el inicio hasta el final de la producci\u00f3n.<\/li>\r\n<li>Menor costo de protecci\u00f3n anticorrosiva a corto plazo asociado a ganancias importantes en productividad.<\/li>\r\n<li>Protecci\u00f3n de un m\u00ednimo de 30 d\u00edas en interiores, libre de la presencia de atm\u00f3sfera \u00e1cida.<\/li>\r\n<li>Piezas siempre limpias y listas para pintura, soldadura, montaje, etc.<\/li>\r\n<li>Pleno enfriamiento, lubricidad y adstringencia adecuadas que garantizan productividad y acabado.<\/li>\r\n<li>Forma una pel\u00edcula antioxidante de espesor medido en angstroms que no interfiere en las mediciones.<\/li>\r\n<li>Mayor vida \u00fatil de las m\u00e1quinas y menor costo de mantenimiento de raspadores, husillos, sellos, gomas en general, etc.<\/li>\r\n<li>Capaz de sustituir aceite integral en varias situaciones.<\/li>\r\n<li>No contiene aceites de origen vegetal, mineral o animal.<\/li>\r\n<li>El protector a base de agua ofrece m\u00e1s salud a los colaboradores al proporcionar un ambiente m\u00e1s limpio, libre de residuos s\u00f3lidos y gases t\u00f3xicos.<\/li>\r\n<\/ul>\r\n<p><strong>3 soluciones en un \u00fanico producto<\/strong> <span style=\"color: #ff6600;\"><strong>Planta<\/strong><\/span> Fluido a base de agua, con pleno enfriamiento, lubricidad y adstringencia adecuadas, garantiza productividad, acabado y longevidad de las herramientas. <span style=\"color: #ff6600;\"><strong>Protege<\/strong><\/span> Con la tecnolog\u00eda V-active\u00ae, forma una pel\u00edcula anticorrosiva en la superficie de la pieza que, indiscutiblemente, confiere la mejor protecci\u00f3n temporal del mercado. <span style=\"color: #ff6600;\"><strong>Optimiza<\/strong><\/span> La l\u00ednea MVAqua\u00ae V-active\u00ae, al mismo tiempo que mecaniza, protege, eliminando la necesidad de una aplicaci\u00f3n adicional de aceite protector y la posterior limpieza de la pieza. Aumenta la productividad y reduce etapas de procesos y costos, permitiendo un flujo m\u00e1s eficiente.<\/p>\r\n<p>&nbsp;<\/p>\r\n<p style=\"text-align: center;\"><strong>L\u00cdNEAS DE PRODUCTOS<\/strong><\/p>\r\n\r\n<figure class=\"wp-block-table aligncenter is-style-regular\">\r\n<table class=\"has-fixed-layout\">\r\n<thead>\r\n<tr>\r\n<th class=\"has-text-align-center\" data-align=\"center\"><mark class=\"has-inline-color has-secondary-color\" style=\"background-color: rgba(0, 0, 0, 0);\">Producto<\/mark><\/th>\r\n<th class=\"has-text-align-center\" data-align=\"center\"><mark class=\"has-inline-color has-secondary-color\" style=\"background-color: rgba(0, 0, 0, 0);\">Descripci\u00f3n<\/mark><\/th>\r\n<th class=\"has-text-align-center\" data-align=\"center\"><mark class=\"has-inline-color has-secondary-color\" style=\"background-color: rgba(0, 0, 0, 0);\">Ficha<\/mark><\/th>\r\n<\/tr>\r\n<\/thead>\r\n<tbody>\r\n<tr>\r\n<td class=\"has-text-align-center\" data-align=\"center\">MVAQUA180<\/td>\r\n<td class=\"has-text-align-center\" data-align=\"center\">FLUIDO ANTICORROSIVO BASE ACUOSA PARA MECANIZADO Y RECTIFICADO<\/td>\r\n<td class=\"has-text-align-center\" data-align=\"center\"><a href=\"#\">Ver ficha t\u00e9cnica<\/a><\/td>\r\n<\/tr>\r\n<tr>\r\n<td class=\"has-text-align-center\" data-align=\"center\">MVAQUA580<\/td>\r\n<td class=\"has-text-align-center\" data-align=\"center\">FLUIDO ANTICORROSIVO BASE ACUOSA PARA ESTAMPADO Y TREFILADO<\/td>\r\n<td class=\"has-text-align-center\" data-align=\"center\"><a href=\"#\">Ver ficha t\u00e9cnica<\/a><\/td>\r\n<\/tr>\r\n<tr>\r\n<td class=\"has-text-align-center\" data-align=\"center\">ZEOX AQUA LUB<\/td>\r\n<td class=\"has-text-align-center\" data-align=\"center\">FLUIDO ANTICORROSIVO BASE ACUOSA PARA PERFORACI\u00d3N Y ROSCADO<\/td>\r\n<td class=\"has-text-align-center\" data-align=\"center\"><a href=\"#\">Ver ficha t\u00e9cnica<\/a><\/td>\r\n<\/tr>\r\n<\/tbody>\r\n<\/table>\r\n<\/figure>\r\n","protected":false},"excerpt":{"rendered":"<p>Brindamos una l\u00ednea completa de fluidos anticorrosivos para mecanizado 3 en 1.\u2028Productos con la innovadora tecnolog\u00eda V-active\u00ae que controla la refrigeraci\u00f3n con lubricidad y detergencia, proporcionando alta productividad. Hacen que el trabajo de transformaci\u00f3n del metal sea m\u00e1s seguro y preciso, cuando se combinan con la protecci\u00f3n de sus inhibidores de corrosi\u00f3n.<\/p>\n<a href=\"#\" target=\"_blank\" class=\"button secondary is-outline secondary\" rel=\"noopener\"  style=\"border-radius:10px;\">\n\t\t<span>Ver ficha t\u00e9cnica<\/span>\n\t<i class=\"icon-angle-down\" aria-hidden=\"true\" ><\/i><\/a>\n\n","protected":false},"featured_media":456,"template":"","meta":[],"product_brand":[],"product_cat":[25],"product_tag":[37,36,38,39],"class_list":{"0":"post-405","1":"product","2":"type-product","3":"status-publish","4":"has-post-thumbnail","6":"product_cat-productos-anticorrosivos-vci","7":"product_tag-anticorrosivos","8":"product_tag-fluidos","9":"product_tag-mecanizado","10":"product_tag-v-active","12":"first","13":"instock","14":"shipping-taxable","15":"purchasable","16":"product-type-simple"},"yoast_head":"<!-- This site is optimized with the Yoast SEO plugin v26.5 - https:\/\/yoast.com\/wordpress\/plugins\/seo\/ -->\n<title>Fluidos Anticorrosivos para Mecanizado V-active\u00ae - Castle Global UY<\/title>\n<meta name=\"robots\" content=\"index, follow, max-snippet:-1, max-image-preview:large, max-video-preview:-1\" \/>\n<link rel=\"canonical\" href=\"https:\/\/castle-global.com\/uy\/catalogo\/productos-anticorrosivos-vci\/fluidos-anticorrosivos-para-mecanizado-v-active\/\" \/>\n<meta property=\"og:locale\" content=\"es_ES\" \/>\n<meta property=\"og:type\" content=\"article\" \/>\n<meta property=\"og:title\" content=\"Fluidos Anticorrosivos para Mecanizado V-active\u00ae - Castle Global UY\" \/>\n<meta property=\"og:description\" content=\"Brindamos una l\u00ednea completa de fluidos anticorrosivos para mecanizado 3 en 1.\u2028Productos con la innovadora tecnolog\u00eda V-active\u00ae que controla la refrigeraci\u00f3n con lubricidad y detergencia, proporcionando alta productividad. Hacen que el trabajo de transformaci\u00f3n del metal sea m\u00e1s seguro y preciso, cuando se combinan con la protecci\u00f3n de sus inhibidores de corrosi\u00f3n.\" \/>\n<meta property=\"og:url\" content=\"https:\/\/castle-global.com\/uy\/catalogo\/productos-anticorrosivos-vci\/fluidos-anticorrosivos-para-mecanizado-v-active\/\" \/>\n<meta property=\"og:site_name\" content=\"Castle Global UY\" \/>\n<meta property=\"article:modified_time\" content=\"2024-11-12T11:30:08+00:00\" \/>\n<meta property=\"og:image\" content=\"https:\/\/castle-global.com\/uy\/wp-content\/uploads\/sites\/3\/2024\/11\/Group-1625.jpg\" \/>\n\t<meta property=\"og:image:width\" content=\"1152\" \/>\n\t<meta property=\"og:image:height\" content=\"1152\" \/>\n\t<meta property=\"og:image:type\" content=\"image\/jpeg\" \/>\n<meta name=\"twitter:card\" content=\"summary_large_image\" \/>\n<meta name=\"twitter:label1\" content=\"Tiempo de lectura\" \/>\n\t<meta name=\"twitter:data1\" content=\"2 minutos\" \/>\n<script type=\"application\/ld+json\" class=\"yoast-schema-graph\">{\"@context\":\"https:\/\/schema.org\",\"@graph\":[{\"@type\":\"WebPage\",\"@id\":\"https:\/\/castle-global.com\/uy\/catalogo\/productos-anticorrosivos-vci\/fluidos-anticorrosivos-para-mecanizado-v-active\/\",\"url\":\"https:\/\/castle-global.com\/uy\/catalogo\/productos-anticorrosivos-vci\/fluidos-anticorrosivos-para-mecanizado-v-active\/\",\"name\":\"Fluidos Anticorrosivos para Mecanizado V-active\u00ae - Castle Global UY\",\"isPartOf\":{\"@id\":\"https:\/\/castle-global.com\/uy\/#website\"},\"primaryImageOfPage\":{\"@id\":\"https:\/\/castle-global.com\/uy\/catalogo\/productos-anticorrosivos-vci\/fluidos-anticorrosivos-para-mecanizado-v-active\/#primaryimage\"},\"image\":{\"@id\":\"https:\/\/castle-global.com\/uy\/catalogo\/productos-anticorrosivos-vci\/fluidos-anticorrosivos-para-mecanizado-v-active\/#primaryimage\"},\"thumbnailUrl\":\"https:\/\/castle-global.com\/uy\/wp-content\/uploads\/sites\/3\/2024\/11\/Group-1625.jpg\",\"datePublished\":\"2024-11-08T12:42:42+00:00\",\"dateModified\":\"2024-11-12T11:30:08+00:00\",\"breadcrumb\":{\"@id\":\"https:\/\/castle-global.com\/uy\/catalogo\/productos-anticorrosivos-vci\/fluidos-anticorrosivos-para-mecanizado-v-active\/#breadcrumb\"},\"inLanguage\":\"es-AR\",\"potentialAction\":[{\"@type\":\"ReadAction\",\"target\":[\"https:\/\/castle-global.com\/uy\/catalogo\/productos-anticorrosivos-vci\/fluidos-anticorrosivos-para-mecanizado-v-active\/\"]}]},{\"@type\":\"ImageObject\",\"inLanguage\":\"es-AR\",\"@id\":\"https:\/\/castle-global.com\/uy\/catalogo\/productos-anticorrosivos-vci\/fluidos-anticorrosivos-para-mecanizado-v-active\/#primaryimage\",\"url\":\"https:\/\/castle-global.com\/uy\/wp-content\/uploads\/sites\/3\/2024\/11\/Group-1625.jpg\",\"contentUrl\":\"https:\/\/castle-global.com\/uy\/wp-content\/uploads\/sites\/3\/2024\/11\/Group-1625.jpg\",\"width\":1152,\"height\":1152},{\"@type\":\"BreadcrumbList\",\"@id\":\"https:\/\/castle-global.com\/uy\/catalogo\/productos-anticorrosivos-vci\/fluidos-anticorrosivos-para-mecanizado-v-active\/#breadcrumb\",\"itemListElement\":[{\"@type\":\"ListItem\",\"position\":1,\"name\":\"Inicio\",\"item\":\"https:\/\/castle-global.com\/uy\/\"},{\"@type\":\"ListItem\",\"position\":2,\"name\":\"Cat\u00e1logo\",\"item\":\"https:\/\/castle-global.com\/uy\/catalogo\/\"},{\"@type\":\"ListItem\",\"position\":3,\"name\":\"Fluidos Anticorrosivos para Mecanizado V-active\u00ae\"}]},{\"@type\":\"WebSite\",\"@id\":\"https:\/\/castle-global.com\/uy\/#website\",\"url\":\"https:\/\/castle-global.com\/uy\/\",\"name\":\"Castle Global UY\",\"description\":\"Soluciones de embalaje\",\"potentialAction\":[{\"@type\":\"SearchAction\",\"target\":{\"@type\":\"EntryPoint\",\"urlTemplate\":\"https:\/\/castle-global.com\/uy\/?s={search_term_string}\"},\"query-input\":{\"@type\":\"PropertyValueSpecification\",\"valueRequired\":true,\"valueName\":\"search_term_string\"}}],\"inLanguage\":\"es-AR\"}]}<\/script>\n<!-- \/ Yoast SEO plugin. -->","yoast_head_json":{"title":"Fluidos Anticorrosivos para Mecanizado V-active\u00ae - Castle Global UY","robots":{"index":"index","follow":"follow","max-snippet":"max-snippet:-1","max-image-preview":"max-image-preview:large","max-video-preview":"max-video-preview:-1"},"canonical":"https:\/\/castle-global.com\/uy\/catalogo\/productos-anticorrosivos-vci\/fluidos-anticorrosivos-para-mecanizado-v-active\/","og_locale":"es_ES","og_type":"article","og_title":"Fluidos Anticorrosivos para Mecanizado V-active\u00ae - Castle Global UY","og_description":"Brindamos una l\u00ednea completa de fluidos anticorrosivos para mecanizado 3 en 1.\u2028Productos con la innovadora tecnolog\u00eda V-active\u00ae que controla la refrigeraci\u00f3n con lubricidad y detergencia, proporcionando alta productividad. Hacen que el trabajo de transformaci\u00f3n del metal sea m\u00e1s seguro y preciso, cuando se combinan con la protecci\u00f3n de sus inhibidores de corrosi\u00f3n.","og_url":"https:\/\/castle-global.com\/uy\/catalogo\/productos-anticorrosivos-vci\/fluidos-anticorrosivos-para-mecanizado-v-active\/","og_site_name":"Castle Global UY","article_modified_time":"2024-11-12T11:30:08+00:00","og_image":[{"width":1152,"height":1152,"url":"https:\/\/castle-global.com\/uy\/wp-content\/uploads\/sites\/3\/2024\/11\/Group-1625.jpg","type":"image\/jpeg"}],"twitter_card":"summary_large_image","twitter_misc":{"Tiempo de lectura":"2 minutos"},"schema":{"@context":"https:\/\/schema.org","@graph":[{"@type":"WebPage","@id":"https:\/\/castle-global.com\/uy\/catalogo\/productos-anticorrosivos-vci\/fluidos-anticorrosivos-para-mecanizado-v-active\/","url":"https:\/\/castle-global.com\/uy\/catalogo\/productos-anticorrosivos-vci\/fluidos-anticorrosivos-para-mecanizado-v-active\/","name":"Fluidos Anticorrosivos para Mecanizado V-active\u00ae - Castle Global UY","isPartOf":{"@id":"https:\/\/castle-global.com\/uy\/#website"},"primaryImageOfPage":{"@id":"https:\/\/castle-global.com\/uy\/catalogo\/productos-anticorrosivos-vci\/fluidos-anticorrosivos-para-mecanizado-v-active\/#primaryimage"},"image":{"@id":"https:\/\/castle-global.com\/uy\/catalogo\/productos-anticorrosivos-vci\/fluidos-anticorrosivos-para-mecanizado-v-active\/#primaryimage"},"thumbnailUrl":"https:\/\/castle-global.com\/uy\/wp-content\/uploads\/sites\/3\/2024\/11\/Group-1625.jpg","datePublished":"2024-11-08T12:42:42+00:00","dateModified":"2024-11-12T11:30:08+00:00","breadcrumb":{"@id":"https:\/\/castle-global.com\/uy\/catalogo\/productos-anticorrosivos-vci\/fluidos-anticorrosivos-para-mecanizado-v-active\/#breadcrumb"},"inLanguage":"es-AR","potentialAction":[{"@type":"ReadAction","target":["https:\/\/castle-global.com\/uy\/catalogo\/productos-anticorrosivos-vci\/fluidos-anticorrosivos-para-mecanizado-v-active\/"]}]},{"@type":"ImageObject","inLanguage":"es-AR","@id":"https:\/\/castle-global.com\/uy\/catalogo\/productos-anticorrosivos-vci\/fluidos-anticorrosivos-para-mecanizado-v-active\/#primaryimage","url":"https:\/\/castle-global.com\/uy\/wp-content\/uploads\/sites\/3\/2024\/11\/Group-1625.jpg","contentUrl":"https:\/\/castle-global.com\/uy\/wp-content\/uploads\/sites\/3\/2024\/11\/Group-1625.jpg","width":1152,"height":1152},{"@type":"BreadcrumbList","@id":"https:\/\/castle-global.com\/uy\/catalogo\/productos-anticorrosivos-vci\/fluidos-anticorrosivos-para-mecanizado-v-active\/#breadcrumb","itemListElement":[{"@type":"ListItem","position":1,"name":"Inicio","item":"https:\/\/castle-global.com\/uy\/"},{"@type":"ListItem","position":2,"name":"Cat\u00e1logo","item":"https:\/\/castle-global.com\/uy\/catalogo\/"},{"@type":"ListItem","position":3,"name":"Fluidos Anticorrosivos para Mecanizado V-active\u00ae"}]},{"@type":"WebSite","@id":"https:\/\/castle-global.com\/uy\/#website","url":"https:\/\/castle-global.com\/uy\/","name":"Castle Global UY","description":"Soluciones de embalaje","potentialAction":[{"@type":"SearchAction","target":{"@type":"EntryPoint","urlTemplate":"https:\/\/castle-global.com\/uy\/?s={search_term_string}"},"query-input":{"@type":"PropertyValueSpecification","valueRequired":true,"valueName":"search_term_string"}}],"inLanguage":"es-AR"}]}},"_links":{"self":[{"href":"https:\/\/castle-global.com\/uy\/wp-json\/wp\/v2\/product\/405","targetHints":{"allow":["GET"]}}],"collection":[{"href":"https:\/\/castle-global.com\/uy\/wp-json\/wp\/v2\/product"}],"about":[{"href":"https:\/\/castle-global.com\/uy\/wp-json\/wp\/v2\/types\/product"}],"wp:featuredmedia":[{"embeddable":true,"href":"https:\/\/castle-global.com\/uy\/wp-json\/wp\/v2\/media\/456"}],"wp:attachment":[{"href":"https:\/\/castle-global.com\/uy\/wp-json\/wp\/v2\/media?parent=405"}],"wp:term":[{"taxonomy":"product_brand","embeddable":true,"href":"https:\/\/castle-global.com\/uy\/wp-json\/wp\/v2\/product_brand?post=405"},{"taxonomy":"product_cat","embeddable":true,"href":"https:\/\/castle-global.com\/uy\/wp-json\/wp\/v2\/product_cat?post=405"},{"taxonomy":"product_tag","embeddable":true,"href":"https:\/\/castle-global.com\/uy\/wp-json\/wp\/v2\/product_tag?post=405"}],"curies":[{"name":"wp","href":"https:\/\/api.w.org\/{rel}","templated":true}]}}