{"id":300,"date":"2024-10-22T13:49:46","date_gmt":"2024-10-22T16:49:46","guid":{"rendered":"https:\/\/castle-global.com\/uy\/?page_id=300"},"modified":"2025-12-23T16:07:49","modified_gmt":"2025-12-23T19:07:49","slug":"empresa","status":"publish","type":"page","link":"https:\/\/castle-global.com\/uy\/empresa\/","title":{"rendered":"Empresa"},"content":{"rendered":"\n\n\t<section class=\"section empresa_intro\" id=\"section_2001855141\">\n\t\t<div class=\"section-bg fill\" >\n\t\t\t\t\t\t\t\t\t\n\t\t\t\n\n\t\t<\/div>\n\n\t\t\n\n\t\t<div class=\"section-content relative\">\n\t\t\t\n\n<div class=\"row align-middle align-center empresa_intro-bg\"  id=\"row-1222262778\">\n\n\n\t<div id=\"col-1596107639\" class=\"col small-12 large-12\"  >\n\t\t\t\t<div class=\"col-inner\"  >\n\t\t\t\n\t\t\t\n\n<div class=\"row align-middle\"  id=\"row-2068958152\">\n\n\n\t<div id=\"col-1871786468\" class=\"col medium-7 small-12 large-7\"  >\n\t\t\t\t<div class=\"col-inner\"  >\n\t\t\t\n\t\t\t\n\n\t<div id=\"text-2179600977\" class=\"text\">\n\t\t\n\n<h1 class=\"mb-0\"><strong>Nuestra empresa<\/strong><\/h1>\n\t\t\n<style>\n#text-2179600977 {\n  font-size: 2rem;\n  color: rgb(255,255,255);\n}\n#text-2179600977 > * {\n  color: rgb(255,255,255);\n}\n@media (min-width:550px) {\n  #text-2179600977 {\n    font-size: 2.1rem;\n  }\n}\n<\/style>\n\t<\/div>\n\t\n\n\t\t<\/div>\n\t\t\t\t\t<\/div>\n\n\t\n\n\t<div id=\"col-902383301\" class=\"col medium-5 small-12 large-5\"  >\n\t\t\t\t<div class=\"col-inner\"  >\n\t\t\t\n\t\t\t\n\n\n\t\t<\/div>\n\t\t\t\t\t<\/div>\n\n\t\n\n<\/div>\n\n\t\t<\/div>\n\t\t\t\t\t<\/div>\n\n\t\n\n\n<style>\n#row-1222262778 > .col > .col-inner {\n  padding: 70px 10px 50px 15px;\n}\n@media (min-width:550px) {\n  #row-1222262778 > .col > .col-inner {\n    padding: 90px 10px 15px 60px;\n  }\n}\n<\/style>\n<\/div>\n<div class=\"row empresa_intro-circle\"  id=\"row-597234594\">\n\n\n\t<div id=\"col-232403223\" class=\"col small-12 large-12\"  >\n\t\t\t\t<div class=\"col-inner\"  >\n\t\t\t\n\t\t\t\n\n\n\n<svg width=\"198\" height=\"149\" viewBox=\"0 0 198 149\" fill=\"none\" xmlns=\"http:\/\/www.w3.org\/2000\/svg\">\n<circle cx=\"74.5\" cy=\"74.5\" r=\"74.5\" fill=\"#771712\"\/>\n<path d=\"M148.227 25.2273H123V49.7727H148.227V25.2273Z\" fill=\"#FE6737\"\/>\n<path d=\"M198 25.2273H172.772V49.7727H198V25.2273Z\" fill=\"#FE6737\"\/>\n<path d=\"M172.773 49.7727H148.228V75H172.773V49.7727Z\" fill=\"#FE6737\"\/>\n<path d=\"M172.773 0H148.228V25.2273H172.773V0Z\" fill=\"#FE6737\"\/>\n<\/svg>\n\n\n\t\t<\/div>\n\t\t\t\t\t<\/div>\n\n\t\n\n<\/div>\n\n\t\t<\/div>\n\n\t\t\n<style>\n#section_2001855141 {\n  padding-top: 0px;\n  padding-bottom: 0px;\n}\n<\/style>\n\t<\/section>\n\t\n\n\t<section class=\"section\" id=\"section_108229332\">\n\t\t<div class=\"section-bg fill\" >\n\t\t\t\t\t\t\t\t\t\n\t\t\t\n\n\t\t<\/div>\n\n\t\t\n\n\t\t<div class=\"section-content relative\">\n\t\t\t\n\n\t<div id=\"gap-464679124\" class=\"gap-element clearfix\" style=\"display:block; height:auto;\">\n\t\t\n<style>\n#gap-464679124 {\n  padding-top: 30px;\n}\n<\/style>\n\t<\/div>\n\t\n\n<div class=\"row row-large align-equal\"  id=\"row-710079886\">\n\n\n\t<div id=\"col-1231563645\" class=\"col medium-4 small-12 large-4\"  >\n\t\t\t\t<div class=\"col-inner\"  >\n\t\t\t\n\t\t\t\n\n<p><img decoding=\"async\" class=\"size-full wp-image-816\" src=\"https:\/\/castle-global.com\/uy\/wp-content\/uploads\/sites\/3\/2024\/12\/icon-mision.svg\" alt=\"\" \/><\/p>\n\t<div id=\"text-849335465\" class=\"text\">\n\t\t\n\n<h2><strong>Misi\u00f3n<\/strong><\/h2>\n\t\t\n<style>\n#text-849335465 {\n  font-size: 1.3rem;\n}\n<\/style>\n\t<\/div>\n\t\n<p>Protegemos la calidad de productos industriales que llegan a todas partes del mundo.<\/p>\n\n\t\t<\/div>\n\t\t\t\t\t<\/div>\n\n\t\n\n\t<div id=\"col-1730440020\" class=\"col medium-4 small-12 large-4\"  >\n\t\t\t\t<div class=\"col-inner\"  >\n\t\t\t\n\t\t\t\n\n<p><img decoding=\"async\" class=\"size-full wp-image-818\" src=\"https:\/\/castle-global.com\/uy\/wp-content\/uploads\/sites\/3\/2024\/12\/icon-vision.svg\" alt=\"\" \/><\/p>\n\t<div id=\"text-1217187990\" class=\"text\">\n\t\t\n\n<h2><strong>Visi\u00f3n<\/strong><\/h2>\n\t\t\n<style>\n#text-1217187990 {\n  font-size: 1.3rem;\n}\n<\/style>\n\t<\/div>\n\t\n<p>Asistir a la industria en la reducci\u00f3n de su impacto ambiental mediante soluciones de protecci\u00f3n avanzadas.<\/p>\n\n\t\t<\/div>\n\t\t\t\t\t<\/div>\n\n\t\n\n\t<div id=\"col-882992348\" class=\"col medium-4 small-12 large-4\"  >\n\t\t\t\t<div class=\"col-inner\"  >\n\t\t\t\n\t\t\t\n\n<p><img decoding=\"async\" class=\"size-full wp-image-817\" src=\"https:\/\/castle-global.com\/uy\/wp-content\/uploads\/sites\/3\/2024\/12\/icon-valores.svg\" alt=\"\" \/><\/p>\n\t<div id=\"text-1297845358\" class=\"text\">\n\t\t\n\n<h2><strong>Valores<\/strong><\/h2>\n\t\t\n<style>\n#text-1297845358 {\n  font-size: 1.3rem;\n}\n<\/style>\n\t<\/div>\n\t\n<p>Actuar con humildad, integridad y pasi\u00f3n por el servicio, poniendo siempre el bienestar de los dem\u00e1s en el centro de nuestras interacciones.<\/p>\n\n\t\t<\/div>\n\t\t\t\t\t<\/div>\n\n\t\n\n\n<style>\n#row-710079886 > .col > .col-inner {\n  padding: 30px 30px 15px 30px;\n  background-color: rgb(245, 245, 245);\n  border-radius: 25px;\n}\n<\/style>\n<\/div>\n\n\t\t<\/div>\n\n\t\t\n<style>\n#section_108229332 {\n  padding-top: 30px;\n  padding-bottom: 30px;\n}\n<\/style>\n\t<\/section>\n\t\n\n\t<section class=\"section\" id=\"section_965002897\">\n\t\t<div class=\"section-bg fill\" >\n\t\t\t\t\t\t\t\t\t\n\t\t\t\n\n\t\t<\/div>\n\n\t\t\n\n\t\t<div class=\"section-content relative\">\n\t\t\t\n\n<div class=\"row align-middle\"  id=\"row-591567880\">\n\n\n\t<div id=\"col-934945914\" class=\"col medium-6 small-12 large-6\"  >\n\t\t\t\t<div class=\"col-inner\"  >\n\t\t\t\n\t\t\t\n\n\t<div id=\"text-1062300161\" class=\"text\">\n\t\t\n\n<p>Lancaster Castle, conocido tambi\u00e9n como <strong>John O&#8217; Gaunt&#8217;s Castle<\/strong>, es una de las estructuras hist\u00f3ricas m\u00e1s emblem\u00e1ticas de Gran Breta\u00f1a. Sus or\u00edgenes se remontan a la \u00e9poca romana cuando, desde su imponente posici\u00f3n en la colina que domina la ciudad de Lancaster y el r\u00edo Lune, se erig\u00eda como una fortaleza contra las fuerzas invasoras de las antiguas tribus de los pictos y escotos.<br \/>Los inicios de <strong>Castle S.A., como especialista en soluciones integrales de embalaje y anticorrosivos<\/strong>, se inspiraron en este s\u00edmbolo de protecci\u00f3n y fortaleza. Los tiempos evolucionan, pero nuestra misi\u00f3n siempre ha sido firme.<\/p>\n\t\t\n<style>\n#text-1062300161 {\n  font-size: 1.2rem;\n}\n<\/style>\n\t<\/div>\n\t\n<a href=\"https:\/\/castle-global.com\/wp-content\/uploads\/sites\/2\/2025\/12\/Politica%20(1).pdf\" target=\"_blank\" class=\"button primary expand\" rel=\"noopener\"  >\n\t\t<span>Pol\u00edtica de Calidad<\/span>\n\t<\/a>\n\n\n\n\t\t<\/div>\n\t\t\t\t\t<\/div>\n\n\t\n\n\t<div id=\"col-2024608959\" class=\"col medium-6 small-12 large-6\"  >\n\t\t\t\t<div class=\"col-inner text-center\"  >\n\t\t\t\n\t\t\t\n\n\t<div class=\"img has-hover x md-x lg-x y md-y lg-y\" id=\"image_1963633121\">\n\t\t\t\t\t\t\t\t<div class=\"img-inner dark\" >\n\t\t\t<img loading=\"lazy\" decoding=\"async\" width=\"936\" height=\"576\" src=\"https:\/\/castle-global.com\/uy\/wp-content\/uploads\/sites\/3\/2024\/12\/Group-1604.png\" class=\"attachment-original size-original\" alt=\"\" srcset=\"https:\/\/castle-global.com\/uy\/wp-content\/uploads\/sites\/3\/2024\/12\/Group-1604.png 936w, https:\/\/castle-global.com\/uy\/wp-content\/uploads\/sites\/3\/2024\/12\/Group-1604-300x185.png 300w, https:\/\/castle-global.com\/uy\/wp-content\/uploads\/sites\/3\/2024\/12\/Group-1604-768x473.png 768w, https:\/\/castle-global.com\/uy\/wp-content\/uploads\/sites\/3\/2024\/12\/Group-1604-600x369.png 600w\" sizes=\"auto, (max-width: 936px) 100vw, 936px\" \/>\t\t\t\t\t\t\n\t\t\t\t\t<\/div>\n\t\t\t\t\t\t\t\t\n<style>\n#image_1963633121 {\n  width: 100%;\n}\n<\/style>\n\t<\/div>\n\t\n\n\n\t\t<\/div>\n\t\t\t\t\t<\/div>\n\n\t\n\n<\/div>\n\n\t\t<\/div>\n\n\t\t\n<style>\n#section_965002897 {\n  padding-top: 30px;\n  padding-bottom: 30px;\n}\n<\/style>\n\t<\/section>\n\t\n\n\t<section class=\"section\" id=\"section_1704399940\">\n\t\t<div class=\"section-bg fill\" >\n\t\t\t\t\t\t\t\t\t\n\t\t\t\n\n\t\t<\/div>\n\n\t\t\n\n\t\t<div class=\"section-content relative\">\n\t\t\t\n\n<div class=\"row\"  id=\"row-875617162\">\n\n\n\t<div id=\"col-858130189\" class=\"col small-12 large-12\"  >\n\t\t\t\t<div class=\"col-inner\" style=\"background-color:#771712;\" >\n\t\t\t\n\t\t\t\n\n<div class=\"row row-full-width\"  id=\"row-723782674\">\n\n\n\t<div id=\"col-1589611830\" class=\"col medium-6 small-12 large-6\"  >\n\t\t\t\t<div class=\"col-inner\"  >\n\t\t\t\n\t\t\t\n\n\t<div id=\"text-2666157660\" class=\"text\">\n\t\t\n\n<h2><strong>Certificaciones<\/strong><\/h2>\n\t\t\n<style>\n#text-2666157660 {\n  font-size: 1.5rem;\n  color: rgb(255,255,255);\n}\n#text-2666157660 > * {\n  color: rgb(255,255,255);\n}\n<\/style>\n\t<\/div>\n\t\n\t<div id=\"text-3368281097\" class=\"text\">\n\t\t\n\n<p>Contamos con el certificado de calidad ISO 9001 y el sello Bondmark, que garantiza excelentes est\u00e1ndares de calidad internacionales.<\/p>\n<a href=\"https:\/\/castle-global.com\/wp-content\/uploads\/sites\/4\/2025\/12\/CASTLE%20S.A%209001%20iram%20(1).pdf\" class=\"button secondary\"  >\n\t\t<span>Certificaciones Castle S.A.<\/span>\n\t<\/a>\n\n\t\t\n<style>\n#text-3368281097 {\n  font-size: 1.1rem;\n  color: rgb(255,255,255);\n}\n#text-3368281097 > * {\n  color: rgb(255,255,255);\n}\n<\/style>\n\t<\/div>\n\t\n\n\t\t<\/div>\n\t\t\t\t\t<\/div>\n\n\t\n\n\t<div id=\"col-317859885\" class=\"col medium-6 small-12 large-6\"  >\n\t\t\t\t<div class=\"col-inner text-center\"  >\n\t\t\t\n\t\t\t\n\n\t<div class=\"img has-hover x md-x lg-x y md-y lg-y\" id=\"image_655334193\">\n\t\t\t\t\t\t\t\t<div class=\"img-inner dark\" >\n\t\t\t<img decoding=\"async\" src=\"https:\/\/castle-global.com\/uy\/wp-content\/uploads\/sites\/3\/2024\/10\/certificat.svg\" class=\"attachment-original size-original\" alt=\"\" \/>\t\t\t\t\t\t\n\t\t\t\t\t<\/div>\n\t\t\t\t\t\t\t\t\n<style>\n#image_655334193 {\n  width: 100%;\n}\n@media (min-width:550px) {\n  #image_655334193 {\n    width: 100%;\n  }\n}\n<\/style>\n\t<\/div>\n\t\n\n\n\t\t<\/div>\n\t\t\t\t\t<\/div>\n\n\t\n\n\n<style>\n#row-723782674 > .col > .col-inner {\n  padding: 45px 30px 0px 30px;\n}\n@media (min-width:550px) {\n  #row-723782674 > .col > .col-inner {\n    padding: 45px 60px 0px 60px;\n  }\n}\n<\/style>\n<\/div>\n\n\t\t<\/div>\n\t\t\t\t\n<style>\n#col-858130189 > .col-inner {\n  border-radius: 25px;\n}\n<\/style>\n\t<\/div>\n\n\t\n\n<\/div>\n\n\t\t<\/div>\n\n\t\t\n<style>\n#section_1704399940 {\n  padding-top: 30px;\n  padding-bottom: 30px;\n}\n<\/style>\n\t<\/section>\n\t\n\n\t<section class=\"section\" id=\"section_1222160044\">\n\t\t<div class=\"section-bg fill\" >\n\t\t\t\t\t\t\t\t\t\n\t\t\t\n\n\t\t<\/div>\n\n\t\t\n\n\t\t<div class=\"section-content relative\">\n\t\t\t\n\n\t<div id=\"gap-166945928\" class=\"gap-element clearfix\" style=\"display:block; height:auto;\">\n\t\t\n<style>\n#gap-166945928 {\n  padding-top: 30px;\n}\n<\/style>\n\t<\/div>\n\t\n\n<div class=\"row\"  id=\"row-682597526\">\n\n\n\t<div id=\"col-1836846097\" class=\"col medium-6 small-12 large-6\"  >\n\t\t\t\t<div class=\"col-inner\"  >\n\t\t\t\n\t\t\t\n\n\t<div id=\"text-319025940\" class=\"text\">\n\t\t\n\n<p>Nuestro equipo est\u00e1 compuesto por profesionales con a\u00f1os de experiencia en la industria, altamente capacitados para brindar un servicio personalizado que se adapta a las necesidades espec\u00edficas de cada cliente. Nos interiorizamos<\/p>\n\t\t\n<style>\n#text-319025940 {\n  font-size: 1.25rem;\n}\n<\/style>\n\t<\/div>\n\t\n\n\t\t<\/div>\n\t\t\t\t\n<style>\n#col-1836846097 > .col-inner {\n  padding: 0px 0px 0px 0px;\n}\n@media (min-width:550px) {\n  #col-1836846097 > .col-inner {\n    padding: 0px 0px 0px 0px;\n  }\n}\n<\/style>\n\t<\/div>\n\n\t\n\n\t<div id=\"col-1050986424\" class=\"col hide-for-small medium-6 small-12 large-6\"  >\n\t\t\t\t<div class=\"col-inner\"  >\n\t\t\t\n\t\t\t\n\n\t<div id=\"text-100422741\" class=\"text\">\n\t\t\n\n<p>en el proceso productivo de nuestros clientes, buscando no solo optimizar el uso de los productos suministrados, sino tambi\u00e9n identificar y sugerir alternativas m\u00e1s adecuadas cuando sea necesario.<\/p>\n\t\t\n<style>\n#text-100422741 {\n  font-size: 1.25rem;\n}\n<\/style>\n\t<\/div>\n\t\n\n\t\t<\/div>\n\t\t\t\t\t<\/div>\n\n\t\n\n<\/div>\n\n\t\t<\/div>\n\n\t\t\n<style>\n#section_1222160044 {\n  padding-top: 30px;\n  padding-bottom: 30px;\n}\n<\/style>\n\t<\/section>\n\t\n\n\t<section class=\"section empresa_form\" id=\"section_418318506\">\n\t\t<div class=\"section-bg fill\" >\n\t\t\t\t\t\t\t\t\t\n\t\t\t\n\n\t\t<\/div>\n\n\t\t\n\n\t\t<div class=\"section-content relative\">\n\t\t\t\n\n<div class=\"row\"  id=\"row-1975730342\">\n\n\n\t<div id=\"col-565490118\" class=\"col small-12 large-12\"  >\n\t\t\t\t<div class=\"col-inner\" style=\"background-color:rgb(245, 245, 245);\" >\n\t\t\t\n\t\t\t\n\n<div class=\"row row-full-width align-middle\"  id=\"row-1558924763\">\n\n\n\t<div id=\"col-674123017\" class=\"col medium-6 small-12 large-6\"  >\n\t\t\t\t<div class=\"col-inner\"  >\n\t\t\t\n\t\t\t\n\n\t\t<div class=\"hide-for-small\">\n\t\t\t\t\n\n<svg style=\"\nposition: absolute;\ntop: 15px;\nleft: 15px;\nz-index: 0;\"\nwidth=\"124\" height=\"124\" viewBox=\"0 0 124 124\" fill=\"none\" xmlns=\"http:\/\/www.w3.org\/2000\/svg\">\n<circle cx=\"62\" cy=\"62\" r=\"62\" fill=\"#FE6737\" fill-opacity=\"0.4\"\/>\n<\/svg>\n\t\t<\/div>\n\t\n\t<div id=\"text-535786775\" class=\"text\">\n\t\t\n\n<h2 style=\"position: relative; z-index: 1;\"><strong>\u00bfTe gustar\u00eda trabajar con nosotros?<\/strong><\/h2>\n\t\t\n<style>\n#text-535786775 {\n  font-size: 1.5rem;\n  color: #581d1e;\n}\n#text-535786775 > * {\n  color: #581d1e;\n}\n<\/style>\n\t<\/div>\n\t\n\t<div id=\"text-3690295627\" class=\"text\">\n\t\t\n\n<p>\u00a1Sumate a nuestra base de talento!<br \/>Dejanos tus datos.<\/p>\n\t\t\n<style>\n#text-3690295627 {\n  font-size: 1.1rem;\n}\n<\/style>\n\t<\/div>\n\t\n\t<div class=\"img has-hover x md-x lg-x y md-y lg-y\" id=\"image_171713881\">\n\t\t\t\t\t\t\t\t<div class=\"img-inner dark\" >\n\t\t\t<img loading=\"lazy\" decoding=\"async\" width=\"639\" height=\"297\" src=\"https:\/\/castle-global.com\/uy\/wp-content\/uploads\/sites\/3\/2024\/12\/Group-1633.png\" class=\"attachment-original size-original\" alt=\"\" srcset=\"https:\/\/castle-global.com\/uy\/wp-content\/uploads\/sites\/3\/2024\/12\/Group-1633.png 639w, https:\/\/castle-global.com\/uy\/wp-content\/uploads\/sites\/3\/2024\/12\/Group-1633-300x139.png 300w, https:\/\/castle-global.com\/uy\/wp-content\/uploads\/sites\/3\/2024\/12\/Group-1633-600x279.png 600w\" sizes=\"auto, (max-width: 639px) 100vw, 639px\" \/>\t\t\t\t\t\t\n\t\t\t\t\t<\/div>\n\t\t\t\t\t\t\t\t\n<style>\n#image_171713881 {\n  width: 100%;\n}\n@media (min-width:550px) {\n  #image_171713881 {\n    width: 99%;\n  }\n}\n<\/style>\n\t<\/div>\n\t\n\n<a href=\"https:\/\/www.youtube.com\/watch?v=VZNh0Cf_xb4\" class=\"button primary expand open-video alignright\"  >\n\t\t<span>Ver video<\/span>\n\t<\/a>\n\n\n\n\t\t<\/div>\n\t\t\t\t\n<style>\n#col-674123017 > .col-inner {\n  padding: 30px 0px 0px 30px;\n}\n@media (min-width:550px) {\n  #col-674123017 > .col-inner {\n    padding: 60px 60px 30px 60px;\n  }\n}\n<\/style>\n\t<\/div>\n\n\t\n\n\t<div id=\"col-1954557350\" class=\"col medium-6 small-12 large-6\"  >\n\t\t\t\t<div class=\"col-inner text-left\"  >\n\t\t\t\n\t\t\t\n\n\n<div class=\"wpcf7 no-js\" id=\"wpcf7-f323-o1\" lang=\"es-AR\" dir=\"ltr\" data-wpcf7-id=\"323\">\n<div class=\"screen-reader-response\"><p role=\"status\" aria-live=\"polite\" aria-atomic=\"true\"><\/p> <ul><\/ul><\/div>\n<form action=\"\/uy\/wp-json\/wp\/v2\/pages\/300#wpcf7-f323-o1\" method=\"post\" class=\"wpcf7-form init\" aria-label=\"Formulario de contacto\" enctype=\"multipart\/form-data\" novalidate=\"novalidate\" data-status=\"init\">\n<fieldset class=\"hidden-fields-container\"><input type=\"hidden\" name=\"_wpcf7\" value=\"323\" \/><input type=\"hidden\" name=\"_wpcf7_version\" value=\"6.1.4\" \/><input type=\"hidden\" name=\"_wpcf7_locale\" value=\"es_AR\" \/><input type=\"hidden\" name=\"_wpcf7_unit_tag\" value=\"wpcf7-f323-o1\" \/><input type=\"hidden\" name=\"_wpcf7_container_post\" value=\"0\" \/><input type=\"hidden\" name=\"_wpcf7_posted_data_hash\" value=\"\" \/><input type=\"hidden\" name=\"_wpcf7_recaptcha_response\" value=\"\" \/>\n<\/fieldset>\n<p><label> <span class=\"wpcf7-form-control-wrap\" data-name=\"cg-name\"><input size=\"40\" maxlength=\"400\" class=\"wpcf7-form-control wpcf7-text wpcf7-validates-as-required\" autocomplete=\"name\" aria-required=\"true\" aria-invalid=\"false\" placeholder=\"Nombre\" value=\"\" type=\"text\" name=\"cg-name\" \/><\/span> <\/label><br \/>\n<label> <span class=\"wpcf7-form-control-wrap\" data-name=\"cg-email\"><input size=\"40\" maxlength=\"400\" class=\"wpcf7-form-control wpcf7-email wpcf7-validates-as-required wpcf7-text wpcf7-validates-as-email\" autocomplete=\"email\" aria-required=\"true\" aria-invalid=\"false\" placeholder=\"Email\" value=\"\" type=\"email\" name=\"cg-email\" \/><\/span> <\/label><br \/>\n<label> <span class=\"wpcf7-form-control-wrap\" data-name=\"cg-tel\"><input size=\"40\" maxlength=\"400\" class=\"wpcf7-form-control wpcf7-tel wpcf7-validates-as-required wpcf7-text wpcf7-validates-as-tel\" aria-required=\"true\" aria-invalid=\"false\" placeholder=\"Tel\u00e9fono\" value=\"\" type=\"tel\" name=\"cg-tel\" \/><\/span> <\/label><br \/>\n<label> <span class=\"wpcf7-form-control-wrap\" data-name=\"cg-profesion\"><input size=\"40\" maxlength=\"400\" class=\"wpcf7-form-control wpcf7-text wpcf7-validates-as-required\" aria-required=\"true\" aria-invalid=\"false\" placeholder=\"Profesi\u00f3n\" value=\"\" type=\"text\" name=\"cg-profesion\" \/><\/span> <\/label><br \/>\n<label> <span class=\"wpcf7-form-control-wrap\" data-name=\"cg-area\"><input size=\"40\" maxlength=\"400\" class=\"wpcf7-form-control wpcf7-text wpcf7-validates-as-required\" aria-required=\"true\" aria-invalid=\"false\" placeholder=\"En qu\u00e9 \u00e1rea te gustar\u00eda trabajar?\" value=\"\" type=\"text\" name=\"cg-area\" \/><\/span> <\/label>\n<\/p>\n<p><label>Adjuntar CV:<br \/>\n<span class=\"wpcf7-form-control-wrap\" data-name=\"file-190\"><input size=\"40\" class=\"wpcf7-form-control wpcf7-file\" accept=\".pdf,.txt,.doc,.docx\" aria-invalid=\"false\" type=\"file\" name=\"file-190\" \/><\/span><br \/>\n<\/label>\n<\/p>\n<p><input class=\"wpcf7-form-control wpcf7-submit has-spinner\" type=\"submit\" value=\"Enviar\" \/>\n<\/p><div class=\"wpcf7-response-output\" aria-hidden=\"true\"><\/div>\n<\/form>\n<\/div>\n\n\n\n\t\t<\/div>\n\t\t\t\t\n<style>\n#col-1954557350 > .col-inner {\n  padding: 0px 0px 0px 30px;\n}\n@media (min-width:550px) {\n  #col-1954557350 > .col-inner {\n    padding: 60px 30px 0px 0px;\n  }\n}\n<\/style>\n\t<\/div>\n\n\t\n\n<\/div>\n\n\t\t<\/div>\n\t\t\t\t\n<style>\n#col-565490118 > .col-inner {\n  border-radius: 25px;\n}\n<\/style>\n\t<\/div>\n\n\t\n\n<\/div>\n\n\t\t<\/div>\n\n\t\t\n<style>\n#section_418318506 {\n  padding-top: 30px;\n  padding-bottom: 30px;\n}\n<\/style>\n\t<\/section>\n\t\n\t<div id=\"gap-723825295\" class=\"gap-element clearfix\" style=\"display:block; height:auto;\">\n\t\t\n<style>\n#gap-723825295 {\n  padding-top: 60px;\n}\n<\/style>\n\t<\/div>\n\t\n\n\n","protected":false},"excerpt":{"rendered":"","protected":false},"author":3,"featured_media":0,"parent":0,"menu_order":0,"comment_status":"closed","ping_status":"closed","template":"page-blank.php","meta":{"footnotes":""},"class_list":["post-300","page","type-page","status-publish","hentry"],"yoast_head":"<!-- This site is optimized with the Yoast SEO plugin v26.5 - https:\/\/yoast.com\/wordpress\/plugins\/seo\/ -->\n<title>Un equipo de calidad: productos sellado y empaque - Castle Global<\/title>\n<meta name=\"description\" content=\"M\u00e1s de 20 a\u00f1os en la industria ofreciendo soluciones de cierre, empaque, sellado y transporte seguro de productos de distintos rubros.\" \/>\n<meta name=\"robots\" content=\"index, follow, max-snippet:-1, max-image-preview:large, max-video-preview:-1\" \/>\n<link rel=\"canonical\" href=\"https:\/\/castle-global.com\/uy\/empresa\/\" \/>\n<meta property=\"og:locale\" content=\"es_ES\" \/>\n<meta property=\"og:type\" content=\"article\" \/>\n<meta property=\"og:title\" content=\"Un equipo de calidad: productos sellado y empaque - Castle Global\" \/>\n<meta property=\"og:description\" content=\"M\u00e1s de 20 a\u00f1os en la industria ofreciendo soluciones de cierre, empaque, sellado y transporte seguro de productos de distintos rubros.\" \/>\n<meta property=\"og:url\" content=\"https:\/\/castle-global.com\/uy\/empresa\/\" \/>\n<meta property=\"og:site_name\" content=\"Castle Global UY\" \/>\n<meta property=\"article:modified_time\" content=\"2025-12-23T19:07:49+00:00\" \/>\n<meta name=\"twitter:card\" content=\"summary_large_image\" \/>\n<meta name=\"twitter:label1\" content=\"Tiempo de lectura\" \/>\n\t<meta name=\"twitter:data1\" content=\"3 minutos\" \/>\n<script type=\"application\/ld+json\" class=\"yoast-schema-graph\">{\"@context\":\"https:\/\/schema.org\",\"@graph\":[{\"@type\":\"WebPage\",\"@id\":\"https:\/\/castle-global.com\/uy\/empresa\/\",\"url\":\"https:\/\/castle-global.com\/uy\/empresa\/\",\"name\":\"Un equipo de calidad: productos sellado y empaque - Castle Global\",\"isPartOf\":{\"@id\":\"https:\/\/castle-global.com\/uy\/#website\"},\"primaryImageOfPage\":{\"@id\":\"https:\/\/castle-global.com\/uy\/empresa\/#primaryimage\"},\"image\":{\"@id\":\"https:\/\/castle-global.com\/uy\/empresa\/#primaryimage\"},\"thumbnailUrl\":\"https:\/\/castle-global.com\/uy\/wp-content\/uploads\/sites\/3\/2024\/12\/icon-mision.svg\",\"datePublished\":\"2024-10-22T16:49:46+00:00\",\"dateModified\":\"2025-12-23T19:07:49+00:00\",\"description\":\"M\u00e1s de 20 a\u00f1os en la industria ofreciendo soluciones de cierre, empaque, sellado y transporte seguro de productos de distintos rubros.\",\"breadcrumb\":{\"@id\":\"https:\/\/castle-global.com\/uy\/empresa\/#breadcrumb\"},\"inLanguage\":\"es-AR\",\"potentialAction\":[{\"@type\":\"ReadAction\",\"target\":[\"https:\/\/castle-global.com\/uy\/empresa\/\"]}]},{\"@type\":\"ImageObject\",\"inLanguage\":\"es-AR\",\"@id\":\"https:\/\/castle-global.com\/uy\/empresa\/#primaryimage\",\"url\":\"https:\/\/castle-global.com\/uy\/wp-content\/uploads\/sites\/3\/2024\/12\/icon-mision.svg\",\"contentUrl\":\"https:\/\/castle-global.com\/uy\/wp-content\/uploads\/sites\/3\/2024\/12\/icon-mision.svg\"},{\"@type\":\"BreadcrumbList\",\"@id\":\"https:\/\/castle-global.com\/uy\/empresa\/#breadcrumb\",\"itemListElement\":[{\"@type\":\"ListItem\",\"position\":1,\"name\":\"Inicio\",\"item\":\"https:\/\/castle-global.com\/uy\/\"},{\"@type\":\"ListItem\",\"position\":2,\"name\":\"Empresa\"}]},{\"@type\":\"WebSite\",\"@id\":\"https:\/\/castle-global.com\/uy\/#website\",\"url\":\"https:\/\/castle-global.com\/uy\/\",\"name\":\"Castle Global UY\",\"description\":\"Soluciones de embalaje\",\"potentialAction\":[{\"@type\":\"SearchAction\",\"target\":{\"@type\":\"EntryPoint\",\"urlTemplate\":\"https:\/\/castle-global.com\/uy\/?s={search_term_string}\"},\"query-input\":{\"@type\":\"PropertyValueSpecification\",\"valueRequired\":true,\"valueName\":\"search_term_string\"}}],\"inLanguage\":\"es-AR\"}]}<\/script>\n<!-- \/ Yoast SEO plugin. -->","yoast_head_json":{"title":"Un equipo de calidad: productos sellado y empaque - Castle Global","description":"M\u00e1s de 20 a\u00f1os en la industria ofreciendo soluciones de cierre, empaque, sellado y transporte seguro de productos de distintos rubros.","robots":{"index":"index","follow":"follow","max-snippet":"max-snippet:-1","max-image-preview":"max-image-preview:large","max-video-preview":"max-video-preview:-1"},"canonical":"https:\/\/castle-global.com\/uy\/empresa\/","og_locale":"es_ES","og_type":"article","og_title":"Un equipo de calidad: productos sellado y empaque - Castle Global","og_description":"M\u00e1s de 20 a\u00f1os en la industria ofreciendo soluciones de cierre, empaque, sellado y transporte seguro de productos de distintos rubros.","og_url":"https:\/\/castle-global.com\/uy\/empresa\/","og_site_name":"Castle Global UY","article_modified_time":"2025-12-23T19:07:49+00:00","twitter_card":"summary_large_image","twitter_misc":{"Tiempo de lectura":"3 minutos"},"schema":{"@context":"https:\/\/schema.org","@graph":[{"@type":"WebPage","@id":"https:\/\/castle-global.com\/uy\/empresa\/","url":"https:\/\/castle-global.com\/uy\/empresa\/","name":"Un equipo de calidad: productos sellado y empaque - Castle Global","isPartOf":{"@id":"https:\/\/castle-global.com\/uy\/#website"},"primaryImageOfPage":{"@id":"https:\/\/castle-global.com\/uy\/empresa\/#primaryimage"},"image":{"@id":"https:\/\/castle-global.com\/uy\/empresa\/#primaryimage"},"thumbnailUrl":"https:\/\/castle-global.com\/uy\/wp-content\/uploads\/sites\/3\/2024\/12\/icon-mision.svg","datePublished":"2024-10-22T16:49:46+00:00","dateModified":"2025-12-23T19:07:49+00:00","description":"M\u00e1s de 20 a\u00f1os en la industria ofreciendo soluciones de cierre, empaque, sellado y transporte seguro de productos de distintos rubros.","breadcrumb":{"@id":"https:\/\/castle-global.com\/uy\/empresa\/#breadcrumb"},"inLanguage":"es-AR","potentialAction":[{"@type":"ReadAction","target":["https:\/\/castle-global.com\/uy\/empresa\/"]}]},{"@type":"ImageObject","inLanguage":"es-AR","@id":"https:\/\/castle-global.com\/uy\/empresa\/#primaryimage","url":"https:\/\/castle-global.com\/uy\/wp-content\/uploads\/sites\/3\/2024\/12\/icon-mision.svg","contentUrl":"https:\/\/castle-global.com\/uy\/wp-content\/uploads\/sites\/3\/2024\/12\/icon-mision.svg"},{"@type":"BreadcrumbList","@id":"https:\/\/castle-global.com\/uy\/empresa\/#breadcrumb","itemListElement":[{"@type":"ListItem","position":1,"name":"Inicio","item":"https:\/\/castle-global.com\/uy\/"},{"@type":"ListItem","position":2,"name":"Empresa"}]},{"@type":"WebSite","@id":"https:\/\/castle-global.com\/uy\/#website","url":"https:\/\/castle-global.com\/uy\/","name":"Castle Global UY","description":"Soluciones de embalaje","potentialAction":[{"@type":"SearchAction","target":{"@type":"EntryPoint","urlTemplate":"https:\/\/castle-global.com\/uy\/?s={search_term_string}"},"query-input":{"@type":"PropertyValueSpecification","valueRequired":true,"valueName":"search_term_string"}}],"inLanguage":"es-AR"}]}},"_links":{"self":[{"href":"https:\/\/castle-global.com\/uy\/wp-json\/wp\/v2\/pages\/300","targetHints":{"allow":["GET"]}}],"collection":[{"href":"https:\/\/castle-global.com\/uy\/wp-json\/wp\/v2\/pages"}],"about":[{"href":"https:\/\/castle-global.com\/uy\/wp-json\/wp\/v2\/types\/page"}],"author":[{"embeddable":true,"href":"https:\/\/castle-global.com\/uy\/wp-json\/wp\/v2\/users\/3"}],"replies":[{"embeddable":true,"href":"https:\/\/castle-global.com\/uy\/wp-json\/wp\/v2\/comments?post=300"}],"version-history":[{"count":10,"href":"https:\/\/castle-global.com\/uy\/wp-json\/wp\/v2\/pages\/300\/revisions"}],"predecessor-version":[{"id":1305,"href":"https:\/\/castle-global.com\/uy\/wp-json\/wp\/v2\/pages\/300\/revisions\/1305"}],"wp:attachment":[{"href":"https:\/\/castle-global.com\/uy\/wp-json\/wp\/v2\/media?parent=300"}],"curies":[{"name":"wp","href":"https:\/\/api.w.org\/{rel}","templated":true}]}}