{"id":579,"date":"2024-11-12T08:16:37","date_gmt":"2024-11-12T11:16:37","guid":{"rendered":"https:\/\/castle-global.com\/cl\/?post_type=product&#038;p=579"},"modified":"2024-11-29T11:52:58","modified_gmt":"2024-11-29T14:52:58","slug":"maquina-cerradora-de-cajas-semiautomatica","status":"publish","type":"product","link":"https:\/\/castle-global.com\/cl\/catalogo\/cintas-adhesivas\/cintas-adhesivas-aplicadores\/maquina-cerradora-de-cajas-semiautomatica\/","title":{"rendered":"M\u00e1quina Cerradora de Cajas Semiautom\u00e1tica"},"content":{"rendered":"<p><strong>Presentaci\u00f3n:<\/strong><\/p>\n<ul>\n<li>JP-501<\/li>\n<li>Se puede ajustar de manera manual a varios tama\u00f1os de cajas.<\/li>\n<li>Con correa lateral.<\/li>\n<li>Estructura robusta.<\/li>\n<li>Los cabezales sellan las cajas de manera uniforme y precisa.<\/li>\n<li>Ruedas laterales ayudan a cerrar la caja al mismo tiempo que se aplica la cinta.<\/li>\n<li>La altura de la mesa se ajusta dentro del rango 570-770mm.<\/li>\n<li>Tasa de operaci\u00f3n de hasta 12-15 cajas por minuto de la misma medida, para una productividad eficiente.<\/li>\n<\/ul>\n<p>&nbsp;<\/p>\n<div style=\"width: 1020px;\" class=\"wp-video\"><video class=\"wp-video-shortcode\" id=\"video-579-1\" width=\"1020\" height=\"574\" poster=\"https:\/\/castle-global.com\/cl\/wp-content\/uploads\/sites\/2\/2024\/11\/SELLADORA-SEMIAUTOMATICA-2.jpg\" preload=\"metadata\" controls=\"controls\"><source type=\"video\/mp4\" src=\"https:\/\/castle-global.com\/cl\/wp-content\/uploads\/sites\/2\/2024\/11\/720semi.mp4?_=1\" \/><a href=\"https:\/\/castle-global.com\/cl\/wp-content\/uploads\/sites\/2\/2024\/11\/720semi.mp4\">https:\/\/castle-global.com\/cl\/wp-content\/uploads\/sites\/2\/2024\/11\/720semi.mp4<\/a><\/video><\/div>\n","protected":false},"excerpt":{"rendered":"<p>Esta m\u00e1quina cerradora de cajas puede ajustar manualmente la altura y el ancho.<\/p>\n<a href=\"\/wp-content\/uploads\/sites\/2\/2024\/11\/semi.pdf\" target=\"_blank\" class=\"button secondary is-outline secondary\" rel=\"noopener\"  style=\"border-radius:10px;\">\n\t\t<span>Ver ficha t\u00e9cnica<\/span>\n\t<i class=\"icon-angle-down\" aria-hidden=\"true\" ><\/i><\/a>\n\n","protected":false},"featured_media":580,"template":"","meta":[],"product_brand":[],"product_cat":[24,35],"product_tag":[44,72],"class_list":{"0":"post-579","1":"product","2":"type-product","3":"status-publish","4":"has-post-thumbnail","6":"product_cat-cintas-adhesivas","7":"product_cat-cintas-adhesivas-aplicadores","8":"product_tag-maquina-cerradora","9":"product_tag-semiautomatica","11":"first","12":"instock","13":"shipping-taxable","14":"purchasable","15":"product-type-simple"},"yoast_head":"<!-- This site is optimized with the Yoast SEO plugin v26.5 - https:\/\/yoast.com\/wordpress\/plugins\/seo\/ -->\n<title>M\u00e1quina Cerradora de Cajas Semiautom\u00e1tica - Castle Global CL<\/title>\n<meta name=\"robots\" content=\"index, follow, max-snippet:-1, max-image-preview:large, max-video-preview:-1\" \/>\n<link rel=\"canonical\" href=\"https:\/\/castle-global.com\/cl\/catalogo\/cintas-adhesivas\/cintas-adhesivas-aplicadores\/maquina-cerradora-de-cajas-semiautomatica\/\" \/>\n<meta property=\"og:locale\" content=\"es_ES\" \/>\n<meta property=\"og:type\" content=\"article\" \/>\n<meta property=\"og:title\" content=\"M\u00e1quina Cerradora de Cajas Semiautom\u00e1tica - Castle Global CL\" \/>\n<meta property=\"og:description\" content=\"Esta m\u00e1quina cerradora de cajas puede ajustar manualmente la altura y el ancho.\" \/>\n<meta property=\"og:url\" content=\"https:\/\/castle-global.com\/cl\/catalogo\/cintas-adhesivas\/cintas-adhesivas-aplicadores\/maquina-cerradora-de-cajas-semiautomatica\/\" \/>\n<meta property=\"og:site_name\" content=\"Castle Global CL\" \/>\n<meta property=\"article:modified_time\" content=\"2024-11-29T14:52:58+00:00\" \/>\n<meta property=\"og:image\" content=\"https:\/\/castle-global.com\/cl\/wp-content\/uploads\/sites\/2\/2024\/11\/SELLADORA-SEMIAUTOMATICA-1.jpg\" \/>\n\t<meta property=\"og:image:width\" content=\"768\" \/>\n\t<meta property=\"og:image:height\" content=\"768\" \/>\n\t<meta property=\"og:image:type\" content=\"image\/jpeg\" \/>\n<meta name=\"twitter:card\" content=\"summary_large_image\" \/>\n<meta name=\"twitter:label1\" content=\"Tiempo de lectura\" \/>\n\t<meta name=\"twitter:data1\" content=\"1 minuto\" \/>\n<script type=\"application\/ld+json\" class=\"yoast-schema-graph\">{\"@context\":\"https:\/\/schema.org\",\"@graph\":[{\"@type\":\"WebPage\",\"@id\":\"https:\/\/castle-global.com\/cl\/catalogo\/cintas-adhesivas\/cintas-adhesivas-aplicadores\/maquina-cerradora-de-cajas-semiautomatica\/\",\"url\":\"https:\/\/castle-global.com\/cl\/catalogo\/cintas-adhesivas\/cintas-adhesivas-aplicadores\/maquina-cerradora-de-cajas-semiautomatica\/\",\"name\":\"M\u00e1quina Cerradora de Cajas Semiautom\u00e1tica - Castle Global CL\",\"isPartOf\":{\"@id\":\"https:\/\/castle-global.com\/cl\/#website\"},\"primaryImageOfPage\":{\"@id\":\"https:\/\/castle-global.com\/cl\/catalogo\/cintas-adhesivas\/cintas-adhesivas-aplicadores\/maquina-cerradora-de-cajas-semiautomatica\/#primaryimage\"},\"image\":{\"@id\":\"https:\/\/castle-global.com\/cl\/catalogo\/cintas-adhesivas\/cintas-adhesivas-aplicadores\/maquina-cerradora-de-cajas-semiautomatica\/#primaryimage\"},\"thumbnailUrl\":\"https:\/\/castle-global.com\/cl\/wp-content\/uploads\/sites\/2\/2024\/11\/SELLADORA-SEMIAUTOMATICA-1.jpg\",\"datePublished\":\"2024-11-12T11:16:37+00:00\",\"dateModified\":\"2024-11-29T14:52:58+00:00\",\"breadcrumb\":{\"@id\":\"https:\/\/castle-global.com\/cl\/catalogo\/cintas-adhesivas\/cintas-adhesivas-aplicadores\/maquina-cerradora-de-cajas-semiautomatica\/#breadcrumb\"},\"inLanguage\":\"es-AR\",\"potentialAction\":[{\"@type\":\"ReadAction\",\"target\":[\"https:\/\/castle-global.com\/cl\/catalogo\/cintas-adhesivas\/cintas-adhesivas-aplicadores\/maquina-cerradora-de-cajas-semiautomatica\/\"]}]},{\"@type\":\"ImageObject\",\"inLanguage\":\"es-AR\",\"@id\":\"https:\/\/castle-global.com\/cl\/catalogo\/cintas-adhesivas\/cintas-adhesivas-aplicadores\/maquina-cerradora-de-cajas-semiautomatica\/#primaryimage\",\"url\":\"https:\/\/castle-global.com\/cl\/wp-content\/uploads\/sites\/2\/2024\/11\/SELLADORA-SEMIAUTOMATICA-1.jpg\",\"contentUrl\":\"https:\/\/castle-global.com\/cl\/wp-content\/uploads\/sites\/2\/2024\/11\/SELLADORA-SEMIAUTOMATICA-1.jpg\",\"width\":768,\"height\":768},{\"@type\":\"BreadcrumbList\",\"@id\":\"https:\/\/castle-global.com\/cl\/catalogo\/cintas-adhesivas\/cintas-adhesivas-aplicadores\/maquina-cerradora-de-cajas-semiautomatica\/#breadcrumb\",\"itemListElement\":[{\"@type\":\"ListItem\",\"position\":1,\"name\":\"Inicio\",\"item\":\"https:\/\/castle-global.com\/cl\/\"},{\"@type\":\"ListItem\",\"position\":2,\"name\":\"Cat\u00e1logo\",\"item\":\"https:\/\/castle-global.com\/cl\/catalogo\/\"},{\"@type\":\"ListItem\",\"position\":3,\"name\":\"M\u00e1quina Cerradora de Cajas Semiautom\u00e1tica\"}]},{\"@type\":\"WebSite\",\"@id\":\"https:\/\/castle-global.com\/cl\/#website\",\"url\":\"https:\/\/castle-global.com\/cl\/\",\"name\":\"Castle Global CL\",\"description\":\"Soluciones de embalaje\",\"potentialAction\":[{\"@type\":\"SearchAction\",\"target\":{\"@type\":\"EntryPoint\",\"urlTemplate\":\"https:\/\/castle-global.com\/cl\/?s={search_term_string}\"},\"query-input\":{\"@type\":\"PropertyValueSpecification\",\"valueRequired\":true,\"valueName\":\"search_term_string\"}}],\"inLanguage\":\"es-AR\"}]}<\/script>\n<!-- \/ Yoast SEO plugin. -->","yoast_head_json":{"title":"M\u00e1quina Cerradora de Cajas Semiautom\u00e1tica - Castle Global CL","robots":{"index":"index","follow":"follow","max-snippet":"max-snippet:-1","max-image-preview":"max-image-preview:large","max-video-preview":"max-video-preview:-1"},"canonical":"https:\/\/castle-global.com\/cl\/catalogo\/cintas-adhesivas\/cintas-adhesivas-aplicadores\/maquina-cerradora-de-cajas-semiautomatica\/","og_locale":"es_ES","og_type":"article","og_title":"M\u00e1quina Cerradora de Cajas Semiautom\u00e1tica - Castle Global CL","og_description":"Esta m\u00e1quina cerradora de cajas puede ajustar manualmente la altura y el ancho.","og_url":"https:\/\/castle-global.com\/cl\/catalogo\/cintas-adhesivas\/cintas-adhesivas-aplicadores\/maquina-cerradora-de-cajas-semiautomatica\/","og_site_name":"Castle Global CL","article_modified_time":"2024-11-29T14:52:58+00:00","og_image":[{"width":768,"height":768,"url":"https:\/\/castle-global.com\/cl\/wp-content\/uploads\/sites\/2\/2024\/11\/SELLADORA-SEMIAUTOMATICA-1.jpg","type":"image\/jpeg"}],"twitter_card":"summary_large_image","twitter_misc":{"Tiempo de lectura":"1 minuto"},"schema":{"@context":"https:\/\/schema.org","@graph":[{"@type":"WebPage","@id":"https:\/\/castle-global.com\/cl\/catalogo\/cintas-adhesivas\/cintas-adhesivas-aplicadores\/maquina-cerradora-de-cajas-semiautomatica\/","url":"https:\/\/castle-global.com\/cl\/catalogo\/cintas-adhesivas\/cintas-adhesivas-aplicadores\/maquina-cerradora-de-cajas-semiautomatica\/","name":"M\u00e1quina Cerradora de Cajas Semiautom\u00e1tica - Castle Global CL","isPartOf":{"@id":"https:\/\/castle-global.com\/cl\/#website"},"primaryImageOfPage":{"@id":"https:\/\/castle-global.com\/cl\/catalogo\/cintas-adhesivas\/cintas-adhesivas-aplicadores\/maquina-cerradora-de-cajas-semiautomatica\/#primaryimage"},"image":{"@id":"https:\/\/castle-global.com\/cl\/catalogo\/cintas-adhesivas\/cintas-adhesivas-aplicadores\/maquina-cerradora-de-cajas-semiautomatica\/#primaryimage"},"thumbnailUrl":"https:\/\/castle-global.com\/cl\/wp-content\/uploads\/sites\/2\/2024\/11\/SELLADORA-SEMIAUTOMATICA-1.jpg","datePublished":"2024-11-12T11:16:37+00:00","dateModified":"2024-11-29T14:52:58+00:00","breadcrumb":{"@id":"https:\/\/castle-global.com\/cl\/catalogo\/cintas-adhesivas\/cintas-adhesivas-aplicadores\/maquina-cerradora-de-cajas-semiautomatica\/#breadcrumb"},"inLanguage":"es-AR","potentialAction":[{"@type":"ReadAction","target":["https:\/\/castle-global.com\/cl\/catalogo\/cintas-adhesivas\/cintas-adhesivas-aplicadores\/maquina-cerradora-de-cajas-semiautomatica\/"]}]},{"@type":"ImageObject","inLanguage":"es-AR","@id":"https:\/\/castle-global.com\/cl\/catalogo\/cintas-adhesivas\/cintas-adhesivas-aplicadores\/maquina-cerradora-de-cajas-semiautomatica\/#primaryimage","url":"https:\/\/castle-global.com\/cl\/wp-content\/uploads\/sites\/2\/2024\/11\/SELLADORA-SEMIAUTOMATICA-1.jpg","contentUrl":"https:\/\/castle-global.com\/cl\/wp-content\/uploads\/sites\/2\/2024\/11\/SELLADORA-SEMIAUTOMATICA-1.jpg","width":768,"height":768},{"@type":"BreadcrumbList","@id":"https:\/\/castle-global.com\/cl\/catalogo\/cintas-adhesivas\/cintas-adhesivas-aplicadores\/maquina-cerradora-de-cajas-semiautomatica\/#breadcrumb","itemListElement":[{"@type":"ListItem","position":1,"name":"Inicio","item":"https:\/\/castle-global.com\/cl\/"},{"@type":"ListItem","position":2,"name":"Cat\u00e1logo","item":"https:\/\/castle-global.com\/cl\/catalogo\/"},{"@type":"ListItem","position":3,"name":"M\u00e1quina Cerradora de Cajas Semiautom\u00e1tica"}]},{"@type":"WebSite","@id":"https:\/\/castle-global.com\/cl\/#website","url":"https:\/\/castle-global.com\/cl\/","name":"Castle Global CL","description":"Soluciones de embalaje","potentialAction":[{"@type":"SearchAction","target":{"@type":"EntryPoint","urlTemplate":"https:\/\/castle-global.com\/cl\/?s={search_term_string}"},"query-input":{"@type":"PropertyValueSpecification","valueRequired":true,"valueName":"search_term_string"}}],"inLanguage":"es-AR"}]}},"_links":{"self":[{"href":"https:\/\/castle-global.com\/cl\/wp-json\/wp\/v2\/product\/579","targetHints":{"allow":["GET"]}}],"collection":[{"href":"https:\/\/castle-global.com\/cl\/wp-json\/wp\/v2\/product"}],"about":[{"href":"https:\/\/castle-global.com\/cl\/wp-json\/wp\/v2\/types\/product"}],"wp:featuredmedia":[{"embeddable":true,"href":"https:\/\/castle-global.com\/cl\/wp-json\/wp\/v2\/media\/580"}],"wp:attachment":[{"href":"https:\/\/castle-global.com\/cl\/wp-json\/wp\/v2\/media?parent=579"}],"wp:term":[{"taxonomy":"product_brand","embeddable":true,"href":"https:\/\/castle-global.com\/cl\/wp-json\/wp\/v2\/product_brand?post=579"},{"taxonomy":"product_cat","embeddable":true,"href":"https:\/\/castle-global.com\/cl\/wp-json\/wp\/v2\/product_cat?post=579"},{"taxonomy":"product_tag","embeddable":true,"href":"https:\/\/castle-global.com\/cl\/wp-json\/wp\/v2\/product_tag?post=579"}],"curies":[{"name":"wp","href":"https:\/\/api.w.org\/{rel}","templated":true}]}}