{"id":572,"date":"2024-11-12T07:52:08","date_gmt":"2024-11-12T10:52:08","guid":{"rendered":"https:\/\/castle-global.com\/cl\/?post_type=product&#038;p=572"},"modified":"2025-01-10T14:48:49","modified_gmt":"2025-01-10T17:48:49","slug":"film-de-proteccion","status":"publish","type":"product","link":"https:\/\/castle-global.com\/cl\/catalogo\/cintas-adhesivas\/cintas-adhesivas-especiales\/film-de-proteccion\/","title":{"rendered":"Film de Protecci\u00f3n"},"content":{"rendered":"<p><strong>Aplicaciones:<\/strong><\/p>\n<ul>\n<li>Protecci\u00f3n contra la suciedad y rayaduras.<\/li>\n<\/ul>\n<p><strong>C\u00f3digos y Presentaciones:<\/strong><\/p>\n<ul>\n<li>04848-00000-01 1000mm x 100M Transparente<\/li>\n<\/ul>\n","protected":false},"excerpt":{"rendered":"<p>4848 PV1 es un film de protecci\u00f3n de superficies con soporte de PE y un adhesivo acr\u00edlico resistente al envejecimiento. Esta combinaci\u00f3n asegura una eliminaci\u00f3n f\u00e1cil y sin residuos despu\u00e9s de 4 semanas de aplicaci\u00f3n. El film de protecci\u00f3n es resistente a diferentes agentes qu\u00edmicos, al estr\u00e9s f\u00edsico y a la humedad. El film transparente evita el efecto de caja oscura cuando se aplica en ventanas.<\/p>\n<a href=\"#\" target=\"_blank\" class=\"button secondary is-outline secondary\" rel=\"noopener\"  style=\"border-radius:10px;\">\n\t\t<span>Ver ficha t\u00e9cnica<\/span>\n\t<i class=\"icon-angle-down\" aria-hidden=\"true\" ><\/i><\/a>\n\n","protected":false},"featured_media":573,"template":"","meta":[],"product_brand":[],"product_cat":[24,34],"product_tag":[71],"class_list":{"0":"post-572","1":"product","2":"type-product","3":"status-publish","4":"has-post-thumbnail","6":"product_cat-cintas-adhesivas","7":"product_cat-cintas-adhesivas-especiales","8":"product_tag-film-protector","10":"first","11":"instock","12":"shipping-taxable","13":"purchasable","14":"product-type-simple"},"yoast_head":"<!-- This site is optimized with the Yoast SEO plugin v26.5 - https:\/\/yoast.com\/wordpress\/plugins\/seo\/ -->\n<title>Film de Protecci\u00f3n - Castle Global CL<\/title>\n<meta name=\"robots\" content=\"index, follow, max-snippet:-1, max-image-preview:large, max-video-preview:-1\" \/>\n<link rel=\"canonical\" href=\"https:\/\/castle-global.com\/cl\/catalogo\/cintas-adhesivas\/cintas-adhesivas-especiales\/film-de-proteccion\/\" \/>\n<meta property=\"og:locale\" content=\"es_ES\" \/>\n<meta property=\"og:type\" content=\"article\" \/>\n<meta property=\"og:title\" content=\"Film de Protecci\u00f3n - Castle Global CL\" \/>\n<meta property=\"og:description\" content=\"4848 PV1 es un film de protecci\u00f3n de superficies con soporte de PE y un adhesivo acr\u00edlico resistente al envejecimiento. Esta combinaci\u00f3n asegura una eliminaci\u00f3n f\u00e1cil y sin residuos despu\u00e9s de 4 semanas de aplicaci\u00f3n. El film de protecci\u00f3n es resistente a diferentes agentes qu\u00edmicos, al estr\u00e9s f\u00edsico y a la humedad. El film transparente evita el efecto de caja oscura cuando se aplica en ventanas.\" \/>\n<meta property=\"og:url\" content=\"https:\/\/castle-global.com\/cl\/catalogo\/cintas-adhesivas\/cintas-adhesivas-especiales\/film-de-proteccion\/\" \/>\n<meta property=\"og:site_name\" content=\"Castle Global CL\" \/>\n<meta property=\"article:modified_time\" content=\"2025-01-10T17:48:49+00:00\" \/>\n<meta property=\"og:image\" content=\"https:\/\/castle-global.com\/cl\/wp-content\/uploads\/sites\/2\/2024\/11\/Film-de-Proteccion.jpg\" \/>\n\t<meta property=\"og:image:width\" content=\"768\" \/>\n\t<meta property=\"og:image:height\" content=\"768\" \/>\n\t<meta property=\"og:image:type\" content=\"image\/jpeg\" \/>\n<meta name=\"twitter:card\" content=\"summary_large_image\" \/>\n<meta name=\"twitter:label1\" content=\"Tiempo de lectura\" \/>\n\t<meta name=\"twitter:data1\" content=\"1 minuto\" \/>\n<script type=\"application\/ld+json\" class=\"yoast-schema-graph\">{\"@context\":\"https:\/\/schema.org\",\"@graph\":[{\"@type\":\"WebPage\",\"@id\":\"https:\/\/castle-global.com\/cl\/catalogo\/cintas-adhesivas\/cintas-adhesivas-especiales\/film-de-proteccion\/\",\"url\":\"https:\/\/castle-global.com\/cl\/catalogo\/cintas-adhesivas\/cintas-adhesivas-especiales\/film-de-proteccion\/\",\"name\":\"Film de Protecci\u00f3n - Castle Global CL\",\"isPartOf\":{\"@id\":\"https:\/\/castle-global.com\/cl\/#website\"},\"primaryImageOfPage\":{\"@id\":\"https:\/\/castle-global.com\/cl\/catalogo\/cintas-adhesivas\/cintas-adhesivas-especiales\/film-de-proteccion\/#primaryimage\"},\"image\":{\"@id\":\"https:\/\/castle-global.com\/cl\/catalogo\/cintas-adhesivas\/cintas-adhesivas-especiales\/film-de-proteccion\/#primaryimage\"},\"thumbnailUrl\":\"https:\/\/castle-global.com\/cl\/wp-content\/uploads\/sites\/2\/2024\/11\/Film-de-Proteccion.jpg\",\"datePublished\":\"2024-11-12T10:52:08+00:00\",\"dateModified\":\"2025-01-10T17:48:49+00:00\",\"breadcrumb\":{\"@id\":\"https:\/\/castle-global.com\/cl\/catalogo\/cintas-adhesivas\/cintas-adhesivas-especiales\/film-de-proteccion\/#breadcrumb\"},\"inLanguage\":\"es-AR\",\"potentialAction\":[{\"@type\":\"ReadAction\",\"target\":[\"https:\/\/castle-global.com\/cl\/catalogo\/cintas-adhesivas\/cintas-adhesivas-especiales\/film-de-proteccion\/\"]}]},{\"@type\":\"ImageObject\",\"inLanguage\":\"es-AR\",\"@id\":\"https:\/\/castle-global.com\/cl\/catalogo\/cintas-adhesivas\/cintas-adhesivas-especiales\/film-de-proteccion\/#primaryimage\",\"url\":\"https:\/\/castle-global.com\/cl\/wp-content\/uploads\/sites\/2\/2024\/11\/Film-de-Proteccion.jpg\",\"contentUrl\":\"https:\/\/castle-global.com\/cl\/wp-content\/uploads\/sites\/2\/2024\/11\/Film-de-Proteccion.jpg\",\"width\":768,\"height\":768},{\"@type\":\"BreadcrumbList\",\"@id\":\"https:\/\/castle-global.com\/cl\/catalogo\/cintas-adhesivas\/cintas-adhesivas-especiales\/film-de-proteccion\/#breadcrumb\",\"itemListElement\":[{\"@type\":\"ListItem\",\"position\":1,\"name\":\"Inicio\",\"item\":\"https:\/\/castle-global.com\/cl\/\"},{\"@type\":\"ListItem\",\"position\":2,\"name\":\"Cat\u00e1logo\",\"item\":\"https:\/\/castle-global.com\/cl\/catalogo\/\"},{\"@type\":\"ListItem\",\"position\":3,\"name\":\"Film de Protecci\u00f3n\"}]},{\"@type\":\"WebSite\",\"@id\":\"https:\/\/castle-global.com\/cl\/#website\",\"url\":\"https:\/\/castle-global.com\/cl\/\",\"name\":\"Castle Global CL\",\"description\":\"Soluciones de embalaje\",\"potentialAction\":[{\"@type\":\"SearchAction\",\"target\":{\"@type\":\"EntryPoint\",\"urlTemplate\":\"https:\/\/castle-global.com\/cl\/?s={search_term_string}\"},\"query-input\":{\"@type\":\"PropertyValueSpecification\",\"valueRequired\":true,\"valueName\":\"search_term_string\"}}],\"inLanguage\":\"es-AR\"}]}<\/script>\n<!-- \/ Yoast SEO plugin. -->","yoast_head_json":{"title":"Film de Protecci\u00f3n - Castle Global CL","robots":{"index":"index","follow":"follow","max-snippet":"max-snippet:-1","max-image-preview":"max-image-preview:large","max-video-preview":"max-video-preview:-1"},"canonical":"https:\/\/castle-global.com\/cl\/catalogo\/cintas-adhesivas\/cintas-adhesivas-especiales\/film-de-proteccion\/","og_locale":"es_ES","og_type":"article","og_title":"Film de Protecci\u00f3n - Castle Global CL","og_description":"4848 PV1 es un film de protecci\u00f3n de superficies con soporte de PE y un adhesivo acr\u00edlico resistente al envejecimiento. Esta combinaci\u00f3n asegura una eliminaci\u00f3n f\u00e1cil y sin residuos despu\u00e9s de 4 semanas de aplicaci\u00f3n. El film de protecci\u00f3n es resistente a diferentes agentes qu\u00edmicos, al estr\u00e9s f\u00edsico y a la humedad. El film transparente evita el efecto de caja oscura cuando se aplica en ventanas.","og_url":"https:\/\/castle-global.com\/cl\/catalogo\/cintas-adhesivas\/cintas-adhesivas-especiales\/film-de-proteccion\/","og_site_name":"Castle Global CL","article_modified_time":"2025-01-10T17:48:49+00:00","og_image":[{"width":768,"height":768,"url":"https:\/\/castle-global.com\/cl\/wp-content\/uploads\/sites\/2\/2024\/11\/Film-de-Proteccion.jpg","type":"image\/jpeg"}],"twitter_card":"summary_large_image","twitter_misc":{"Tiempo de lectura":"1 minuto"},"schema":{"@context":"https:\/\/schema.org","@graph":[{"@type":"WebPage","@id":"https:\/\/castle-global.com\/cl\/catalogo\/cintas-adhesivas\/cintas-adhesivas-especiales\/film-de-proteccion\/","url":"https:\/\/castle-global.com\/cl\/catalogo\/cintas-adhesivas\/cintas-adhesivas-especiales\/film-de-proteccion\/","name":"Film de Protecci\u00f3n - Castle Global CL","isPartOf":{"@id":"https:\/\/castle-global.com\/cl\/#website"},"primaryImageOfPage":{"@id":"https:\/\/castle-global.com\/cl\/catalogo\/cintas-adhesivas\/cintas-adhesivas-especiales\/film-de-proteccion\/#primaryimage"},"image":{"@id":"https:\/\/castle-global.com\/cl\/catalogo\/cintas-adhesivas\/cintas-adhesivas-especiales\/film-de-proteccion\/#primaryimage"},"thumbnailUrl":"https:\/\/castle-global.com\/cl\/wp-content\/uploads\/sites\/2\/2024\/11\/Film-de-Proteccion.jpg","datePublished":"2024-11-12T10:52:08+00:00","dateModified":"2025-01-10T17:48:49+00:00","breadcrumb":{"@id":"https:\/\/castle-global.com\/cl\/catalogo\/cintas-adhesivas\/cintas-adhesivas-especiales\/film-de-proteccion\/#breadcrumb"},"inLanguage":"es-AR","potentialAction":[{"@type":"ReadAction","target":["https:\/\/castle-global.com\/cl\/catalogo\/cintas-adhesivas\/cintas-adhesivas-especiales\/film-de-proteccion\/"]}]},{"@type":"ImageObject","inLanguage":"es-AR","@id":"https:\/\/castle-global.com\/cl\/catalogo\/cintas-adhesivas\/cintas-adhesivas-especiales\/film-de-proteccion\/#primaryimage","url":"https:\/\/castle-global.com\/cl\/wp-content\/uploads\/sites\/2\/2024\/11\/Film-de-Proteccion.jpg","contentUrl":"https:\/\/castle-global.com\/cl\/wp-content\/uploads\/sites\/2\/2024\/11\/Film-de-Proteccion.jpg","width":768,"height":768},{"@type":"BreadcrumbList","@id":"https:\/\/castle-global.com\/cl\/catalogo\/cintas-adhesivas\/cintas-adhesivas-especiales\/film-de-proteccion\/#breadcrumb","itemListElement":[{"@type":"ListItem","position":1,"name":"Inicio","item":"https:\/\/castle-global.com\/cl\/"},{"@type":"ListItem","position":2,"name":"Cat\u00e1logo","item":"https:\/\/castle-global.com\/cl\/catalogo\/"},{"@type":"ListItem","position":3,"name":"Film de Protecci\u00f3n"}]},{"@type":"WebSite","@id":"https:\/\/castle-global.com\/cl\/#website","url":"https:\/\/castle-global.com\/cl\/","name":"Castle Global CL","description":"Soluciones de embalaje","potentialAction":[{"@type":"SearchAction","target":{"@type":"EntryPoint","urlTemplate":"https:\/\/castle-global.com\/cl\/?s={search_term_string}"},"query-input":{"@type":"PropertyValueSpecification","valueRequired":true,"valueName":"search_term_string"}}],"inLanguage":"es-AR"}]}},"_links":{"self":[{"href":"https:\/\/castle-global.com\/cl\/wp-json\/wp\/v2\/product\/572","targetHints":{"allow":["GET"]}}],"collection":[{"href":"https:\/\/castle-global.com\/cl\/wp-json\/wp\/v2\/product"}],"about":[{"href":"https:\/\/castle-global.com\/cl\/wp-json\/wp\/v2\/types\/product"}],"wp:featuredmedia":[{"embeddable":true,"href":"https:\/\/castle-global.com\/cl\/wp-json\/wp\/v2\/media\/573"}],"wp:attachment":[{"href":"https:\/\/castle-global.com\/cl\/wp-json\/wp\/v2\/media?parent=572"}],"wp:term":[{"taxonomy":"product_brand","embeddable":true,"href":"https:\/\/castle-global.com\/cl\/wp-json\/wp\/v2\/product_brand?post=572"},{"taxonomy":"product_cat","embeddable":true,"href":"https:\/\/castle-global.com\/cl\/wp-json\/wp\/v2\/product_cat?post=572"},{"taxonomy":"product_tag","embeddable":true,"href":"https:\/\/castle-global.com\/cl\/wp-json\/wp\/v2\/product_tag?post=572"}],"curies":[{"name":"wp","href":"https:\/\/api.w.org\/{rel}","templated":true}]}}