{"id":560,"date":"2024-11-12T07:31:37","date_gmt":"2024-11-12T10:31:37","guid":{"rendered":"https:\/\/castle-global.com\/cl\/?post_type=product&#038;p=560"},"modified":"2024-11-20T14:44:31","modified_gmt":"2024-11-20T17:44:31","slug":"cinta-doble-faz-pet","status":"publish","type":"product","link":"https:\/\/castle-global.com\/cl\/catalogo\/cintas-adhesivas\/cintas-adhesivas-especiales\/cinta-doble-faz-pet\/","title":{"rendered":"Cinta Doble Faz PET"},"content":{"rendered":"<p><strong>Aplicaciones:<\/strong><\/p>\r\n<ul>\r\n<li>Montaje de partes de ABS en la industria automotriz<\/li>\r\n<li>Montaje de perfiles de caucho\/EPDM<\/li>\r\n<li>Montaje de perfiles decorativos y molduras en la industria del mueble<\/li>\r\n<li>Montaje de bater\u00edas, lentes y pantallas t\u00e1ctiles en dispositivos electr\u00f3nicos<\/li>\r\n<\/ul>\r\n<p><strong>Propiedades:<\/strong><\/p>\r\n<ul>\r\n<li>Alta resistencia a altas temperaturas<\/li>\r\n<li>Adecuado para aplicar en exteriores<\/li>\r\n<\/ul>\r\n<p><strong> C\u00f3digos y Presentaciones<br \/><br \/><\/strong><\/p>\r\n\r\n<figure class=\"wp-block-table aligncenter is-style-regular\">\r\n<table class=\"has-fixed-layout\">\r\n<thead>\r\n<tr>\r\n<th class=\"has-text-align-center\" data-align=\"center\"><mark class=\"has-inline-color has-secondary-color\" style=\"background-color: rgba(0, 0, 0, 0);\">Ancho (mm)<\/mark><\/th>\r\n<th class=\"has-text-align-center\" data-align=\"center\"><mark class=\"has-inline-color has-secondary-color\" style=\"background-color: rgba(0, 0, 0, 0);\">Largo (mts)<\/mark><\/th>\r\n<\/tr>\r\n<\/thead>\r\n<tbody>\r\n<tr>\r\n<td class=\"has-text-align-center\" data-align=\"center\">6<\/td>\r\n<td class=\"has-text-align-center\" data-align=\"center\">50<\/td>\r\n<\/tr>\r\n<tr>\r\n<td class=\"has-text-align-center\" data-align=\"center\">12<\/td>\r\n<td class=\"has-text-align-center\" data-align=\"center\">50<\/td>\r\n<\/tr>\r\n<tr>\r\n<td class=\"has-text-align-center\" data-align=\"center\">19<\/td>\r\n<td class=\"has-text-align-center\" data-align=\"center\">50<\/td>\r\n<\/tr>\r\n<tr>\r\n<td class=\"has-text-align-center\" data-align=\"center\">25<\/td>\r\n<td class=\"has-text-align-center\" data-align=\"center\">50<\/td>\r\n<\/tr>\r\n<tr>\r\n<td class=\"has-text-align-center\" data-align=\"center\">50<\/td>\r\n<td class=\"has-text-align-center\" data-align=\"center\">50<\/td>\r\n<\/tr>\r\n<\/tbody>\r\n<\/table>\r\n<\/figure>","protected":false},"excerpt":{"rendered":"<p>La cinta de PET doble faz es ideal en altas exigencias mec\u00e1nicas, temperaturas elevadas, exteriores y materiales cr\u00edticos. Cinta doble faz con soporte de PET y adhesivo acr\u00edlico modificado.<\/p>\n<a href=\"\/wp-content\/uploads\/sites\/2\/2024\/11\/Ficha-Tecnica-Cinta-Doble-Faz-PET.pdf\" target=\"_blank\" class=\"button secondary is-outline secondary\" rel=\"noopener\"  style=\"border-radius:10px;\">\n\t\t<span>Ver ficha t\u00e9cnica<\/span>\n\t<i class=\"icon-angle-down\" aria-hidden=\"true\" ><\/i><\/a>\n\n","protected":false},"featured_media":561,"template":"","meta":[],"product_brand":[],"product_cat":[24,34],"product_tag":[40,66,48],"class_list":{"0":"post-560","1":"product","2":"type-product","3":"status-publish","4":"has-post-thumbnail","6":"product_cat-cintas-adhesivas","7":"product_cat-cintas-adhesivas-especiales","8":"product_tag-cinta","9":"product_tag-doble-faz","10":"product_tag-pet","12":"first","13":"instock","14":"shipping-taxable","15":"purchasable","16":"product-type-simple"},"yoast_head":"<!-- This site is optimized with the Yoast SEO plugin v26.5 - https:\/\/yoast.com\/wordpress\/plugins\/seo\/ -->\n<title>Cinta Doble Faz PET - Castle Global CL<\/title>\n<meta name=\"robots\" content=\"index, follow, max-snippet:-1, max-image-preview:large, max-video-preview:-1\" \/>\n<link rel=\"canonical\" href=\"https:\/\/castle-global.com\/cl\/catalogo\/cintas-adhesivas\/cintas-adhesivas-especiales\/cinta-doble-faz-pet\/\" \/>\n<meta property=\"og:locale\" content=\"es_ES\" \/>\n<meta property=\"og:type\" content=\"article\" \/>\n<meta property=\"og:title\" content=\"Cinta Doble Faz PET - Castle Global CL\" \/>\n<meta property=\"og:description\" content=\"La cinta de PET doble faz es ideal en altas exigencias mec\u00e1nicas, temperaturas elevadas, exteriores y materiales cr\u00edticos. Cinta doble faz con soporte de PET y adhesivo acr\u00edlico modificado.\" \/>\n<meta property=\"og:url\" content=\"https:\/\/castle-global.com\/cl\/catalogo\/cintas-adhesivas\/cintas-adhesivas-especiales\/cinta-doble-faz-pet\/\" \/>\n<meta property=\"og:site_name\" content=\"Castle Global CL\" \/>\n<meta property=\"article:modified_time\" content=\"2024-11-20T17:44:31+00:00\" \/>\n<meta property=\"og:image\" content=\"https:\/\/castle-global.com\/cl\/wp-content\/uploads\/sites\/2\/2024\/11\/Cinta-Doble-Faz-PET-1.jpg\" \/>\n\t<meta property=\"og:image:width\" content=\"768\" \/>\n\t<meta property=\"og:image:height\" content=\"768\" \/>\n\t<meta property=\"og:image:type\" content=\"image\/jpeg\" \/>\n<meta name=\"twitter:card\" content=\"summary_large_image\" \/>\n<meta name=\"twitter:label1\" content=\"Tiempo de lectura\" \/>\n\t<meta name=\"twitter:data1\" content=\"1 minuto\" \/>\n<script type=\"application\/ld+json\" class=\"yoast-schema-graph\">{\"@context\":\"https:\/\/schema.org\",\"@graph\":[{\"@type\":\"WebPage\",\"@id\":\"https:\/\/castle-global.com\/cl\/catalogo\/cintas-adhesivas\/cintas-adhesivas-especiales\/cinta-doble-faz-pet\/\",\"url\":\"https:\/\/castle-global.com\/cl\/catalogo\/cintas-adhesivas\/cintas-adhesivas-especiales\/cinta-doble-faz-pet\/\",\"name\":\"Cinta Doble Faz PET - Castle Global CL\",\"isPartOf\":{\"@id\":\"https:\/\/castle-global.com\/cl\/#website\"},\"primaryImageOfPage\":{\"@id\":\"https:\/\/castle-global.com\/cl\/catalogo\/cintas-adhesivas\/cintas-adhesivas-especiales\/cinta-doble-faz-pet\/#primaryimage\"},\"image\":{\"@id\":\"https:\/\/castle-global.com\/cl\/catalogo\/cintas-adhesivas\/cintas-adhesivas-especiales\/cinta-doble-faz-pet\/#primaryimage\"},\"thumbnailUrl\":\"https:\/\/castle-global.com\/cl\/wp-content\/uploads\/sites\/2\/2024\/11\/Cinta-Doble-Faz-PET-1.jpg\",\"datePublished\":\"2024-11-12T10:31:37+00:00\",\"dateModified\":\"2024-11-20T17:44:31+00:00\",\"breadcrumb\":{\"@id\":\"https:\/\/castle-global.com\/cl\/catalogo\/cintas-adhesivas\/cintas-adhesivas-especiales\/cinta-doble-faz-pet\/#breadcrumb\"},\"inLanguage\":\"es-AR\",\"potentialAction\":[{\"@type\":\"ReadAction\",\"target\":[\"https:\/\/castle-global.com\/cl\/catalogo\/cintas-adhesivas\/cintas-adhesivas-especiales\/cinta-doble-faz-pet\/\"]}]},{\"@type\":\"ImageObject\",\"inLanguage\":\"es-AR\",\"@id\":\"https:\/\/castle-global.com\/cl\/catalogo\/cintas-adhesivas\/cintas-adhesivas-especiales\/cinta-doble-faz-pet\/#primaryimage\",\"url\":\"https:\/\/castle-global.com\/cl\/wp-content\/uploads\/sites\/2\/2024\/11\/Cinta-Doble-Faz-PET-1.jpg\",\"contentUrl\":\"https:\/\/castle-global.com\/cl\/wp-content\/uploads\/sites\/2\/2024\/11\/Cinta-Doble-Faz-PET-1.jpg\",\"width\":768,\"height\":768},{\"@type\":\"BreadcrumbList\",\"@id\":\"https:\/\/castle-global.com\/cl\/catalogo\/cintas-adhesivas\/cintas-adhesivas-especiales\/cinta-doble-faz-pet\/#breadcrumb\",\"itemListElement\":[{\"@type\":\"ListItem\",\"position\":1,\"name\":\"Inicio\",\"item\":\"https:\/\/castle-global.com\/cl\/\"},{\"@type\":\"ListItem\",\"position\":2,\"name\":\"Cat\u00e1logo\",\"item\":\"https:\/\/castle-global.com\/cl\/catalogo\/\"},{\"@type\":\"ListItem\",\"position\":3,\"name\":\"Cinta Doble Faz PET\"}]},{\"@type\":\"WebSite\",\"@id\":\"https:\/\/castle-global.com\/cl\/#website\",\"url\":\"https:\/\/castle-global.com\/cl\/\",\"name\":\"Castle Global CL\",\"description\":\"Soluciones de embalaje\",\"potentialAction\":[{\"@type\":\"SearchAction\",\"target\":{\"@type\":\"EntryPoint\",\"urlTemplate\":\"https:\/\/castle-global.com\/cl\/?s={search_term_string}\"},\"query-input\":{\"@type\":\"PropertyValueSpecification\",\"valueRequired\":true,\"valueName\":\"search_term_string\"}}],\"inLanguage\":\"es-AR\"}]}<\/script>\n<!-- \/ Yoast SEO plugin. -->","yoast_head_json":{"title":"Cinta Doble Faz PET - Castle Global CL","robots":{"index":"index","follow":"follow","max-snippet":"max-snippet:-1","max-image-preview":"max-image-preview:large","max-video-preview":"max-video-preview:-1"},"canonical":"https:\/\/castle-global.com\/cl\/catalogo\/cintas-adhesivas\/cintas-adhesivas-especiales\/cinta-doble-faz-pet\/","og_locale":"es_ES","og_type":"article","og_title":"Cinta Doble Faz PET - Castle Global CL","og_description":"La cinta de PET doble faz es ideal en altas exigencias mec\u00e1nicas, temperaturas elevadas, exteriores y materiales cr\u00edticos. Cinta doble faz con soporte de PET y adhesivo acr\u00edlico modificado.","og_url":"https:\/\/castle-global.com\/cl\/catalogo\/cintas-adhesivas\/cintas-adhesivas-especiales\/cinta-doble-faz-pet\/","og_site_name":"Castle Global CL","article_modified_time":"2024-11-20T17:44:31+00:00","og_image":[{"width":768,"height":768,"url":"https:\/\/castle-global.com\/cl\/wp-content\/uploads\/sites\/2\/2024\/11\/Cinta-Doble-Faz-PET-1.jpg","type":"image\/jpeg"}],"twitter_card":"summary_large_image","twitter_misc":{"Tiempo de lectura":"1 minuto"},"schema":{"@context":"https:\/\/schema.org","@graph":[{"@type":"WebPage","@id":"https:\/\/castle-global.com\/cl\/catalogo\/cintas-adhesivas\/cintas-adhesivas-especiales\/cinta-doble-faz-pet\/","url":"https:\/\/castle-global.com\/cl\/catalogo\/cintas-adhesivas\/cintas-adhesivas-especiales\/cinta-doble-faz-pet\/","name":"Cinta Doble Faz PET - Castle Global CL","isPartOf":{"@id":"https:\/\/castle-global.com\/cl\/#website"},"primaryImageOfPage":{"@id":"https:\/\/castle-global.com\/cl\/catalogo\/cintas-adhesivas\/cintas-adhesivas-especiales\/cinta-doble-faz-pet\/#primaryimage"},"image":{"@id":"https:\/\/castle-global.com\/cl\/catalogo\/cintas-adhesivas\/cintas-adhesivas-especiales\/cinta-doble-faz-pet\/#primaryimage"},"thumbnailUrl":"https:\/\/castle-global.com\/cl\/wp-content\/uploads\/sites\/2\/2024\/11\/Cinta-Doble-Faz-PET-1.jpg","datePublished":"2024-11-12T10:31:37+00:00","dateModified":"2024-11-20T17:44:31+00:00","breadcrumb":{"@id":"https:\/\/castle-global.com\/cl\/catalogo\/cintas-adhesivas\/cintas-adhesivas-especiales\/cinta-doble-faz-pet\/#breadcrumb"},"inLanguage":"es-AR","potentialAction":[{"@type":"ReadAction","target":["https:\/\/castle-global.com\/cl\/catalogo\/cintas-adhesivas\/cintas-adhesivas-especiales\/cinta-doble-faz-pet\/"]}]},{"@type":"ImageObject","inLanguage":"es-AR","@id":"https:\/\/castle-global.com\/cl\/catalogo\/cintas-adhesivas\/cintas-adhesivas-especiales\/cinta-doble-faz-pet\/#primaryimage","url":"https:\/\/castle-global.com\/cl\/wp-content\/uploads\/sites\/2\/2024\/11\/Cinta-Doble-Faz-PET-1.jpg","contentUrl":"https:\/\/castle-global.com\/cl\/wp-content\/uploads\/sites\/2\/2024\/11\/Cinta-Doble-Faz-PET-1.jpg","width":768,"height":768},{"@type":"BreadcrumbList","@id":"https:\/\/castle-global.com\/cl\/catalogo\/cintas-adhesivas\/cintas-adhesivas-especiales\/cinta-doble-faz-pet\/#breadcrumb","itemListElement":[{"@type":"ListItem","position":1,"name":"Inicio","item":"https:\/\/castle-global.com\/cl\/"},{"@type":"ListItem","position":2,"name":"Cat\u00e1logo","item":"https:\/\/castle-global.com\/cl\/catalogo\/"},{"@type":"ListItem","position":3,"name":"Cinta Doble Faz PET"}]},{"@type":"WebSite","@id":"https:\/\/castle-global.com\/cl\/#website","url":"https:\/\/castle-global.com\/cl\/","name":"Castle Global CL","description":"Soluciones de embalaje","potentialAction":[{"@type":"SearchAction","target":{"@type":"EntryPoint","urlTemplate":"https:\/\/castle-global.com\/cl\/?s={search_term_string}"},"query-input":{"@type":"PropertyValueSpecification","valueRequired":true,"valueName":"search_term_string"}}],"inLanguage":"es-AR"}]}},"_links":{"self":[{"href":"https:\/\/castle-global.com\/cl\/wp-json\/wp\/v2\/product\/560","targetHints":{"allow":["GET"]}}],"collection":[{"href":"https:\/\/castle-global.com\/cl\/wp-json\/wp\/v2\/product"}],"about":[{"href":"https:\/\/castle-global.com\/cl\/wp-json\/wp\/v2\/types\/product"}],"wp:featuredmedia":[{"embeddable":true,"href":"https:\/\/castle-global.com\/cl\/wp-json\/wp\/v2\/media\/561"}],"wp:attachment":[{"href":"https:\/\/castle-global.com\/cl\/wp-json\/wp\/v2\/media?parent=560"}],"wp:term":[{"taxonomy":"product_brand","embeddable":true,"href":"https:\/\/castle-global.com\/cl\/wp-json\/wp\/v2\/product_brand?post=560"},{"taxonomy":"product_cat","embeddable":true,"href":"https:\/\/castle-global.com\/cl\/wp-json\/wp\/v2\/product_cat?post=560"},{"taxonomy":"product_tag","embeddable":true,"href":"https:\/\/castle-global.com\/cl\/wp-json\/wp\/v2\/product_tag?post=560"}],"curies":[{"name":"wp","href":"https:\/\/api.w.org\/{rel}","templated":true}]}}