{"id":534,"date":"2024-11-12T06:55:42","date_gmt":"2024-11-12T09:55:42","guid":{"rendered":"https:\/\/castle-global.com\/cl\/?post_type=product&#038;p=534"},"modified":"2024-11-20T14:53:56","modified_gmt":"2024-11-20T17:53:56","slug":"cinta-freezer-tape","status":"publish","type":"product","link":"https:\/\/castle-global.com\/cl\/catalogo\/cintas-adhesivas\/cintas-adhesivas-especiales\/cinta-freezer-tape\/","title":{"rendered":"Cinta Freezer Tape"},"content":{"rendered":"<p><strong>Aplicaciones:<\/strong><\/p>\r\n<ul>\r\n<li>Fijaci\u00f3n de bobinas en las paredes del congelador<\/li>\r\n<li>Uso permanente<\/li>\r\n<li>Refrigeraci\u00f3n<\/li>\r\n<\/ul>\r\n<p><strong>Uso y Almacenaje:<\/strong> La cinta se puede almacenar durante 6 meses en condiciones secas, en su embalaje original y entre 10\u00baC y 35\u00baC. La cinta debe estar protegida de temperaturas extremas y luz solar directa. Una vez retirada de su embalaje original, la cinta debe protegerse del polvo y otras impurezas. Todas las superficies a las que se aplica la cinta deben estar libres de polvo, solventes y aceites.<\/p>\r\n<p>&nbsp;<\/p>\r\n\r\n<figure class=\"wp-block-table aligncenter is-style-regular\">\r\n<table class=\"has-fixed-layout\">\r\n<thead>\r\n<tr>\r\n<th class=\"has-text-align-center\" data-align=\"center\"><mark class=\"has-inline-color has-secondary-color\" style=\"background-color: rgba(0, 0, 0, 0);\">C\u00f3digo<\/mark><\/th>\r\n<th class=\"has-text-align-center\" data-align=\"center\"><mark class=\"has-inline-color has-secondary-color\" style=\"background-color: rgba(0, 0, 0, 0);\">Color<\/mark><\/th>\r\n<th class=\"has-text-align-center\" data-align=\"center\"><mark class=\"has-inline-color has-secondary-color\" style=\"background-color: rgba(0, 0, 0, 0);\">Ancho (mm)<\/mark><\/th>\r\n<th class=\"has-text-align-center\" data-align=\"center\"><mark class=\"has-inline-color has-secondary-color\" style=\"background-color: rgba(0, 0, 0, 0);\">Largo (mts)<\/mark><\/th>\r\n<th class=\"has-text-align-center\" data-align=\"center\"><mark class=\"has-inline-color has-secondary-color\" style=\"background-color: rgba(0, 0, 0, 0);\">Rollos por caja<\/mark><\/th>\r\n<\/tr>\r\n<\/thead>\r\n<tbody>\r\n<tr>\r\n<td class=\"has-text-align-center\" data-align=\"center\">FT60<\/td>\r\n<td class=\"has-text-align-center\" data-align=\"center\">BLANCA<\/td>\r\n<td class=\"has-text-align-center\" data-align=\"center\">48<\/td>\r\n<td class=\"has-text-align-center\" data-align=\"center\">200<\/td>\r\n<td class=\"has-text-align-center\" data-align=\"center\">20<\/td>\r\n<\/tr>\r\n<tr>\r\n<td class=\"has-text-align-center\" data-align=\"center\">\u00a0<\/td>\r\n<td class=\"has-text-align-center\" data-align=\"center\">\u00a0<\/td>\r\n<td class=\"has-text-align-center\" data-align=\"center\">60<\/td>\r\n<td class=\"has-text-align-center\" data-align=\"center\">200<\/td>\r\n<td class=\"has-text-align-center\" data-align=\"center\">16<\/td>\r\n<\/tr>\r\n<tr>\r\n<td class=\"has-text-align-center\" data-align=\"center\">\u00a0<\/td>\r\n<td class=\"has-text-align-center\" data-align=\"center\">\u00a0<\/td>\r\n<td class=\"has-text-align-center\" data-align=\"center\">120<\/td>\r\n<td class=\"has-text-align-center\" data-align=\"center\">200<\/td>\r\n<td class=\"has-text-align-center\" data-align=\"center\">8<\/td>\r\n<\/tr>\r\n<tr>\r\n<td class=\"has-text-align-center\" data-align=\"center\">\u00a0<\/td>\r\n<td class=\"has-text-align-center\" data-align=\"center\">\u00a0<\/td>\r\n<td class=\"has-text-align-center\" data-align=\"center\">230<\/td>\r\n<td class=\"has-text-align-center\" data-align=\"center\">200<\/td>\r\n<td class=\"has-text-align-center\" data-align=\"center\">6<\/td>\r\n<\/tr>\r\n<tr>\r\n<td class=\"has-text-align-center\" data-align=\"center\">\u00a0<\/td>\r\n<td class=\"has-text-align-center\" data-align=\"center\">\u00a0<\/td>\r\n<td class=\"has-text-align-center\" data-align=\"center\">480<\/td>\r\n<td class=\"has-text-align-center\" data-align=\"center\">200<\/td>\r\n<td class=\"has-text-align-center\" data-align=\"center\">2<\/td>\r\n<\/tr>\r\n<\/tbody>\r\n<\/table>\r\n<\/figure>","protected":false},"excerpt":{"rendered":"<p>Marca: C-PRO Protege las bobinas de refrigeraci\u00f3n antes de la inyecci\u00f3n de espuma de poliuretano. La cinta autoadhesiva freezer tape es de Polietileno de baja densidad. Se utiliza principalmente para el almacenamiento en fr\u00edo y en la fabricaci\u00f3n de equipos de refrigeraci\u00f3n durante la fijaci\u00f3n de las bobinas en las paredes del congelador.<\/p>\n<a href=\"\/wp-content\/uploads\/sites\/2\/2024\/11\/Ficha-Tecnica-Freezer-Tape.pdf\" target=\"_blank\" class=\"button secondary is-outline secondary\" rel=\"noopener\"  style=\"border-radius:10px;\">\n\t\t<span>Ver ficha t\u00e9cnica<\/span>\n\t<i class=\"icon-angle-down\" aria-hidden=\"true\" ><\/i><\/a>\n\n","protected":false},"featured_media":535,"template":"","meta":[],"product_brand":[],"product_cat":[24,34],"product_tag":[40,59],"class_list":{"0":"post-534","1":"product","2":"type-product","3":"status-publish","4":"has-post-thumbnail","6":"product_cat-cintas-adhesivas","7":"product_cat-cintas-adhesivas-especiales","8":"product_tag-cinta","9":"product_tag-freezer-tape","11":"first","12":"instock","13":"shipping-taxable","14":"purchasable","15":"product-type-simple"},"yoast_head":"<!-- This site is optimized with the Yoast SEO plugin v26.5 - https:\/\/yoast.com\/wordpress\/plugins\/seo\/ -->\n<title>Cinta Freezer Tape - Castle Global CL<\/title>\n<meta name=\"robots\" content=\"index, follow, max-snippet:-1, max-image-preview:large, max-video-preview:-1\" \/>\n<link rel=\"canonical\" href=\"https:\/\/castle-global.com\/cl\/catalogo\/cintas-adhesivas\/cintas-adhesivas-especiales\/cinta-freezer-tape\/\" \/>\n<meta property=\"og:locale\" content=\"es_ES\" \/>\n<meta property=\"og:type\" content=\"article\" \/>\n<meta property=\"og:title\" content=\"Cinta Freezer Tape - Castle Global CL\" \/>\n<meta property=\"og:description\" content=\"Marca: C-PRO Protege las bobinas de refrigeraci\u00f3n antes de la inyecci\u00f3n de espuma de poliuretano. La cinta autoadhesiva freezer tape es de Polietileno de baja densidad. Se utiliza principalmente para el almacenamiento en fr\u00edo y en la fabricaci\u00f3n de equipos de refrigeraci\u00f3n durante la fijaci\u00f3n de las bobinas en las paredes del congelador.\" \/>\n<meta property=\"og:url\" content=\"https:\/\/castle-global.com\/cl\/catalogo\/cintas-adhesivas\/cintas-adhesivas-especiales\/cinta-freezer-tape\/\" \/>\n<meta property=\"og:site_name\" content=\"Castle Global CL\" \/>\n<meta property=\"article:modified_time\" content=\"2024-11-20T17:53:56+00:00\" \/>\n<meta property=\"og:image\" content=\"https:\/\/castle-global.com\/cl\/wp-content\/uploads\/sites\/2\/2024\/11\/FREEZER-TAPE.jpg\" \/>\n\t<meta property=\"og:image:width\" content=\"768\" \/>\n\t<meta property=\"og:image:height\" content=\"768\" \/>\n\t<meta property=\"og:image:type\" content=\"image\/jpeg\" \/>\n<meta name=\"twitter:card\" content=\"summary_large_image\" \/>\n<meta name=\"twitter:label1\" content=\"Tiempo de lectura\" \/>\n\t<meta name=\"twitter:data1\" content=\"1 minuto\" \/>\n<script type=\"application\/ld+json\" class=\"yoast-schema-graph\">{\"@context\":\"https:\/\/schema.org\",\"@graph\":[{\"@type\":\"WebPage\",\"@id\":\"https:\/\/castle-global.com\/cl\/catalogo\/cintas-adhesivas\/cintas-adhesivas-especiales\/cinta-freezer-tape\/\",\"url\":\"https:\/\/castle-global.com\/cl\/catalogo\/cintas-adhesivas\/cintas-adhesivas-especiales\/cinta-freezer-tape\/\",\"name\":\"Cinta Freezer Tape - Castle Global CL\",\"isPartOf\":{\"@id\":\"https:\/\/castle-global.com\/cl\/#website\"},\"primaryImageOfPage\":{\"@id\":\"https:\/\/castle-global.com\/cl\/catalogo\/cintas-adhesivas\/cintas-adhesivas-especiales\/cinta-freezer-tape\/#primaryimage\"},\"image\":{\"@id\":\"https:\/\/castle-global.com\/cl\/catalogo\/cintas-adhesivas\/cintas-adhesivas-especiales\/cinta-freezer-tape\/#primaryimage\"},\"thumbnailUrl\":\"https:\/\/castle-global.com\/cl\/wp-content\/uploads\/sites\/2\/2024\/11\/FREEZER-TAPE.jpg\",\"datePublished\":\"2024-11-12T09:55:42+00:00\",\"dateModified\":\"2024-11-20T17:53:56+00:00\",\"breadcrumb\":{\"@id\":\"https:\/\/castle-global.com\/cl\/catalogo\/cintas-adhesivas\/cintas-adhesivas-especiales\/cinta-freezer-tape\/#breadcrumb\"},\"inLanguage\":\"es-AR\",\"potentialAction\":[{\"@type\":\"ReadAction\",\"target\":[\"https:\/\/castle-global.com\/cl\/catalogo\/cintas-adhesivas\/cintas-adhesivas-especiales\/cinta-freezer-tape\/\"]}]},{\"@type\":\"ImageObject\",\"inLanguage\":\"es-AR\",\"@id\":\"https:\/\/castle-global.com\/cl\/catalogo\/cintas-adhesivas\/cintas-adhesivas-especiales\/cinta-freezer-tape\/#primaryimage\",\"url\":\"https:\/\/castle-global.com\/cl\/wp-content\/uploads\/sites\/2\/2024\/11\/FREEZER-TAPE.jpg\",\"contentUrl\":\"https:\/\/castle-global.com\/cl\/wp-content\/uploads\/sites\/2\/2024\/11\/FREEZER-TAPE.jpg\",\"width\":768,\"height\":768},{\"@type\":\"BreadcrumbList\",\"@id\":\"https:\/\/castle-global.com\/cl\/catalogo\/cintas-adhesivas\/cintas-adhesivas-especiales\/cinta-freezer-tape\/#breadcrumb\",\"itemListElement\":[{\"@type\":\"ListItem\",\"position\":1,\"name\":\"Inicio\",\"item\":\"https:\/\/castle-global.com\/cl\/\"},{\"@type\":\"ListItem\",\"position\":2,\"name\":\"Cat\u00e1logo\",\"item\":\"https:\/\/castle-global.com\/cl\/catalogo\/\"},{\"@type\":\"ListItem\",\"position\":3,\"name\":\"Cinta Freezer Tape\"}]},{\"@type\":\"WebSite\",\"@id\":\"https:\/\/castle-global.com\/cl\/#website\",\"url\":\"https:\/\/castle-global.com\/cl\/\",\"name\":\"Castle Global CL\",\"description\":\"Soluciones de embalaje\",\"potentialAction\":[{\"@type\":\"SearchAction\",\"target\":{\"@type\":\"EntryPoint\",\"urlTemplate\":\"https:\/\/castle-global.com\/cl\/?s={search_term_string}\"},\"query-input\":{\"@type\":\"PropertyValueSpecification\",\"valueRequired\":true,\"valueName\":\"search_term_string\"}}],\"inLanguage\":\"es-AR\"}]}<\/script>\n<!-- \/ Yoast SEO plugin. -->","yoast_head_json":{"title":"Cinta Freezer Tape - Castle Global CL","robots":{"index":"index","follow":"follow","max-snippet":"max-snippet:-1","max-image-preview":"max-image-preview:large","max-video-preview":"max-video-preview:-1"},"canonical":"https:\/\/castle-global.com\/cl\/catalogo\/cintas-adhesivas\/cintas-adhesivas-especiales\/cinta-freezer-tape\/","og_locale":"es_ES","og_type":"article","og_title":"Cinta Freezer Tape - Castle Global CL","og_description":"Marca: C-PRO Protege las bobinas de refrigeraci\u00f3n antes de la inyecci\u00f3n de espuma de poliuretano. La cinta autoadhesiva freezer tape es de Polietileno de baja densidad. Se utiliza principalmente para el almacenamiento en fr\u00edo y en la fabricaci\u00f3n de equipos de refrigeraci\u00f3n durante la fijaci\u00f3n de las bobinas en las paredes del congelador.","og_url":"https:\/\/castle-global.com\/cl\/catalogo\/cintas-adhesivas\/cintas-adhesivas-especiales\/cinta-freezer-tape\/","og_site_name":"Castle Global CL","article_modified_time":"2024-11-20T17:53:56+00:00","og_image":[{"width":768,"height":768,"url":"https:\/\/castle-global.com\/cl\/wp-content\/uploads\/sites\/2\/2024\/11\/FREEZER-TAPE.jpg","type":"image\/jpeg"}],"twitter_card":"summary_large_image","twitter_misc":{"Tiempo de lectura":"1 minuto"},"schema":{"@context":"https:\/\/schema.org","@graph":[{"@type":"WebPage","@id":"https:\/\/castle-global.com\/cl\/catalogo\/cintas-adhesivas\/cintas-adhesivas-especiales\/cinta-freezer-tape\/","url":"https:\/\/castle-global.com\/cl\/catalogo\/cintas-adhesivas\/cintas-adhesivas-especiales\/cinta-freezer-tape\/","name":"Cinta Freezer Tape - Castle Global CL","isPartOf":{"@id":"https:\/\/castle-global.com\/cl\/#website"},"primaryImageOfPage":{"@id":"https:\/\/castle-global.com\/cl\/catalogo\/cintas-adhesivas\/cintas-adhesivas-especiales\/cinta-freezer-tape\/#primaryimage"},"image":{"@id":"https:\/\/castle-global.com\/cl\/catalogo\/cintas-adhesivas\/cintas-adhesivas-especiales\/cinta-freezer-tape\/#primaryimage"},"thumbnailUrl":"https:\/\/castle-global.com\/cl\/wp-content\/uploads\/sites\/2\/2024\/11\/FREEZER-TAPE.jpg","datePublished":"2024-11-12T09:55:42+00:00","dateModified":"2024-11-20T17:53:56+00:00","breadcrumb":{"@id":"https:\/\/castle-global.com\/cl\/catalogo\/cintas-adhesivas\/cintas-adhesivas-especiales\/cinta-freezer-tape\/#breadcrumb"},"inLanguage":"es-AR","potentialAction":[{"@type":"ReadAction","target":["https:\/\/castle-global.com\/cl\/catalogo\/cintas-adhesivas\/cintas-adhesivas-especiales\/cinta-freezer-tape\/"]}]},{"@type":"ImageObject","inLanguage":"es-AR","@id":"https:\/\/castle-global.com\/cl\/catalogo\/cintas-adhesivas\/cintas-adhesivas-especiales\/cinta-freezer-tape\/#primaryimage","url":"https:\/\/castle-global.com\/cl\/wp-content\/uploads\/sites\/2\/2024\/11\/FREEZER-TAPE.jpg","contentUrl":"https:\/\/castle-global.com\/cl\/wp-content\/uploads\/sites\/2\/2024\/11\/FREEZER-TAPE.jpg","width":768,"height":768},{"@type":"BreadcrumbList","@id":"https:\/\/castle-global.com\/cl\/catalogo\/cintas-adhesivas\/cintas-adhesivas-especiales\/cinta-freezer-tape\/#breadcrumb","itemListElement":[{"@type":"ListItem","position":1,"name":"Inicio","item":"https:\/\/castle-global.com\/cl\/"},{"@type":"ListItem","position":2,"name":"Cat\u00e1logo","item":"https:\/\/castle-global.com\/cl\/catalogo\/"},{"@type":"ListItem","position":3,"name":"Cinta Freezer Tape"}]},{"@type":"WebSite","@id":"https:\/\/castle-global.com\/cl\/#website","url":"https:\/\/castle-global.com\/cl\/","name":"Castle Global CL","description":"Soluciones de embalaje","potentialAction":[{"@type":"SearchAction","target":{"@type":"EntryPoint","urlTemplate":"https:\/\/castle-global.com\/cl\/?s={search_term_string}"},"query-input":{"@type":"PropertyValueSpecification","valueRequired":true,"valueName":"search_term_string"}}],"inLanguage":"es-AR"}]}},"_links":{"self":[{"href":"https:\/\/castle-global.com\/cl\/wp-json\/wp\/v2\/product\/534","targetHints":{"allow":["GET"]}}],"collection":[{"href":"https:\/\/castle-global.com\/cl\/wp-json\/wp\/v2\/product"}],"about":[{"href":"https:\/\/castle-global.com\/cl\/wp-json\/wp\/v2\/types\/product"}],"wp:featuredmedia":[{"embeddable":true,"href":"https:\/\/castle-global.com\/cl\/wp-json\/wp\/v2\/media\/535"}],"wp:attachment":[{"href":"https:\/\/castle-global.com\/cl\/wp-json\/wp\/v2\/media?parent=534"}],"wp:term":[{"taxonomy":"product_brand","embeddable":true,"href":"https:\/\/castle-global.com\/cl\/wp-json\/wp\/v2\/product_brand?post=534"},{"taxonomy":"product_cat","embeddable":true,"href":"https:\/\/castle-global.com\/cl\/wp-json\/wp\/v2\/product_cat?post=534"},{"taxonomy":"product_tag","embeddable":true,"href":"https:\/\/castle-global.com\/cl\/wp-json\/wp\/v2\/product_tag?post=534"}],"curies":[{"name":"wp","href":"https:\/\/api.w.org\/{rel}","templated":true}]}}