{"id":485,"date":"2024-11-11T11:08:49","date_gmt":"2024-11-11T14:08:49","guid":{"rendered":"https:\/\/castle-global.com\/cl\/?post_type=product&#038;p=485"},"modified":"2024-11-27T16:46:18","modified_gmt":"2024-11-27T19:46:18","slug":"flejes-material-pet","status":"publish","type":"product","link":"https:\/\/castle-global.com\/cl\/catalogo\/flejes\/flejes-material-pet\/","title":{"rendered":"Flejes Material PET"},"content":{"rendered":"","protected":false},"excerpt":{"rendered":"<p>La primera opci\u00f3n de flejado para unidades de carga (muy) pesadas, como cart\u00f3n, productos met\u00e1licos y productos de madera. Este fleje, gracias a su menor secci\u00f3n, tiene una mayor elasticidad que permite una retenci\u00f3n \u00f3ptima. Es ideal para aplicaciones de flejado de alta resistencia, con la misma eficiencia econ\u00f3mica.<\/p>\n","protected":false},"featured_media":593,"template":"","meta":[],"product_brand":[],"product_cat":[26],"product_tag":[47,48],"class_list":{"0":"post-485","1":"product","2":"type-product","3":"status-publish","4":"has-post-thumbnail","6":"product_cat-flejes","7":"product_tag-flejes","8":"product_tag-pet","10":"first","11":"instock","12":"shipping-taxable","13":"purchasable","14":"product-type-simple"},"yoast_head":"<!-- This site is optimized with the Yoast SEO plugin v26.5 - https:\/\/yoast.com\/wordpress\/plugins\/seo\/ -->\n<title>Flejes Material PET - Castle Global CL<\/title>\n<meta name=\"robots\" content=\"index, follow, max-snippet:-1, max-image-preview:large, max-video-preview:-1\" \/>\n<link rel=\"canonical\" href=\"https:\/\/castle-global.com\/cl\/catalogo\/flejes\/flejes-material-pet\/\" \/>\n<meta property=\"og:locale\" content=\"es_ES\" \/>\n<meta property=\"og:type\" content=\"article\" \/>\n<meta property=\"og:title\" content=\"Flejes Material PET - Castle Global CL\" \/>\n<meta property=\"og:description\" content=\"La primera opci\u00f3n de flejado para unidades de carga (muy) pesadas, como cart\u00f3n, productos met\u00e1licos y productos de madera. Este fleje, gracias a su menor secci\u00f3n, tiene una mayor elasticidad que permite una retenci\u00f3n \u00f3ptima. Es ideal para aplicaciones de flejado de alta resistencia, con la misma eficiencia econ\u00f3mica.\" \/>\n<meta property=\"og:url\" content=\"https:\/\/castle-global.com\/cl\/catalogo\/flejes\/flejes-material-pet\/\" \/>\n<meta property=\"og:site_name\" content=\"Castle Global CL\" \/>\n<meta property=\"article:modified_time\" content=\"2024-11-27T19:46:18+00:00\" \/>\n<meta property=\"og:image\" content=\"https:\/\/castle-global.com\/cl\/wp-content\/uploads\/sites\/2\/2024\/11\/Flejes-Material-PET.jpg\" \/>\n\t<meta property=\"og:image:width\" content=\"768\" \/>\n\t<meta property=\"og:image:height\" content=\"768\" \/>\n\t<meta property=\"og:image:type\" content=\"image\/jpeg\" \/>\n<meta name=\"twitter:card\" content=\"summary_large_image\" \/>\n<meta name=\"twitter:label1\" content=\"Tiempo de lectura\" \/>\n\t<meta name=\"twitter:data1\" content=\"1 minuto\" \/>\n<script type=\"application\/ld+json\" class=\"yoast-schema-graph\">{\"@context\":\"https:\/\/schema.org\",\"@graph\":[{\"@type\":\"WebPage\",\"@id\":\"https:\/\/castle-global.com\/cl\/catalogo\/flejes\/flejes-material-pet\/\",\"url\":\"https:\/\/castle-global.com\/cl\/catalogo\/flejes\/flejes-material-pet\/\",\"name\":\"Flejes Material PET - Castle Global CL\",\"isPartOf\":{\"@id\":\"https:\/\/castle-global.com\/cl\/#website\"},\"primaryImageOfPage\":{\"@id\":\"https:\/\/castle-global.com\/cl\/catalogo\/flejes\/flejes-material-pet\/#primaryimage\"},\"image\":{\"@id\":\"https:\/\/castle-global.com\/cl\/catalogo\/flejes\/flejes-material-pet\/#primaryimage\"},\"thumbnailUrl\":\"https:\/\/castle-global.com\/cl\/wp-content\/uploads\/sites\/2\/2024\/11\/Flejes-Material-PET.jpg\",\"datePublished\":\"2024-11-11T14:08:49+00:00\",\"dateModified\":\"2024-11-27T19:46:18+00:00\",\"breadcrumb\":{\"@id\":\"https:\/\/castle-global.com\/cl\/catalogo\/flejes\/flejes-material-pet\/#breadcrumb\"},\"inLanguage\":\"es-AR\",\"potentialAction\":[{\"@type\":\"ReadAction\",\"target\":[\"https:\/\/castle-global.com\/cl\/catalogo\/flejes\/flejes-material-pet\/\"]}]},{\"@type\":\"ImageObject\",\"inLanguage\":\"es-AR\",\"@id\":\"https:\/\/castle-global.com\/cl\/catalogo\/flejes\/flejes-material-pet\/#primaryimage\",\"url\":\"https:\/\/castle-global.com\/cl\/wp-content\/uploads\/sites\/2\/2024\/11\/Flejes-Material-PET.jpg\",\"contentUrl\":\"https:\/\/castle-global.com\/cl\/wp-content\/uploads\/sites\/2\/2024\/11\/Flejes-Material-PET.jpg\",\"width\":768,\"height\":768},{\"@type\":\"BreadcrumbList\",\"@id\":\"https:\/\/castle-global.com\/cl\/catalogo\/flejes\/flejes-material-pet\/#breadcrumb\",\"itemListElement\":[{\"@type\":\"ListItem\",\"position\":1,\"name\":\"Inicio\",\"item\":\"https:\/\/castle-global.com\/cl\/\"},{\"@type\":\"ListItem\",\"position\":2,\"name\":\"Cat\u00e1logo\",\"item\":\"https:\/\/castle-global.com\/cl\/catalogo\/\"},{\"@type\":\"ListItem\",\"position\":3,\"name\":\"Flejes Material PET\"}]},{\"@type\":\"WebSite\",\"@id\":\"https:\/\/castle-global.com\/cl\/#website\",\"url\":\"https:\/\/castle-global.com\/cl\/\",\"name\":\"Castle Global CL\",\"description\":\"Soluciones de embalaje\",\"potentialAction\":[{\"@type\":\"SearchAction\",\"target\":{\"@type\":\"EntryPoint\",\"urlTemplate\":\"https:\/\/castle-global.com\/cl\/?s={search_term_string}\"},\"query-input\":{\"@type\":\"PropertyValueSpecification\",\"valueRequired\":true,\"valueName\":\"search_term_string\"}}],\"inLanguage\":\"es-AR\"}]}<\/script>\n<!-- \/ Yoast SEO plugin. -->","yoast_head_json":{"title":"Flejes Material PET - Castle Global CL","robots":{"index":"index","follow":"follow","max-snippet":"max-snippet:-1","max-image-preview":"max-image-preview:large","max-video-preview":"max-video-preview:-1"},"canonical":"https:\/\/castle-global.com\/cl\/catalogo\/flejes\/flejes-material-pet\/","og_locale":"es_ES","og_type":"article","og_title":"Flejes Material PET - Castle Global CL","og_description":"La primera opci\u00f3n de flejado para unidades de carga (muy) pesadas, como cart\u00f3n, productos met\u00e1licos y productos de madera. Este fleje, gracias a su menor secci\u00f3n, tiene una mayor elasticidad que permite una retenci\u00f3n \u00f3ptima. Es ideal para aplicaciones de flejado de alta resistencia, con la misma eficiencia econ\u00f3mica.","og_url":"https:\/\/castle-global.com\/cl\/catalogo\/flejes\/flejes-material-pet\/","og_site_name":"Castle Global CL","article_modified_time":"2024-11-27T19:46:18+00:00","og_image":[{"width":768,"height":768,"url":"https:\/\/castle-global.com\/cl\/wp-content\/uploads\/sites\/2\/2024\/11\/Flejes-Material-PET.jpg","type":"image\/jpeg"}],"twitter_card":"summary_large_image","twitter_misc":{"Tiempo de lectura":"1 minuto"},"schema":{"@context":"https:\/\/schema.org","@graph":[{"@type":"WebPage","@id":"https:\/\/castle-global.com\/cl\/catalogo\/flejes\/flejes-material-pet\/","url":"https:\/\/castle-global.com\/cl\/catalogo\/flejes\/flejes-material-pet\/","name":"Flejes Material PET - Castle Global CL","isPartOf":{"@id":"https:\/\/castle-global.com\/cl\/#website"},"primaryImageOfPage":{"@id":"https:\/\/castle-global.com\/cl\/catalogo\/flejes\/flejes-material-pet\/#primaryimage"},"image":{"@id":"https:\/\/castle-global.com\/cl\/catalogo\/flejes\/flejes-material-pet\/#primaryimage"},"thumbnailUrl":"https:\/\/castle-global.com\/cl\/wp-content\/uploads\/sites\/2\/2024\/11\/Flejes-Material-PET.jpg","datePublished":"2024-11-11T14:08:49+00:00","dateModified":"2024-11-27T19:46:18+00:00","breadcrumb":{"@id":"https:\/\/castle-global.com\/cl\/catalogo\/flejes\/flejes-material-pet\/#breadcrumb"},"inLanguage":"es-AR","potentialAction":[{"@type":"ReadAction","target":["https:\/\/castle-global.com\/cl\/catalogo\/flejes\/flejes-material-pet\/"]}]},{"@type":"ImageObject","inLanguage":"es-AR","@id":"https:\/\/castle-global.com\/cl\/catalogo\/flejes\/flejes-material-pet\/#primaryimage","url":"https:\/\/castle-global.com\/cl\/wp-content\/uploads\/sites\/2\/2024\/11\/Flejes-Material-PET.jpg","contentUrl":"https:\/\/castle-global.com\/cl\/wp-content\/uploads\/sites\/2\/2024\/11\/Flejes-Material-PET.jpg","width":768,"height":768},{"@type":"BreadcrumbList","@id":"https:\/\/castle-global.com\/cl\/catalogo\/flejes\/flejes-material-pet\/#breadcrumb","itemListElement":[{"@type":"ListItem","position":1,"name":"Inicio","item":"https:\/\/castle-global.com\/cl\/"},{"@type":"ListItem","position":2,"name":"Cat\u00e1logo","item":"https:\/\/castle-global.com\/cl\/catalogo\/"},{"@type":"ListItem","position":3,"name":"Flejes Material PET"}]},{"@type":"WebSite","@id":"https:\/\/castle-global.com\/cl\/#website","url":"https:\/\/castle-global.com\/cl\/","name":"Castle Global CL","description":"Soluciones de embalaje","potentialAction":[{"@type":"SearchAction","target":{"@type":"EntryPoint","urlTemplate":"https:\/\/castle-global.com\/cl\/?s={search_term_string}"},"query-input":{"@type":"PropertyValueSpecification","valueRequired":true,"valueName":"search_term_string"}}],"inLanguage":"es-AR"}]}},"_links":{"self":[{"href":"https:\/\/castle-global.com\/cl\/wp-json\/wp\/v2\/product\/485","targetHints":{"allow":["GET"]}}],"collection":[{"href":"https:\/\/castle-global.com\/cl\/wp-json\/wp\/v2\/product"}],"about":[{"href":"https:\/\/castle-global.com\/cl\/wp-json\/wp\/v2\/types\/product"}],"wp:featuredmedia":[{"embeddable":true,"href":"https:\/\/castle-global.com\/cl\/wp-json\/wp\/v2\/media\/593"}],"wp:attachment":[{"href":"https:\/\/castle-global.com\/cl\/wp-json\/wp\/v2\/media?parent=485"}],"wp:term":[{"taxonomy":"product_brand","embeddable":true,"href":"https:\/\/castle-global.com\/cl\/wp-json\/wp\/v2\/product_brand?post=485"},{"taxonomy":"product_cat","embeddable":true,"href":"https:\/\/castle-global.com\/cl\/wp-json\/wp\/v2\/product_cat?post=485"},{"taxonomy":"product_tag","embeddable":true,"href":"https:\/\/castle-global.com\/cl\/wp-json\/wp\/v2\/product_tag?post=485"}],"curies":[{"name":"wp","href":"https:\/\/api.w.org\/{rel}","templated":true}]}}