{"id":459,"date":"2024-11-11T10:11:21","date_gmt":"2024-11-11T13:11:21","guid":{"rendered":"https:\/\/castle-global.com\/cl\/?page_id=459"},"modified":"2024-11-14T00:25:30","modified_gmt":"2024-11-14T03:25:30","slug":"tabla-productos","status":"publish","type":"page","link":"https:\/\/castle-global.com\/cl\/tabla-productos\/","title":{"rendered":"Tabla productos"},"content":{"rendered":"\n<figure class=\"wp-block-table aligncenter is-style-regular\"><table class=\"has-fixed-layout\"><thead><tr><th class=\"has-text-align-center\" data-align=\"center\"><mark style=\"background-color:rgba(0, 0, 0, 0)\" class=\"has-inline-color has-secondary-color\">C\u00f3digo<\/mark><\/th><th class=\"has-text-align-center\" data-align=\"center\"><mark style=\"background-color:rgba(0, 0, 0, 0)\" class=\"has-inline-color has-secondary-color\">Color<\/mark><\/th><th class=\"has-text-align-center\" data-align=\"center\"><mark style=\"background-color:rgba(0, 0, 0, 0)\" class=\"has-inline-color has-secondary-color\">Ancho (mm)<\/mark><\/th><th class=\"has-text-align-center\" data-align=\"center\"><mark style=\"background-color:rgba(0, 0, 0, 0)\" class=\"has-inline-color has-secondary-color\">Largo (mts)<\/mark><\/th><\/tr><\/thead><tbody><tr><td class=\"has-text-align-center\" data-align=\"center\">7055<\/td><td class=\"has-text-align-center\" data-align=\"center\">TRANSPARENTE<\/td><td class=\"has-text-align-center\" data-align=\"center\">6<\/td><td class=\"has-text-align-center\" data-align=\"center\">25<\/td><\/tr><tr><td class=\"has-text-align-center\" data-align=\"center\"><\/td><td class=\"has-text-align-center\" data-align=\"center\"><\/td><td class=\"has-text-align-center\" data-align=\"center\">12<\/td><td class=\"has-text-align-center\" data-align=\"center\">25<\/td><\/tr><tr><td class=\"has-text-align-center\" data-align=\"center\"><\/td><td class=\"has-text-align-center\" data-align=\"center\"><\/td><td class=\"has-text-align-center\" data-align=\"center\">19<\/td><td class=\"has-text-align-center\" data-align=\"center\">25<\/td><\/tr><tr><td class=\"has-text-align-center\" data-align=\"center\"><\/td><td class=\"has-text-align-center\" data-align=\"center\"><\/td><td class=\"has-text-align-center\" data-align=\"center\">25<\/td><td class=\"has-text-align-center\" data-align=\"center\">25<\/td><\/tr><tr><td class=\"has-text-align-center\" data-align=\"center\">7063<\/td><td class=\"has-text-align-center\" data-align=\"center\">TRANSPARENTE<\/td><td class=\"has-text-align-center\" data-align=\"center\">6<\/td><td class=\"has-text-align-center\" data-align=\"center\">25<\/td><\/tr><tr><td class=\"has-text-align-center\" data-align=\"center\"><\/td><td class=\"has-text-align-center\" data-align=\"center\"><\/td><td class=\"has-text-align-center\" data-align=\"center\">12<\/td><td class=\"has-text-align-center\" data-align=\"center\">25<\/td><\/tr><tr><td class=\"has-text-align-center\" data-align=\"center\"><\/td><td class=\"has-text-align-center\" data-align=\"center\"><\/td><td class=\"has-text-align-center\" data-align=\"center\">19<\/td><td class=\"has-text-align-center\" data-align=\"center\">25<\/td><\/tr><tr><td class=\"has-text-align-center\" data-align=\"center\"><\/td><td class=\"has-text-align-center\" data-align=\"center\"><\/td><td class=\"has-text-align-center\" data-align=\"center\">25<\/td><td class=\"has-text-align-center\" data-align=\"center\">25<\/td><\/tr><\/tbody><\/table><\/figure>\n\n\n\n<p><\/p>\n\n\n\n<figure class=\"wp-block-table aligncenter is-style-regular\"><table class=\"has-fixed-layout\"><thead><tr><th class=\"has-text-align-center\" data-align=\"center\"><mark style=\"background-color:rgba(0, 0, 0, 0)\" class=\"has-inline-color has-secondary-color\">Producto<\/mark><\/th><th class=\"has-text-align-center\" data-align=\"center\"><mark style=\"background-color:rgba(0, 0, 0, 0)\" class=\"has-inline-color has-secondary-color\">Descripci\u00f3n<\/mark><\/th><th class=\"has-text-align-center\" data-align=\"center\"><mark style=\"background-color:rgba(0, 0, 0, 0)\" class=\"has-inline-color has-secondary-color\">Ficha<\/mark><\/th><\/tr><\/thead><tbody><tr><td class=\"has-text-align-center\" data-align=\"center\">PP579<\/td><td class=\"has-text-align-center\" data-align=\"center\">Papel Plastificado Anticorrosivo En Rollos<\/td><td class=\"has-text-align-center\" data-align=\"center\"><a href=\"#\">Ver ficha t\u00e9cnica<\/a><\/td><\/tr><tr><td class=\"has-text-align-center\" data-align=\"center\">P579<\/td><td class=\"has-text-align-center\" data-align=\"center\">Papel Anticorrosivo En Rollos<\/td><td class=\"has-text-align-center\" data-align=\"center\"><a href=\"#\">Ver ficha t\u00e9cnica<\/a><\/td><\/tr><tr><td class=\"has-text-align-center\" data-align=\"center\">P579HKG<\/td><td class=\"has-text-align-center\" data-align=\"center\">Papel Anticorrosivo En Hojas<\/td><td class=\"has-text-align-center\" data-align=\"center\"><a href=\"#\">Ver ficha t\u00e9cnica<\/a><\/td><\/tr><\/tbody><\/table><\/figure>\n\n\n\n<p><\/p>\n","protected":false},"excerpt":{"rendered":"<p>C\u00f3digo Color Ancho (mm) Largo (mts) 7055 TRANSPARENTE 6 25 12 25 19 25 25 25 7063 TRANSPARENTE 6 25 12 25 19 25 25 25 Producto Descripci\u00f3n Ficha PP579 Papel Plastificado Anticorrosivo En Rollos Ver ficha t\u00e9cnica P579 Papel Anticorrosivo En Rollos Ver ficha t\u00e9cnica P579HKG Papel Anticorrosivo En Hojas Ver ficha t\u00e9cnica<\/p>\n","protected":false},"author":3,"featured_media":0,"parent":0,"menu_order":0,"comment_status":"closed","ping_status":"closed","template":"","meta":{"footnotes":""},"class_list":["post-459","page","type-page","status-publish","hentry"],"yoast_head":"<!-- This site is optimized with the Yoast SEO plugin v26.5 - https:\/\/yoast.com\/wordpress\/plugins\/seo\/ -->\n<title>Tabla productos - Castle Global CL<\/title>\n<meta name=\"robots\" content=\"index, follow, max-snippet:-1, max-image-preview:large, max-video-preview:-1\" \/>\n<link rel=\"canonical\" href=\"https:\/\/castle-global.com\/cl\/tabla-productos\/\" \/>\n<meta property=\"og:locale\" content=\"es_ES\" \/>\n<meta property=\"og:type\" content=\"article\" \/>\n<meta property=\"og:title\" content=\"Tabla productos - Castle Global CL\" \/>\n<meta property=\"og:description\" content=\"C\u00f3digo Color Ancho (mm) Largo (mts) 7055 TRANSPARENTE 6 25 12 25 19 25 25 25 7063 TRANSPARENTE 6 25 12 25 19 25 25 25 Producto Descripci\u00f3n Ficha PP579 Papel Plastificado Anticorrosivo En Rollos Ver ficha t\u00e9cnica P579 Papel Anticorrosivo En Rollos Ver ficha t\u00e9cnica P579HKG Papel Anticorrosivo En Hojas Ver ficha t\u00e9cnica\" \/>\n<meta property=\"og:url\" content=\"https:\/\/castle-global.com\/cl\/tabla-productos\/\" \/>\n<meta property=\"og:site_name\" content=\"Castle Global CL\" \/>\n<meta property=\"article:modified_time\" content=\"2024-11-14T03:25:30+00:00\" \/>\n<meta name=\"twitter:card\" content=\"summary_large_image\" \/>\n<script type=\"application\/ld+json\" class=\"yoast-schema-graph\">{\"@context\":\"https:\/\/schema.org\",\"@graph\":[{\"@type\":\"WebPage\",\"@id\":\"https:\/\/castle-global.com\/cl\/tabla-productos\/\",\"url\":\"https:\/\/castle-global.com\/cl\/tabla-productos\/\",\"name\":\"Tabla productos - Castle Global CL\",\"isPartOf\":{\"@id\":\"https:\/\/castle-global.com\/cl\/#website\"},\"datePublished\":\"2024-11-11T13:11:21+00:00\",\"dateModified\":\"2024-11-14T03:25:30+00:00\",\"breadcrumb\":{\"@id\":\"https:\/\/castle-global.com\/cl\/tabla-productos\/#breadcrumb\"},\"inLanguage\":\"es-AR\",\"potentialAction\":[{\"@type\":\"ReadAction\",\"target\":[\"https:\/\/castle-global.com\/cl\/tabla-productos\/\"]}]},{\"@type\":\"BreadcrumbList\",\"@id\":\"https:\/\/castle-global.com\/cl\/tabla-productos\/#breadcrumb\",\"itemListElement\":[{\"@type\":\"ListItem\",\"position\":1,\"name\":\"Inicio\",\"item\":\"https:\/\/castle-global.com\/cl\/\"},{\"@type\":\"ListItem\",\"position\":2,\"name\":\"Tabla productos\"}]},{\"@type\":\"WebSite\",\"@id\":\"https:\/\/castle-global.com\/cl\/#website\",\"url\":\"https:\/\/castle-global.com\/cl\/\",\"name\":\"Castle Global CL\",\"description\":\"Soluciones de embalaje\",\"potentialAction\":[{\"@type\":\"SearchAction\",\"target\":{\"@type\":\"EntryPoint\",\"urlTemplate\":\"https:\/\/castle-global.com\/cl\/?s={search_term_string}\"},\"query-input\":{\"@type\":\"PropertyValueSpecification\",\"valueRequired\":true,\"valueName\":\"search_term_string\"}}],\"inLanguage\":\"es-AR\"}]}<\/script>\n<!-- \/ Yoast SEO plugin. -->","yoast_head_json":{"title":"Tabla productos - Castle Global CL","robots":{"index":"index","follow":"follow","max-snippet":"max-snippet:-1","max-image-preview":"max-image-preview:large","max-video-preview":"max-video-preview:-1"},"canonical":"https:\/\/castle-global.com\/cl\/tabla-productos\/","og_locale":"es_ES","og_type":"article","og_title":"Tabla productos - Castle Global CL","og_description":"C\u00f3digo Color Ancho (mm) Largo (mts) 7055 TRANSPARENTE 6 25 12 25 19 25 25 25 7063 TRANSPARENTE 6 25 12 25 19 25 25 25 Producto Descripci\u00f3n Ficha PP579 Papel Plastificado Anticorrosivo En Rollos Ver ficha t\u00e9cnica P579 Papel Anticorrosivo En Rollos Ver ficha t\u00e9cnica P579HKG Papel Anticorrosivo En Hojas Ver ficha t\u00e9cnica","og_url":"https:\/\/castle-global.com\/cl\/tabla-productos\/","og_site_name":"Castle Global CL","article_modified_time":"2024-11-14T03:25:30+00:00","twitter_card":"summary_large_image","schema":{"@context":"https:\/\/schema.org","@graph":[{"@type":"WebPage","@id":"https:\/\/castle-global.com\/cl\/tabla-productos\/","url":"https:\/\/castle-global.com\/cl\/tabla-productos\/","name":"Tabla productos - Castle Global CL","isPartOf":{"@id":"https:\/\/castle-global.com\/cl\/#website"},"datePublished":"2024-11-11T13:11:21+00:00","dateModified":"2024-11-14T03:25:30+00:00","breadcrumb":{"@id":"https:\/\/castle-global.com\/cl\/tabla-productos\/#breadcrumb"},"inLanguage":"es-AR","potentialAction":[{"@type":"ReadAction","target":["https:\/\/castle-global.com\/cl\/tabla-productos\/"]}]},{"@type":"BreadcrumbList","@id":"https:\/\/castle-global.com\/cl\/tabla-productos\/#breadcrumb","itemListElement":[{"@type":"ListItem","position":1,"name":"Inicio","item":"https:\/\/castle-global.com\/cl\/"},{"@type":"ListItem","position":2,"name":"Tabla productos"}]},{"@type":"WebSite","@id":"https:\/\/castle-global.com\/cl\/#website","url":"https:\/\/castle-global.com\/cl\/","name":"Castle Global CL","description":"Soluciones de embalaje","potentialAction":[{"@type":"SearchAction","target":{"@type":"EntryPoint","urlTemplate":"https:\/\/castle-global.com\/cl\/?s={search_term_string}"},"query-input":{"@type":"PropertyValueSpecification","valueRequired":true,"valueName":"search_term_string"}}],"inLanguage":"es-AR"}]}},"_links":{"self":[{"href":"https:\/\/castle-global.com\/cl\/wp-json\/wp\/v2\/pages\/459","targetHints":{"allow":["GET"]}}],"collection":[{"href":"https:\/\/castle-global.com\/cl\/wp-json\/wp\/v2\/pages"}],"about":[{"href":"https:\/\/castle-global.com\/cl\/wp-json\/wp\/v2\/types\/page"}],"author":[{"embeddable":true,"href":"https:\/\/castle-global.com\/cl\/wp-json\/wp\/v2\/users\/3"}],"replies":[{"embeddable":true,"href":"https:\/\/castle-global.com\/cl\/wp-json\/wp\/v2\/comments?post=459"}],"version-history":[{"count":10,"href":"https:\/\/castle-global.com\/cl\/wp-json\/wp\/v2\/pages\/459\/revisions"}],"predecessor-version":[{"id":668,"href":"https:\/\/castle-global.com\/cl\/wp-json\/wp\/v2\/pages\/459\/revisions\/668"}],"wp:attachment":[{"href":"https:\/\/castle-global.com\/cl\/wp-json\/wp\/v2\/media?parent=459"}],"curies":[{"name":"wp","href":"https:\/\/api.w.org\/{rel}","templated":true}]}}